{"id":1845,"date":"2026-02-28T10:04:23","date_gmt":"2026-02-28T13:04:23","guid":{"rendered":"https:\/\/demo.bit4u.co.ao\/?page_id=1845"},"modified":"2026-03-17T21:26:57","modified_gmt":"2026-03-18T00:26:57","slug":"parceiros","status":"publish","type":"page","link":"https:\/\/bit4u.co.ao\/pt\/parceiros\/","title":{"rendered":"Parceiros"},"content":{"rendered":"<div data-elementor-type=\"wp-page\" data-elementor-id=\"1845\" class=\"elementor elementor-1845\">\n\t\t\t\t<div class=\"elementor-element elementor-element-d43f18a e-flex e-con-boxed e-con e-parent\" data-id=\"d43f18a\" data-element_type=\"container\">\n\t\t\t\t\t<div class=\"e-con-inner\">\n\t\t\t\t<div class=\"elementor-element elementor-element-ad6c952 elementor-widget-divider--view-line elementor-widget elementor-widget-divider\" data-id=\"ad6c952\" data-element_type=\"widget\" data-widget_type=\"divider.default\">\n\t\t\t\t\t\t\t<div class=\"elementor-divider\">\n\t\t\t<span class=\"elementor-divider-separator\">\n\t\t\t\t\t\t<\/span>\n\t\t<\/div>\n\t\t\t\t\t\t<\/div>\n\t\t\t\t\t<\/div>\n\t\t\t\t<\/div>\n\t\t<div class=\"elementor-element elementor-element-4bb21d9 e-flex e-con-boxed e-con e-parent\" data-id=\"4bb21d9\" data-element_type=\"container\">\n\t\t\t\t\t<div class=\"e-con-inner\">\n\t\t\t\t<div class=\"elementor-element elementor-element-e274195 elementor-widget__width-initial elementor-widget elementor-widget-heading\" data-id=\"e274195\" data-element_type=\"widget\" data-widget_type=\"heading.default\">\n\t\t\t\t\t<h2 class=\"elementor-heading-title elementor-size-default\">Cegid Partner Gold<\/h2>\t\t\t\t<\/div>\n\t\t\t\t\t<\/div>\n\t\t\t\t<\/div>\n\t\t<div class=\"elementor-element elementor-element-ce04046 e-flex e-con-boxed e-con e-parent\" data-id=\"ce04046\" data-element_type=\"container\">\n\t\t\t\t\t<div class=\"e-con-inner\">\n\t\t\t\t\t<\/div>\n\t\t\t\t<\/div>\n\t\t<div class=\"elementor-element elementor-element-6d005ff e-flex e-con-boxed e-con e-parent\" data-id=\"6d005ff\" data-element_type=\"container\">\n\t\t\t\t\t<div class=\"e-con-inner\">\n\t\t<div class=\"elementor-element elementor-element-8da36fb e-con-full e-flex e-con e-child\" data-id=\"8da36fb\" data-element_type=\"container\">\n\t\t\t\t<div class=\"elementor-element elementor-element-28245d4 elementor-widget elementor-widget-text-editor\" data-id=\"28245d4\" data-element_type=\"widget\" data-widget_type=\"text-editor.default\">\n\t\t\t\t\t\t\t\t\t<p>A\u00a0<strong>BIT4U<\/strong>\u00a0\u00e9\u00a0<strong>Cegid Partner Gold<\/strong>, consolidando uma rela\u00e7\u00e3o s\u00f3lida e estrat\u00e9gica com mais de\u00a0<strong>12 anos de parceria cont\u00ednua<\/strong>. Este reconhecimento reflete n\u00e3o apenas o elevado n\u00edvel de compet\u00eancia t\u00e9cnica da nossa equipa, mas tamb\u00e9m o compromisso permanente com a excel\u00eancia na implementa\u00e7\u00e3o e suporte das solu\u00e7\u00f5es Cegid.<\/p><p>Com uma forte presen\u00e7a e experi\u00eancia comprovada no mercado de\u00a0<strong>Angola<\/strong>, a BIT4U tem liderado projetos de implementa\u00e7\u00e3o em empresas de diferentes dimens\u00f5es e setores de atividade. Atuamos com especial destaque nos segmentos de\u00a0<strong>Servi\u00e7os, Distribui\u00e7\u00e3o,Logistica,Industria e Oil and Gas<\/strong>, onde desenvolvemos solu\u00e7\u00f5es ajustadas \u00e0s especificidades operacionais, fiscais e estrat\u00e9gicas de cada organiza\u00e7\u00e3o.<\/p><p>Ao longo dos anos, temos apoiado os nossos clientes na otimiza\u00e7\u00e3o de processos, transforma\u00e7\u00e3o digital e melhoria da efici\u00eancia operacional, garantindo implementa\u00e7\u00f5es estruturadas, suporte especializado e acompanhamento cont\u00ednuo.<\/p><p>A nossa experi\u00eancia no contexto empresarial angolano, aliada ao estatuto Gold junto da Cegid, posiciona a BIT4U como um parceiro de confian\u00e7a para organiza\u00e7\u00f5es que procuram inova\u00e7\u00e3o, robustez tecnol\u00f3gica e resultados sustent\u00e1veis.<\/p>\t\t\t\t\t\t\t\t<\/div>\n\t\t\t\t<\/div>\n\t\t<div class=\"elementor-element elementor-element-1952e25 e-con-full e-flex e-con e-child\" data-id=\"1952e25\" data-element_type=\"container\">\n\t\t<div class=\"elementor-element elementor-element-f26a575 e-con-full e-flex e-con e-child\" data-id=\"f26a575\" data-element_type=\"container\">\n\t\t\t\t<div class=\"elementor-element elementor-element-bd416c2 elementor-widget elementor-widget-image\" data-id=\"bd416c2\" data-element_type=\"widget\" data-widget_type=\"image.default\">\n\t\t\t\t\t\t\t\t\t\t\t\t\t\t\t<img fetchpriority=\"high\" decoding=\"async\" width=\"1024\" height=\"380\" src=\"https:\/\/bit4u.co.ao\/wp-content\/uploads\/2026\/02\/WhatsApp-Image-2026-01-15-at-11.29.45-1024x380.jpeg\" class=\"attachment-large size-large wp-image-1626\" alt=\"\" srcset=\"https:\/\/bit4u.co.ao\/wp-content\/uploads\/2026\/02\/WhatsApp-Image-2026-01-15-at-11.29.45-1024x380.jpeg 1024w, https:\/\/bit4u.co.ao\/wp-content\/uploads\/2026\/02\/WhatsApp-Image-2026-01-15-at-11.29.45-300x111.jpeg 300w, https:\/\/bit4u.co.ao\/wp-content\/uploads\/2026\/02\/WhatsApp-Image-2026-01-15-at-11.29.45-768x285.jpeg 768w, https:\/\/bit4u.co.ao\/wp-content\/uploads\/2026\/02\/WhatsApp-Image-2026-01-15-at-11.29.45-1536x570.jpeg 1536w, https:\/\/bit4u.co.ao\/wp-content\/uploads\/2026\/02\/WhatsApp-Image-2026-01-15-at-11.29.45-18x7.jpeg 18w, https:\/\/bit4u.co.ao\/wp-content\/uploads\/2026\/02\/WhatsApp-Image-2026-01-15-at-11.29.45.jpeg 1589w\" sizes=\"(max-width: 1024px) 100vw, 1024px\" \/>\t\t\t\t\t\t\t\t\t\t\t\t\t\t\t<\/div>\n\t\t\t\t<\/div>\n\t\t<div class=\"elementor-element elementor-element-b3ac55c e-con-full e-flex e-con e-child\" data-id=\"b3ac55c\" data-element_type=\"container\">\n\t\t\t\t<div class=\"elementor-element elementor-element-8abaa08 elementor-widget elementor-widget-text-editor\" data-id=\"8abaa08\" data-element_type=\"widget\" data-widget_type=\"text-editor.default\">\n\t\t\t\t\t\t\t\t\t<p>A\u00a0<strong>BIT4U<\/strong>\u00a0\u00e9\u00a0<strong>Parceiro Distribuidor da Cegid<\/strong>\u00a0em Angola, assumindo um papel estrat\u00e9gico na promo\u00e7\u00e3o, comercializa\u00e7\u00e3o e implementa\u00e7\u00e3o das suas solu\u00e7\u00f5es no mercado nacional.<\/p><p>No \u00e2mbito desta parceria, a BIT4U det\u00e9m a compet\u00eancia e responsabilidade de gerir e acompanhar a rede de\u00a0<strong>Cegid Authorized Partners (CAP)<\/strong>, assegurando o cumprimento dos padr\u00f5es de qualidade, boas pr\u00e1ticas t\u00e9cnicas e diretrizes definidas pela Cegid. Esta responsabilidade inclui o apoio t\u00e9cnico e funcional, a capacita\u00e7\u00e3o cont\u00ednua dos parceiros e o acompanhamento dos projetos<\/p>\t\t\t\t\t\t\t\t<\/div>\n\t\t\t\t<div class=\"elementor-element elementor-element-3c3a10a elementor-widget elementor-widget-spacer\" data-id=\"3c3a10a\" data-element_type=\"widget\" data-widget_type=\"spacer.default\">\n\t\t\t\t\t\t\t<div class=\"elementor-spacer\">\n\t\t\t<div class=\"elementor-spacer-inner\"><\/div>\n\t\t<\/div>\n\t\t\t\t\t\t<\/div>\n\t\t\t\t<div class=\"elementor-element elementor-element-22b9dc3 elementor-widget elementor-widget-button\" data-id=\"22b9dc3\" data-element_type=\"widget\" data-widget_type=\"button.default\">\n\t\t\t\t\t\t\t\t\t\t<a class=\"elementor-button elementor-button-link elementor-size-sm\" href=\"https:\/\/bit4u.co.ao\/wp-content\/uploads\/PARCERIAS\/PARCERIASBIT4U2026.pdf\" target=\"_blank\">\n\t\t\t\t\t\t<span class=\"elementor-button-content-wrapper\">\n\t\t\t\t\t\t\t\t\t<span class=\"elementor-button-text\">Ver Brochura<\/span>\n\t\t\t\t\t<\/span>\n\t\t\t\t\t<\/a>\n\t\t\t\t\t\t\t\t<\/div>\n\t\t\t\t<div class=\"elementor-element elementor-element-b4c3062 elementor-align-left elementor-widget elementor-widget-button\" data-id=\"b4c3062\" data-element_type=\"widget\" data-widget_type=\"button.default\">\n\t\t\t\t\t\t\t\t\t\t<a class=\"elementor-button elementor-button-link elementor-size-sm\" href=\"https:\/\/bit4u.co.ao\/pt\/formulario-de-parceria\/\">\n\t\t\t\t\t\t<span class=\"elementor-button-content-wrapper\">\n\t\t\t\t\t\t\t\t\t<span class=\"elementor-button-text\">Quero ser Parceiro <\/span>\n\t\t\t\t\t<\/span>\n\t\t\t\t\t<\/a>\n\t\t\t\t\t\t\t\t<\/div>\n\t\t\t\t<\/div>\n\t\t\t\t<\/div>\n\t\t\t\t\t<\/div>\n\t\t\t\t<\/div>\n\t\t<div class=\"elementor-element elementor-element-61b2425 e-flex e-con-boxed e-con e-parent\" data-id=\"61b2425\" data-element_type=\"container\">\n\t\t\t\t\t<div class=\"e-con-inner\">\n\t\t\t\t<div class=\"elementor-element elementor-element-5d3d2ec elementor-widget elementor-widget-spacer\" data-id=\"5d3d2ec\" data-element_type=\"widget\" data-widget_type=\"spacer.default\">\n\t\t\t\t\t\t\t<div class=\"elementor-spacer\">\n\t\t\t<div class=\"elementor-spacer-inner\"><\/div>\n\t\t<\/div>\n\t\t\t\t\t\t<\/div>\n\t\t\t\t<div class=\"elementor-element elementor-element-38a3d3e elementor-widget elementor-widget-image\" data-id=\"38a3d3e\" data-element_type=\"widget\" data-widget_type=\"image.default\">\n\t\t\t\t\t\t\t\t\t\t\t\t\t\t\t<img decoding=\"async\" width=\"438\" height=\"51\" src=\"https:\/\/bit4u.co.ao\/wp-content\/uploads\/2025\/12\/logo-MZRU0iPlzHk2_Ndkut0fDw.png\" class=\"attachment-large size-large wp-image-1526\" alt=\"\" srcset=\"https:\/\/bit4u.co.ao\/wp-content\/uploads\/2025\/12\/logo-MZRU0iPlzHk2_Ndkut0fDw.png 438w, https:\/\/bit4u.co.ao\/wp-content\/uploads\/2025\/12\/logo-MZRU0iPlzHk2_Ndkut0fDw-300x35.png 300w\" sizes=\"(max-width: 438px) 100vw, 438px\" \/>\t\t\t\t\t\t\t\t\t\t\t\t\t\t\t<\/div>\n\t\t\t\t<div class=\"elementor-element elementor-element-308de23 elementor-widget elementor-widget-spacer\" data-id=\"308de23\" data-element_type=\"widget\" data-widget_type=\"spacer.default\">\n\t\t\t\t\t\t\t<div class=\"elementor-spacer\">\n\t\t\t<div class=\"elementor-spacer-inner\"><\/div>\n\t\t<\/div>\n\t\t\t\t\t\t<\/div>\n\t\t\t\t\t<\/div>\n\t\t\t\t<\/div>\n\t\t<div class=\"elementor-element elementor-element-b0947ba e-flex e-con-boxed e-con e-parent\" data-id=\"b0947ba\" data-element_type=\"container\">\n\t\t\t\t\t<div class=\"e-con-inner\">\n\t\t\t\t<div class=\"elementor-element elementor-element-fab1c87 elementor-widget elementor-widget-text-editor\" data-id=\"fab1c87\" data-element_type=\"widget\" data-widget_type=\"text-editor.default\">\n\t\t\t\t\t\t\t\t\t<p>A\u00a0<strong>BIT4U<\/strong>\u00a0\u00e9 parceira da\u00a0<strong>Moving2U<\/strong>\u00a0na implementa\u00e7\u00e3o das suas solu\u00e7\u00f5es tecnol\u00f3gicas no mercado angolano.<\/p><p>Enquanto parceiro de implementa\u00e7\u00e3o, a BIT4U assegura a adapta\u00e7\u00e3o, parametriza\u00e7\u00e3o e integra\u00e7\u00e3o das solu\u00e7\u00f5es Moving2U \u00e0s necessidades espec\u00edficas de cada cliente em Angola. Com experi\u00eancia consolidada no mercado local, a BIT4U garante um acompanhamento pr\u00f3ximo, suporte t\u00e9cnico especializado e uma implementa\u00e7\u00e3o alinhada com a realidade operacional das empresas.<\/p><p>Esta colabora\u00e7\u00e3o permite disponibilizar ao mercado solu\u00e7\u00f5es robustas e ajustadas, contribuindo para a transforma\u00e7\u00e3o digital e moderniza\u00e7\u00e3o dos processos empresariais.<\/p>\t\t\t\t\t\t\t\t<\/div>\n\t\t\t\t\t<\/div>\n\t\t\t\t<\/div>\n\t\t<div class=\"elementor-element elementor-element-bbe06aa e-flex e-con-boxed e-con e-parent\" data-id=\"bbe06aa\" data-element_type=\"container\">\n\t\t\t\t\t<div class=\"e-con-inner\">\n\t\t\t\t<div class=\"elementor-element elementor-element-9a8b571 elementor-widget elementor-widget-image\" data-id=\"9a8b571\" data-element_type=\"widget\" data-widget_type=\"image.default\">\n\t\t\t\t\t\t\t\t\t\t\t\t\t\t\t<img decoding=\"async\" width=\"500\" height=\"500\" src=\"https:\/\/bit4u.co.ao\/wp-content\/uploads\/2026\/03\/1.svg\" class=\"attachment-large size-large wp-image-1884\" alt=\"\" \/>\t\t\t\t\t\t\t\t\t\t\t\t\t\t\t<\/div>\n\t\t\t\t<div class=\"elementor-element elementor-element-0349b5d elementor-widget elementor-widget-text-editor\" data-id=\"0349b5d\" data-element_type=\"widget\" data-widget_type=\"text-editor.default\">\n\t\t\t\t\t\t\t\t\t<p>A\u00a0<strong>BIT4U<\/strong>\u00a0colabora diretamente com a\u00a0<strong>FILEDOC <\/strong>na\u00a0<strong>implementa\u00e7\u00e3o das suas solu\u00e7\u00f5es de gest\u00e3o documental e workflow<\/strong>\u00a0no mercado angolano.<\/p><p>Enquanto parceiro de implementa\u00e7\u00e3o, a BIT4U integra e configura as solu\u00e7\u00f5es FileDoc de acordo com as necessidades espec\u00edficas de cada cliente em Angola, acompanhando todo o processo \u2014 desde o diagn\u00f3stico inicial, passando pela adapta\u00e7\u00e3o funcional e t\u00e9cnica, at\u00e9 ao suporte p\u00f3s-implementa\u00e7\u00e3o. A nossa experi\u00eancia no mercado local, combinada com a tecnologia de gest\u00e3o documental da FileDoc, permite oferecer solu\u00e7\u00f5es que\u00a0<strong>melhoram a efici\u00eancia operacional, promovem a digitaliza\u00e7\u00e3o de processos e fortalecem o controlo da informa\u00e7\u00e3o nas organiza\u00e7\u00f5es<\/strong>.<\/p><p>Esta parceria estrat\u00e9gica refor\u00e7a o compromisso da BIT4U em disponibilizar tecnologias avan\u00e7adas e ajustadas \u00e0 realidade dos nossos clientes, contribuindo para uma gest\u00e3o mais inteligente e produtiva dos seus activos informacionais.<\/p>\t\t\t\t\t\t\t\t<\/div>\n\t\t\t\t\t<\/div>\n\t\t\t\t<\/div>\n\t\t<div class=\"elementor-element elementor-element-27f4210 e-flex e-con-boxed e-con e-parent\" data-id=\"27f4210\" data-element_type=\"container\">\n\t\t\t\t\t<div class=\"e-con-inner\">\n\t\t\t\t<div class=\"elementor-element elementor-element-ba3827b elementor-widget elementor-widget-spacer\" data-id=\"ba3827b\" data-element_type=\"widget\" data-widget_type=\"spacer.default\">\n\t\t\t\t\t\t\t<div class=\"elementor-spacer\">\n\t\t\t<div class=\"elementor-spacer-inner\"><\/div>\n\t\t<\/div>\n\t\t\t\t\t\t<\/div>\n\t\t\t\t\t<\/div>\n\t\t\t\t<\/div>\n\t\t<div class=\"elementor-element elementor-element-8bec4f2 e-flex e-con-boxed e-con e-parent\" data-id=\"8bec4f2\" data-element_type=\"container\">\n\t\t\t\t\t<div class=\"e-con-inner\">\n\t\t\t\t<div class=\"elementor-element elementor-element-8db4ab6 elementor-widget elementor-widget-image\" data-id=\"8db4ab6\" data-element_type=\"widget\" data-widget_type=\"image.default\">\n\t\t\t\t\t\t\t\t\t\t\t\t\t\t\t<img loading=\"lazy\" decoding=\"async\" width=\"300\" height=\"182\" src=\"https:\/\/bit4u.co.ao\/wp-content\/uploads\/2026\/03\/Captura-de-ecra-2026-03-12-as-00.30.09-300x182.png\" class=\"attachment-medium size-medium wp-image-2143\" alt=\"\" srcset=\"https:\/\/bit4u.co.ao\/wp-content\/uploads\/2026\/03\/Captura-de-ecra-2026-03-12-as-00.30.09-300x182.png 300w, https:\/\/bit4u.co.ao\/wp-content\/uploads\/2026\/03\/Captura-de-ecra-2026-03-12-as-00.30.09-18x12.png 18w, https:\/\/bit4u.co.ao\/wp-content\/uploads\/2026\/03\/Captura-de-ecra-2026-03-12-as-00.30.09.png 456w\" sizes=\"(max-width: 300px) 100vw, 300px\" \/>\t\t\t\t\t\t\t\t\t\t\t\t\t\t\t<\/div>\n\t\t\t\t\t<\/div>\n\t\t\t\t<\/div>\n\t\t<div class=\"elementor-element elementor-element-1ae9d70 e-flex e-con-boxed e-con e-parent\" data-id=\"1ae9d70\" data-element_type=\"container\">\n\t\t\t\t\t<div class=\"e-con-inner\">\n\t\t<div class=\"elementor-element elementor-element-2ec5cfe e-con-full e-flex e-con e-child\" data-id=\"2ec5cfe\" data-element_type=\"container\">\n\t\t\t\t<div class=\"elementor-element elementor-element-11597e7 elementor-widget elementor-widget-image\" data-id=\"11597e7\" data-element_type=\"widget\" data-widget_type=\"image.default\">\n\t\t\t\t\t\t\t\t\t\t\t\t\t\t\t<img loading=\"lazy\" decoding=\"async\" width=\"1024\" height=\"591\" src=\"https:\/\/bit4u.co.ao\/wp-content\/uploads\/2026\/03\/c2_3943084A07524572AB3DB549E780FFB7-1024x591.jpg\" class=\"attachment-large size-large wp-image-2142\" alt=\"\" srcset=\"https:\/\/bit4u.co.ao\/wp-content\/uploads\/2026\/03\/c2_3943084A07524572AB3DB549E780FFB7-1024x591.jpg 1024w, https:\/\/bit4u.co.ao\/wp-content\/uploads\/2026\/03\/c2_3943084A07524572AB3DB549E780FFB7-300x173.jpg 300w, https:\/\/bit4u.co.ao\/wp-content\/uploads\/2026\/03\/c2_3943084A07524572AB3DB549E780FFB7-768x443.jpg 768w, https:\/\/bit4u.co.ao\/wp-content\/uploads\/2026\/03\/c2_3943084A07524572AB3DB549E780FFB7-1536x886.jpg 1536w, https:\/\/bit4u.co.ao\/wp-content\/uploads\/2026\/03\/c2_3943084A07524572AB3DB549E780FFB7-2048x1182.jpg 2048w, https:\/\/bit4u.co.ao\/wp-content\/uploads\/2026\/03\/c2_3943084A07524572AB3DB549E780FFB7-18x10.jpg 18w\" sizes=\"(max-width: 1024px) 100vw, 1024px\" \/>\t\t\t\t\t\t\t\t\t\t\t\t\t\t\t<\/div>\n\t\t\t\t<\/div>\n\t\t<div class=\"elementor-element elementor-element-bce796e e-con-full e-flex e-con e-child\" data-id=\"bce796e\" data-element_type=\"container\">\n\t\t\t\t<div class=\"elementor-element elementor-element-42730e5 elementor-widget elementor-widget-text-editor\" data-id=\"42730e5\" data-element_type=\"widget\" data-widget_type=\"text-editor.default\">\n\t\t\t\t\t\t\t\t\t<p>A solu\u00e7\u00e3o\u00a0<strong>iBase Jur\u00eddico<\/strong>\u00a0disponibiliza uma gama de funcionalidades que apoiam a gest\u00e3o integral dos escrit\u00f3rios e d\u00e3o suporte a todo o percurso que um processo judicial ou extrajudicial pode seguir.<\/p><p>Possibilita a integra\u00e7\u00e3o de informa\u00e7\u00f5es provenientes de outras entidades externas intervenientes nos processos e aplica recursos de automatiza\u00e7\u00e3o que proporcionam ganhos significativos em produtividade e controlo.<\/p><p>Para al\u00e9m de evoluir continuamente, apresenta uma interface intuitiva e facilitada, sobre um ambiente seguro e com disponibilidade 24&#215;7 na nuvem, sem a necessidade de investimentos na aquisi\u00e7\u00e3o de equipamentos e VPNs.<\/p>\t\t\t\t\t\t\t\t<\/div>\n\t\t\t\t<\/div>\n\t\t\t\t\t<\/div>\n\t\t\t\t<\/div>\n\t\t<div class=\"elementor-element elementor-element-f287ecc e-flex e-con-boxed e-con e-parent\" data-id=\"f287ecc\" data-element_type=\"container\">\n\t\t\t\t\t<div class=\"e-con-inner\">\n\t\t\t\t<div class=\"elementor-element elementor-element-156ca73 elementor-widget elementor-widget-spacer\" data-id=\"156ca73\" data-element_type=\"widget\" data-widget_type=\"spacer.default\">\n\t\t\t\t\t\t\t<div class=\"elementor-spacer\">\n\t\t\t<div class=\"elementor-spacer-inner\"><\/div>\n\t\t<\/div>\n\t\t\t\t\t\t<\/div>\n\t\t\t\t\t<\/div>\n\t\t\t\t<\/div>\n\t\t<div class=\"elementor-element elementor-element-1526d92 e-flex e-con-boxed e-con e-parent\" data-id=\"1526d92\" data-element_type=\"container\">\n\t\t\t\t\t<div class=\"e-con-inner\">\n\t\t\t\t<div class=\"elementor-element elementor-element-31e4c03 elementor-widget elementor-widget-iclogos\" data-id=\"31e4c03\" data-element_type=\"widget\" data-widget_type=\"iclogos.default\">\n\t\t\t\t<div class=\"elementor-widget-container\">\n\t\t\t\t\t\t\t\r\n\t\t<div class=\"logos-carousel\" data-loop=\"true\" data-auto=\"true\" data-time=\"7000\" data-arrows=\"false\" data-dots=\"false\" data-show=\"6\" data-tshow=\"4\" data-mshow=\"\" data-gaps=\"97\" data-tgaps=\"\" data-mgaps=\"\">\r\n\t\t\t<div class=\"owl-carousel owl-theme\">\r\n\t\t        <a href=\"#\"><figure><img decoding=\"async\" src=\"https:\/\/bit4u.co.ao\/wp-content\/uploads\/2025\/12\/FORTINET-oKxnzAA83uCj3L1NUNlj2Q.png\" alt=\"\"><\/figure><\/a><a href=\"#\"><figure><img decoding=\"async\" src=\"https:\/\/bit4u.co.ao\/wp-content\/uploads\/2025\/12\/logo-MZRU0iPlzHk2_Ndkut0fDw.png\" alt=\"\"><\/figure><\/a><a href=\"#\"><figure><img decoding=\"async\" src=\"https:\/\/bit4u.co.ao\/wp-content\/uploads\/2025\/12\/ibase1-JEt-_tUoceY-2S2VXLw-hA.png\" alt=\"\"><\/figure><\/a><a href=\"#\"><figure><img decoding=\"async\" src=\"https:\/\/bit4u.co.ao\/wp-content\/uploads\/2025\/12\/netlogia-vV13ZFjo7H7mKjfFoR-5Fg.png\" alt=\"\"><\/figure><\/a><a href=\"#\"><figure><img decoding=\"async\" src=\"https:\/\/bit4u.co.ao\/wp-content\/uploads\/2026\/02\/WhatsApp-Image-2026-01-15-at-11.29.45-1024x380.jpeg\" alt=\"\"><\/figure><\/a><a href=\"#\"><figure><img decoding=\"async\" src=\"https:\/\/bit4u.co.ao\/wp-content\/uploads\/2025\/12\/VeeAM-jLqX6wpqY3n8uBQ2VBB_zA.png\" alt=\"\"><\/figure><\/a>\t\t    <\/div>\r\n\t    <\/div>\r\n\t\t\t\t\t\t<\/div>\n\t\t\t\t<\/div>\n\t\t\t\t\t<\/div>\n\t\t\t\t<\/div>\n\t\t<div class=\"elementor-element elementor-element-05b1ddc e-flex e-con-boxed e-con e-parent\" data-id=\"05b1ddc\" data-element_type=\"container\">\n\t\t\t\t\t<div class=\"e-con-inner\">\n\t\t\t\t<div class=\"elementor-element elementor-element-ae0484c elementor-widget elementor-widget-spacer\" data-id=\"ae0484c\" data-element_type=\"widget\" data-widget_type=\"spacer.default\">\n\t\t\t\t\t\t\t<div class=\"elementor-spacer\">\n\t\t\t<div class=\"elementor-spacer-inner\"><\/div>\n\t\t<\/div>\n\t\t\t\t\t\t<\/div>\n\t\t\t\t\t<\/div>\n\t\t\t\t<\/div>\n\t\t\t\t<\/div>","protected":false},"excerpt":{"rendered":"<p>Cegid Partner Gold A\u00a0BIT4U\u00a0\u00e9\u00a0Cegid Partner Gold, consolidando uma rela\u00e7\u00e3o s\u00f3lida e estrat\u00e9gica com mais de\u00a012 anos de parceria cont\u00ednua. Este reconhecimento reflete n\u00e3o apenas o elevado n\u00edvel de compet\u00eancia t\u00e9cnica da nossa equipa, mas tamb\u00e9m o compromisso permanente com a excel\u00eancia na implementa\u00e7\u00e3o e suporte das solu\u00e7\u00f5es Cegid. Com uma forte presen\u00e7a e experi\u00eancia comprovada [&hellip;]<\/p>","protected":false},"author":2,"featured_media":1846,"parent":0,"menu_order":0,"comment_status":"closed","ping_status":"closed","template":"","meta":{"footnotes":""},"class_list":["post-1845","page","type-page","status-publish","has-post-thumbnail","hentry"],"_links":{"self":[{"href":"https:\/\/bit4u.co.ao\/pt\/wp-json\/wp\/v2\/pages\/1845","targetHints":{"allow":["GET"]}}],"collection":[{"href":"https:\/\/bit4u.co.ao\/pt\/wp-json\/wp\/v2\/pages"}],"about":[{"href":"https:\/\/bit4u.co.ao\/pt\/wp-json\/wp\/v2\/types\/page"}],"author":[{"embeddable":true,"href":"https:\/\/bit4u.co.ao\/pt\/wp-json\/wp\/v2\/users\/2"}],"replies":[{"embeddable":true,"href":"https:\/\/bit4u.co.ao\/pt\/wp-json\/wp\/v2\/comments?post=1845"}],"version-history":[{"count":52,"href":"https:\/\/bit4u.co.ao\/pt\/wp-json\/wp\/v2\/pages\/1845\/revisions"}],"predecessor-version":[{"id":2275,"href":"https:\/\/bit4u.co.ao\/pt\/wp-json\/wp\/v2\/pages\/1845\/revisions\/2275"}],"wp:featuredmedia":[{"embeddable":true,"href":"https:\/\/bit4u.co.ao\/pt\/wp-json\/wp\/v2\/media\/1846"}],"wp:attachment":[{"href":"https:\/\/bit4u.co.ao\/pt\/wp-json\/wp\/v2\/media?parent=1845"}],"curies":[{"name":"wp","href":"https:\/\/api.w.org\/{rel}","templated":true}]}}