{"id":1970,"date":"2026-03-02T05:02:33","date_gmt":"2026-03-02T08:02:33","guid":{"rendered":"https:\/\/demo.bit4u.co.ao\/?page_id=1970"},"modified":"2026-03-17T21:22:42","modified_gmt":"2026-03-18T00:22:42","slug":"fatura-electronica","status":"publish","type":"page","link":"https:\/\/bit4u.co.ao\/pt\/fatura-electronica\/","title":{"rendered":"Fatura Electronica"},"content":{"rendered":"<div data-elementor-type=\"wp-page\" data-elementor-id=\"1970\" class=\"elementor elementor-1970\">\n\t\t\t\t<div class=\"elementor-element elementor-element-1b9ae28 e-flex e-con-boxed e-con e-parent\" data-id=\"1b9ae28\" data-element_type=\"container\">\n\t\t\t\t\t<div class=\"e-con-inner\">\n\t\t\t\t<div class=\"elementor-element elementor-element-df1aa3c elementor-widget elementor-widget-spacer\" data-id=\"df1aa3c\" data-element_type=\"widget\" data-widget_type=\"spacer.default\">\n\t\t\t\t\t\t\t<div class=\"elementor-spacer\">\n\t\t\t<div class=\"elementor-spacer-inner\"><\/div>\n\t\t<\/div>\n\t\t\t\t\t\t<\/div>\n\t\t\t\t\t<\/div>\n\t\t\t\t<\/div>\n\t\t<div class=\"elementor-element elementor-element-be38fae e-flex e-con-boxed e-con e-parent\" data-id=\"be38fae\" data-element_type=\"container\">\n\t\t\t\t\t<div class=\"e-con-inner\">\n\t\t<div class=\"elementor-element elementor-element-2abe696 e-con-full e-flex e-con e-child\" data-id=\"2abe696\" data-element_type=\"container\">\n\t\t\t\t<div class=\"elementor-element elementor-element-407d561 elementor-widget elementor-widget-image\" data-id=\"407d561\" data-element_type=\"widget\" data-widget_type=\"image.default\">\n\t\t\t\t\t\t\t\t\t\t\t\t\t\t\t<img fetchpriority=\"high\" decoding=\"async\" width=\"1000\" height=\"1000\" src=\"https:\/\/bit4u.co.ao\/wp-content\/uploads\/2026\/02\/image-faturacao-eletronica-fatura-agt-cegid-1.webp\" class=\"attachment-large size-large wp-image-1630\" alt=\"\" srcset=\"https:\/\/bit4u.co.ao\/wp-content\/uploads\/2026\/02\/image-faturacao-eletronica-fatura-agt-cegid-1.webp 1000w, https:\/\/bit4u.co.ao\/wp-content\/uploads\/2026\/02\/image-faturacao-eletronica-fatura-agt-cegid-1-300x300.webp 300w, https:\/\/bit4u.co.ao\/wp-content\/uploads\/2026\/02\/image-faturacao-eletronica-fatura-agt-cegid-1-150x150.webp 150w, https:\/\/bit4u.co.ao\/wp-content\/uploads\/2026\/02\/image-faturacao-eletronica-fatura-agt-cegid-1-768x768.webp 768w, https:\/\/bit4u.co.ao\/wp-content\/uploads\/2026\/02\/image-faturacao-eletronica-fatura-agt-cegid-1-12x12.webp 12w, https:\/\/bit4u.co.ao\/wp-content\/uploads\/2026\/02\/image-faturacao-eletronica-fatura-agt-cegid-1-600x600.webp 600w\" sizes=\"(max-width: 1000px) 100vw, 1000px\" \/>\t\t\t\t\t\t\t\t\t\t\t\t\t\t\t<\/div>\n\t\t\t\t<\/div>\n\t\t<div class=\"elementor-element elementor-element-966fc55 e-con-full e-flex e-con e-child\" data-id=\"966fc55\" data-element_type=\"container\">\n\t\t\t\t<div class=\"elementor-element elementor-element-39462f2 elementor-widget elementor-widget-text-editor\" data-id=\"39462f2\" data-element_type=\"widget\" data-widget_type=\"text-editor.default\">\n\t\t\t\t\t\t\t\t\t<h3>O que \u00e9 a fatura\u00e7\u00e3o eletr\u00f3nica?<\/h3><p>A fatura\u00e7\u00e3o eletr\u00f3nica \u00e9 o processo de emitir, processar, enviar e receber faturas num formato digital em vez de recorrer ao formato impresso.<\/p><p>As faturas eletr\u00f3nicas s\u00e3o emitidas e recebidas por meio de software de fatura\u00e7\u00e3o eletr\u00f3nica validado, sendo pass\u00edveis de transmiss\u00e3o em tempo real \u00e0 Administra\u00e7\u00e3o Geral Tribut\u00e1ria de Angola (AGT). A sua autenticidade e integridade s\u00e3o garantidos atrav\u00e9s da aposi\u00e7\u00e3o de um c\u00f3digo digital definido pela AGT.<\/p><p><strong>A fatura\u00e7\u00e3o eletr\u00f3nica apresenta diversas vantagens tanto para o Estado como para as empresas, entre as quais:<\/strong><\/p><p>\u2022 Maior rapidez de fatura\u00e7\u00e3o e, consequentemente, de recebimentos;<br \/>\u2022 Maior seguran\u00e7a e autenticidade dos dados;<br \/>\u2022 Menor risco de extravio ou fraude;<br \/>\u2022 Integra\u00e7\u00e3o com outros sistemas digitais de contabilidade;<br \/>\u2022 Redu\u00e7\u00e3o dos custos relativos \u00e0 fatura\u00e7\u00e3o (por exemplo, custos de impress\u00e3o de faturas em papel).<\/p>\t\t\t\t\t\t\t\t<\/div>\n\t\t\t\t<\/div>\n\t\t\t\t\t<\/div>\n\t\t\t\t<\/div>\n\t\t<div class=\"elementor-element elementor-element-614afa4 e-flex e-con-boxed e-con e-parent\" data-id=\"614afa4\" data-element_type=\"container\">\n\t\t\t\t\t<div class=\"e-con-inner\">\n\t\t\t\t<div class=\"elementor-element elementor-element-f047940 elementor-widget elementor-widget-spacer\" data-id=\"f047940\" data-element_type=\"widget\" data-widget_type=\"spacer.default\">\n\t\t\t\t\t\t\t<div class=\"elementor-spacer\">\n\t\t\t<div class=\"elementor-spacer-inner\"><\/div>\n\t\t<\/div>\n\t\t\t\t\t\t<\/div>\n\t\t\t\t\t<\/div>\n\t\t\t\t<\/div>\n\t\t<div class=\"elementor-element elementor-element-ef70ff2 e-flex e-con-boxed e-con e-parent\" data-id=\"ef70ff2\" data-element_type=\"container\">\n\t\t\t\t\t<div class=\"e-con-inner\">\n\t\t<div class=\"elementor-element elementor-element-bb0def8 e-con-full e-flex e-con e-child\" data-id=\"bb0def8\" data-element_type=\"container\">\n\t\t\t\t<div class=\"elementor-element elementor-element-6cf9001 elementor-widget elementor-widget-text-editor\" data-id=\"6cf9001\" data-element_type=\"widget\" data-widget_type=\"text-editor.default\">\n\t\t\t\t\t\t\t\t\t<h5><strong>Que sujeitos passivos s\u00e3o obrigados a adotar a fatura\u00e7\u00e3o eletr\u00f3nica?<\/strong><\/h5><p>(aqui<br \/>\u2022 Segundo o Decreto Presidencial n.\u00ba 71\/25 &#8211; Regime Jur\u00eddico das Faturas, est\u00e3o obrigados \u00e0 fatura\u00e7\u00e3o eletr\u00f3nica os contribuintes enquadrados no Regime Geral e Simplificado do IVA. Para outros contribuintes, a ades\u00e3o \u00e0 fatura\u00e7\u00e3o eletr\u00f3nica \u00e9 volunt\u00e1ria e feita enviando um pedido \u00e0 AGT.<\/p>\t\t\t\t\t\t\t\t<\/div>\n\t\t\t\t<\/div>\n\t\t<div class=\"elementor-element elementor-element-b20e412 e-con-full e-flex e-con e-child\" data-id=\"b20e412\" data-element_type=\"container\">\n\t\t\t\t<div class=\"elementor-element elementor-element-431903a elementor-widget elementor-widget-text-editor\" data-id=\"431903a\" data-element_type=\"widget\" data-widget_type=\"text-editor.default\">\n\t\t\t\t\t\t\t\t\t<h5><strong>A partir de quando se aplica a obrigatoriedade e a quem?<\/strong><\/h5><p>A fatura\u00e7\u00e3o electr\u00f3nica entrou em vigor a 1 de Outubro de 2025.<\/p><p>Entre 1 de Outubro e 31 de Dezembro de 2025 decorre um per\u00edodo transit\u00f3rio de adapta\u00e7\u00e3o, durante o qual os contribuintes poder\u00e3o emitir faturas em formato normal (n\u00e3o electr\u00f3nico) e n\u00e3o ser\u00e3o aplicadas penalidades pelo incumprimento de emiss\u00e3o de factura\u00e7\u00e3o electr\u00f3nica. Durante este per\u00edodo a AGT validar\u00e1 e certificar\u00e1 os softwares de factura\u00e7\u00e3o electr\u00f3nica a utilizar.<\/p><p>Conclu\u00edda a fase de adapta\u00e7\u00e3o, a Fatura\u00e7\u00e3o Eletr\u00f3nica obrigat\u00f3ria entrar\u00e1 em vigor de forma faseada:<br \/><strong>\u2022 A partir de 1 de Janeiro de 2026: para os grandes contribuintes e fornecedores do Estado;<\/strong><br \/><strong>\u2022 A partir de 1 de Janeiro de 2027: para todos os sujeitos passivos abrangidos pelos Regimes Geral e Simplificado do IVA.<\/strong><\/p>\t\t\t\t\t\t\t\t<\/div>\n\t\t\t\t<\/div>\n\t\t<div class=\"elementor-element elementor-element-20def99 e-con-full e-flex e-con e-child\" data-id=\"20def99\" data-element_type=\"container\">\n\t\t\t\t<div class=\"elementor-element elementor-element-945f949 elementor-widget elementor-widget-text-editor\" data-id=\"945f949\" data-element_type=\"widget\" data-widget_type=\"text-editor.default\">\n\t\t\t\t\t\t\t\t\t<h5>O que devem as empresas fazer para cumprirem as novas regras?<\/h5><p>De modo a cumprirem a legisla\u00e7\u00e3o que entra em vigor, as empresas devem adotar um sistema de fatura\u00e7\u00e3o por via eletr\u00f3nica e contabilidade que seja validado pela AGT dentro dos prazos explicitados, bem como garantir que os dados s\u00e3o transmitidos eletronicamente \u00e0 AGT.<\/p><p>As empresas devem, tamb\u00e9m, garantir a autenticidade, integridade e legibilidade das faturas emitidas eletronicamente desde o momento da emiss\u00e3o at\u00e9 ao final do per\u00edodo legal do arquivamento.<\/p><p>A entrada em vigor da obrigatoriedade da fatura\u00e7\u00e3o eletr\u00f3nica em Angola est\u00e1 ainda numa fase inicial. No entanto, ap\u00f3s a entrada em vigor da legisla\u00e7\u00e3o t\u00e9cnica, nos primeiros 12 meses, esta ser\u00e1 obrigat\u00f3ria para os grandes contribuintes e, logo ap\u00f3s este prazo, alargada a todos os sujeitos passivos abrangidos pelos Regimes Geral e Simplificado do IVA.<\/p><p>Como tal, as empresas abrangidas por esta obrigatoriedade n\u00e3o devem esperar para come\u00e7ar a sua implementa\u00e7\u00e3o. De forma a garantir a prepara\u00e7\u00e3o a tempo de cumprir a nova legisla\u00e7\u00e3o, \u00e9 importante que comece desde j\u00e1 a decidir o software de fatura\u00e7\u00e3o certo para as necessidades da sua empresa e para cumprir com a lei.<\/p>\t\t\t\t\t\t\t\t<\/div>\n\t\t\t\t<\/div>\n\t\t\t\t\t<\/div>\n\t\t\t\t<\/div>\n\t\t<div class=\"elementor-element elementor-element-33a2fb8 e-flex e-con-boxed e-con e-parent\" data-id=\"33a2fb8\" data-element_type=\"container\">\n\t\t\t\t\t<div class=\"e-con-inner\">\n\t\t\t\t<div class=\"elementor-element elementor-element-a9470f9 elementor-widget elementor-widget-spacer\" data-id=\"a9470f9\" data-element_type=\"widget\" data-widget_type=\"spacer.default\">\n\t\t\t\t\t\t\t<div class=\"elementor-spacer\">\n\t\t\t<div class=\"elementor-spacer-inner\"><\/div>\n\t\t<\/div>\n\t\t\t\t\t\t<\/div>\n\t\t\t\t\t<\/div>\n\t\t\t\t<\/div>\n\t\t<div class=\"elementor-element elementor-element-2fe01c2 e-flex e-con-boxed e-con e-parent\" data-id=\"2fe01c2\" data-element_type=\"container\">\n\t\t\t\t\t<div class=\"e-con-inner\">\n\t\t\t\t<div class=\"elementor-element elementor-element-a57cd26 elementor-widget elementor-widget-image\" data-id=\"a57cd26\" data-element_type=\"widget\" data-widget_type=\"image.default\">\n\t\t\t\t\t\t\t\t\t\t\t\t\t\t\t<img decoding=\"async\" width=\"1024\" height=\"683\" src=\"https:\/\/bit4u.co.ao\/wp-content\/uploads\/2026\/03\/ChatGPT-Image-18-de-mar.-de-2026-01_15_46-1024x683.png\" class=\"attachment-large size-large wp-image-2265\" alt=\"\" srcset=\"https:\/\/bit4u.co.ao\/wp-content\/uploads\/2026\/03\/ChatGPT-Image-18-de-mar.-de-2026-01_15_46-1024x683.png 1024w, https:\/\/bit4u.co.ao\/wp-content\/uploads\/2026\/03\/ChatGPT-Image-18-de-mar.-de-2026-01_15_46-300x200.png 300w, https:\/\/bit4u.co.ao\/wp-content\/uploads\/2026\/03\/ChatGPT-Image-18-de-mar.-de-2026-01_15_46-768x512.png 768w, https:\/\/bit4u.co.ao\/wp-content\/uploads\/2026\/03\/ChatGPT-Image-18-de-mar.-de-2026-01_15_46-18x12.png 18w, https:\/\/bit4u.co.ao\/wp-content\/uploads\/2026\/03\/ChatGPT-Image-18-de-mar.-de-2026-01_15_46-600x400.png 600w, https:\/\/bit4u.co.ao\/wp-content\/uploads\/2026\/03\/ChatGPT-Image-18-de-mar.-de-2026-01_15_46.png 1536w\" sizes=\"(max-width: 1024px) 100vw, 1024px\" \/>\t\t\t\t\t\t\t\t\t\t\t\t\t\t\t<\/div>\n\t\t\t\t\t<\/div>\n\t\t\t\t<\/div>\n\t\t<div class=\"elementor-element elementor-element-0e104a6 e-flex e-con-boxed e-con e-parent\" data-id=\"0e104a6\" data-element_type=\"container\">\n\t\t\t\t\t<div class=\"e-con-inner\">\n\t\t\t\t<div class=\"elementor-element elementor-element-782e79d elementor-widget elementor-widget-spacer\" data-id=\"782e79d\" data-element_type=\"widget\" data-widget_type=\"spacer.default\">\n\t\t\t\t\t\t\t<div class=\"elementor-spacer\">\n\t\t\t<div class=\"elementor-spacer-inner\"><\/div>\n\t\t<\/div>\n\t\t\t\t\t\t<\/div>\n\t\t\t\t\t<\/div>\n\t\t\t\t<\/div>\n\t\t<div class=\"elementor-element elementor-element-4c25354 e-flex e-con-boxed e-con e-parent\" data-id=\"4c25354\" data-element_type=\"container\">\n\t\t\t\t\t<div class=\"e-con-inner\">\n\t\t\t\t<div class=\"elementor-element elementor-element-1c744a6 elementor-widget elementor-widget-image\" data-id=\"1c744a6\" data-element_type=\"widget\" data-widget_type=\"image.default\">\n\t\t\t\t\t\t\t\t\t\t\t\t\t\t\t<img decoding=\"async\" width=\"1024\" height=\"683\" src=\"https:\/\/bit4u.co.ao\/wp-content\/uploads\/2026\/03\/CEGID-E-OTHER-1024x683.png\" class=\"attachment-large size-large wp-image-2266\" alt=\"\" srcset=\"https:\/\/bit4u.co.ao\/wp-content\/uploads\/2026\/03\/CEGID-E-OTHER-1024x683.png 1024w, https:\/\/bit4u.co.ao\/wp-content\/uploads\/2026\/03\/CEGID-E-OTHER-300x200.png 300w, https:\/\/bit4u.co.ao\/wp-content\/uploads\/2026\/03\/CEGID-E-OTHER-768x512.png 768w, https:\/\/bit4u.co.ao\/wp-content\/uploads\/2026\/03\/CEGID-E-OTHER-18x12.png 18w, https:\/\/bit4u.co.ao\/wp-content\/uploads\/2026\/03\/CEGID-E-OTHER-600x400.png 600w, https:\/\/bit4u.co.ao\/wp-content\/uploads\/2026\/03\/CEGID-E-OTHER.png 1536w\" sizes=\"(max-width: 1024px) 100vw, 1024px\" \/>\t\t\t\t\t\t\t\t\t\t\t\t\t\t\t<\/div>\n\t\t\t\t\t<\/div>\n\t\t\t\t<\/div>\n\t\t<div class=\"elementor-element elementor-element-7090241 e-flex e-con-boxed e-con e-parent\" data-id=\"7090241\" data-element_type=\"container\">\n\t\t\t\t\t<div class=\"e-con-inner\">\n\t\t\t\t<div class=\"elementor-element elementor-element-268a0ee elementor-widget elementor-widget-spacer\" data-id=\"268a0ee\" data-element_type=\"widget\" data-widget_type=\"spacer.default\">\n\t\t\t\t\t\t\t<div class=\"elementor-spacer\">\n\t\t\t<div class=\"elementor-spacer-inner\"><\/div>\n\t\t<\/div>\n\t\t\t\t\t\t<\/div>\n\t\t\t\t\t<\/div>\n\t\t\t\t<\/div>\n\t\t\t\t<\/div>","protected":false},"excerpt":{"rendered":"<p>O que \u00e9 a fatura\u00e7\u00e3o eletr\u00f3nica? A fatura\u00e7\u00e3o eletr\u00f3nica \u00e9 o processo de emitir, processar, enviar e receber faturas num formato digital em vez de recorrer ao formato impresso. As faturas eletr\u00f3nicas s\u00e3o emitidas e recebidas por meio de software de fatura\u00e7\u00e3o eletr\u00f3nica validado, sendo pass\u00edveis de transmiss\u00e3o em tempo real \u00e0 Administra\u00e7\u00e3o Geral Tribut\u00e1ria [&hellip;]<\/p>","protected":false},"author":2,"featured_media":0,"parent":0,"menu_order":0,"comment_status":"closed","ping_status":"closed","template":"","meta":{"footnotes":""},"class_list":["post-1970","page","type-page","status-publish","hentry"],"_links":{"self":[{"href":"https:\/\/bit4u.co.ao\/pt\/wp-json\/wp\/v2\/pages\/1970","targetHints":{"allow":["GET"]}}],"collection":[{"href":"https:\/\/bit4u.co.ao\/pt\/wp-json\/wp\/v2\/pages"}],"about":[{"href":"https:\/\/bit4u.co.ao\/pt\/wp-json\/wp\/v2\/types\/page"}],"author":[{"embeddable":true,"href":"https:\/\/bit4u.co.ao\/pt\/wp-json\/wp\/v2\/users\/2"}],"replies":[{"embeddable":true,"href":"https:\/\/bit4u.co.ao\/pt\/wp-json\/wp\/v2\/comments?post=1970"}],"version-history":[{"count":13,"href":"https:\/\/bit4u.co.ao\/pt\/wp-json\/wp\/v2\/pages\/1970\/revisions"}],"predecessor-version":[{"id":2269,"href":"https:\/\/bit4u.co.ao\/pt\/wp-json\/wp\/v2\/pages\/1970\/revisions\/2269"}],"wp:attachment":[{"href":"https:\/\/bit4u.co.ao\/pt\/wp-json\/wp\/v2\/media?parent=1970"}],"curies":[{"name":"wp","href":"https:\/\/api.w.org\/{rel}","templated":true}]}}