{"id":1975,"date":"2026-03-02T05:07:14","date_gmt":"2026-03-02T08:07:14","guid":{"rendered":"https:\/\/demo.bit4u.co.ao\/?page_id=1975"},"modified":"2026-03-11T19:53:16","modified_gmt":"2026-03-11T22:53:16","slug":"formulario-de-parceria","status":"publish","type":"page","link":"https:\/\/bit4u.co.ao\/pt\/formulario-de-parceria\/","title":{"rendered":"Formulario de Parceria"},"content":{"rendered":"<div data-elementor-type=\"wp-page\" data-elementor-id=\"1975\" class=\"elementor elementor-1975\">\n\t\t\t\t<div class=\"elementor-element elementor-element-2062af24 e-flex e-con-boxed e-con e-parent\" data-id=\"2062af24\" data-element_type=\"container\">\n\t\t\t\t\t<div class=\"e-con-inner\">\n\t\t\t\t<div class=\"elementor-element elementor-element-c6246b8 elementor-widget elementor-widget-spacer\" data-id=\"c6246b8\" data-element_type=\"widget\" data-widget_type=\"spacer.default\">\n\t\t\t\t\t\t\t<div class=\"elementor-spacer\">\n\t\t\t<div class=\"elementor-spacer-inner\"><\/div>\n\t\t<\/div>\n\t\t\t\t\t\t<\/div>\n\t\t\t\t\t<\/div>\n\t\t\t\t<\/div>\n\t\t<div class=\"elementor-element elementor-element-3c445dc e-flex e-con-boxed e-con e-parent\" data-id=\"3c445dc\" data-element_type=\"container\">\n\t\t\t\t\t<div class=\"e-con-inner\">\n\t\t\t\t<div class=\"elementor-element elementor-element-2b139ca elementor-widget elementor-widget-text-editor\" data-id=\"2b139ca\" data-element_type=\"widget\" data-widget_type=\"text-editor.default\">\n\t\t\t\t\t\t\t\t\t<p>\n<div class=\"wpcf7 no-js\" id=\"wpcf7-f2032-o1\" lang=\"pt-BR\" dir=\"ltr\" data-wpcf7-id=\"2032\">\n<div class=\"screen-reader-response\"><p role=\"status\" aria-live=\"polite\" aria-atomic=\"true\"><\/p> <ul><\/ul><\/div>\n<form action=\"\/pt\/wp-json\/wp\/v2\/pages\/1975#wpcf7-f2032-o1\" method=\"post\" class=\"wpcf7-form init\" aria-label=\"Formul\u00e1rios de contato\" novalidate=\"novalidate\" data-status=\"init\" data-trp-original-action=\"\/pt\/wp-json\/wp\/v2\/pages\/1975#wpcf7-f2032-o1\">\n<fieldset class=\"hidden-fields-container\"><input type=\"hidden\" name=\"_wpcf7\" value=\"2032\" \/><input type=\"hidden\" name=\"_wpcf7_version\" value=\"6.1.5\" \/><input type=\"hidden\" name=\"_wpcf7_locale\" value=\"pt_BR\" \/><input type=\"hidden\" name=\"_wpcf7_unit_tag\" value=\"wpcf7-f2032-o1\" \/><input type=\"hidden\" name=\"_wpcf7_container_post\" value=\"0\" \/><input type=\"hidden\" name=\"_wpcf7_posted_data_hash\" value=\"\" \/>\n<\/fieldset>\n<style>\n.form-row{\ndisplay:flex;\ngap:20px;\nmargin-bottom:15px;\n}\n\n.form-col{\nflex:1;\ndisplay:flex;\nflex-direction:column;\n}\n\n.form-col input,\n.form-col textarea{\nwidth:100%;\npadding:10px;\nborder:1px solid #ccc;\nborder-radius:5px;\n}\n\nh3{\nmargin-top:30px;\nmargin-bottom:10px;\n}\n\ninput[type=\"submit\"]{\nbackground:#00A859;\ncolor:white;\nborder:none;\npadding:12px 25px;\nborder-radius:5px;\ncursor:pointer;\nfont-size:16px;\n}\n\ninput[type=\"submit\"]:hover{\nbackground:#008f4c;\n}\n<\/style>\n<h3>Informa\u00e7\u00f5es de Contacto\n<\/h3>\n<div class=\"form-row\">\n\t<div class=\"form-col\">\n\t\t<p><label>Seu nome<br \/>\n<span class=\"wpcf7-form-control-wrap\" data-name=\"your-name\"><input size=\"40\" maxlength=\"400\" class=\"wpcf7-form-control wpcf7-text wpcf7-validates-as-required\" autocomplete=\"name\" aria-required=\"true\" aria-invalid=\"false\" value=\"\" type=\"text\" name=\"your-name\" \/><\/span><br \/>\n<\/label>\n\t\t<\/p>\n\t<\/div>\n\t<div class=\"form-col\">\n\t\t<p><label>Seu e-mail<br \/>\n<span class=\"wpcf7-form-control-wrap\" data-name=\"your-email\"><input size=\"40\" maxlength=\"400\" class=\"wpcf7-form-control wpcf7-email wpcf7-validates-as-required wpcf7-text wpcf7-validates-as-email\" autocomplete=\"email\" aria-required=\"true\" aria-invalid=\"false\" value=\"\" type=\"email\" name=\"your-email\" \/><\/span><br \/>\n<\/label>\n\t\t<\/p>\n\t<\/div>\n<\/div>\n<div class=\"form-row\">\n\t<div class=\"form-col\">\n\t\t<p><label>Assunto<br \/>\n<span class=\"wpcf7-form-control-wrap\" data-name=\"your-subject\"><input size=\"40\" maxlength=\"400\" class=\"wpcf7-form-control wpcf7-text wpcf7-validates-as-required\" aria-required=\"true\" aria-invalid=\"false\" value=\"\" type=\"text\" name=\"your-subject\" \/><\/span><br \/>\n<\/label>\n\t\t<\/p>\n\t<\/div>\n\t<div class=\"form-col\">\n\t\t<p><label>Telem\u00f3vel<br \/>\n<span class=\"wpcf7-form-control-wrap\" data-name=\"telemovel\"><input size=\"40\" maxlength=\"400\" class=\"wpcf7-form-control wpcf7-text wpcf7-validates-as-required\" aria-required=\"true\" aria-invalid=\"false\" value=\"\" type=\"text\" name=\"telemovel\" \/><\/span><br \/>\n<\/label>\n\t\t<\/p>\n\t<\/div>\n<\/div>\n<h3>Informa\u00e7\u00f5es da Empresa\n<\/h3>\n<div class=\"form-row\">\n\t<div class=\"form-col\">\n\t\t<p><label>Nome da Empresa<br \/>\n<span class=\"wpcf7-form-control-wrap\" data-name=\"nome-empresa\"><input size=\"40\" maxlength=\"400\" class=\"wpcf7-form-control wpcf7-text wpcf7-validates-as-required\" aria-required=\"true\" aria-invalid=\"false\" placeholder=\"\" value=\"\" type=\"text\" name=\"nome-empresa\" \/><\/span><br \/>\n<\/label>\n\t\t<\/p>\n\t<\/div>\n\t<div class=\"form-col\">\n\t\t<p><label>N\u00ba Contribuinte<br \/>\n<span class=\"wpcf7-form-control-wrap\" data-name=\"contribuinte\"><input size=\"40\" maxlength=\"400\" class=\"wpcf7-form-control wpcf7-text wpcf7-validates-as-required\" aria-required=\"true\" aria-invalid=\"false\" value=\"\" type=\"text\" name=\"contribuinte\" \/><\/span><br \/>\n<\/label>\n\t\t<\/p>\n\t<\/div>\n<\/div>\n<div class=\"form-row\">\n\t<div class=\"form-col\">\n\t\t<p><label>Natureza Jur\u00eddica<br \/>\n<span class=\"wpcf7-form-control-wrap\" data-name=\"natureza-juridica\"><input size=\"40\" maxlength=\"400\" class=\"wpcf7-form-control wpcf7-text wpcf7-validates-as-required\" aria-required=\"true\" aria-invalid=\"false\" value=\"\" type=\"text\" name=\"natureza-juridica\" \/><\/span><br \/>\n<\/label>\n\t\t<\/p>\n\t<\/div>\n\t<div class=\"form-col\">\n\t\t<p><label>Identifica\u00e7\u00e3o Empresa PRIMAVERA<br \/>\n<span class=\"wpcf7-form-control-wrap\" data-name=\"identificacao-empresa\"><input size=\"40\" maxlength=\"400\" class=\"wpcf7-form-control wpcf7-text\" readonly=\"readonly\" aria-invalid=\"false\" value=\"BIT4U - SISTEMAS DE INFORMA\u00c7\u00c3O E GEST\u00c3O, LDA\" type=\"text\" name=\"identificacao-empresa\" \/><\/span><br \/>\n<\/label>\n\t\t<\/p>\n\t<\/div>\n<\/div>\n<div class=\"form-row\">\n\t<div class=\"form-col\">\n\t\t<p><label>Morada<br \/>\n<span class=\"wpcf7-form-control-wrap\" data-name=\"morada\"><input size=\"40\" maxlength=\"400\" class=\"wpcf7-form-control wpcf7-text\" aria-invalid=\"false\" value=\"\" type=\"text\" name=\"morada\" \/><\/span><br \/>\n<\/label>\n\t\t<\/p>\n\t<\/div>\n\t<div class=\"form-col\">\n\t\t<p><label>Localidade<br \/>\n<span class=\"wpcf7-form-control-wrap\" data-name=\"localidade\"><input size=\"40\" maxlength=\"400\" class=\"wpcf7-form-control wpcf7-text wpcf7-validates-as-required\" aria-required=\"true\" aria-invalid=\"false\" placeholder=\"Luanda\" value=\"\" type=\"text\" name=\"localidade\" \/><\/span><br \/>\n<\/label>\n\t\t<\/p>\n\t<\/div>\n<\/div>\n<div class=\"form-row\">\n\t<div class=\"form-col\">\n\t\t<p><label>Distrito<br \/>\n<span class=\"wpcf7-form-control-wrap\" data-name=\"distrito\"><input size=\"40\" maxlength=\"400\" class=\"wpcf7-form-control wpcf7-text\" aria-invalid=\"false\" value=\"\" type=\"text\" name=\"distrito\" \/><\/span><br \/>\n<\/label>\n\t\t<\/p>\n\t<\/div>\n\t<div class=\"form-col\">\n\t\t<p><label>P\u00e1gina Web<br \/>\n<span class=\"wpcf7-form-control-wrap\" data-name=\"pagina-web\"><input size=\"40\" maxlength=\"400\" class=\"wpcf7-form-control wpcf7-text\" aria-invalid=\"false\" value=\"\" type=\"text\" name=\"pagina-web\" \/><\/span><br \/>\n<\/label>\n\t\t<\/p>\n\t<\/div>\n<\/div>\n<h3>Contacto de Ger\u00eancia\n<\/h3>\n<div class=\"form-row\">\n\t<div class=\"form-col\">\n\t\t<p><label>Nome do Gerente<br \/>\n<span class=\"wpcf7-form-control-wrap\" data-name=\"nome-gerente\"><input size=\"40\" maxlength=\"400\" class=\"wpcf7-form-control wpcf7-text wpcf7-validates-as-required\" aria-required=\"true\" aria-invalid=\"false\" value=\"\" type=\"text\" name=\"nome-gerente\" \/><\/span><br \/>\n<\/label>\n\t\t<\/p>\n\t<\/div>\n\t<div class=\"form-col\">\n\t\t<p><label>Telefone do Gerente<br \/>\n<span class=\"wpcf7-form-control-wrap\" data-name=\"telefone-gerente\"><input size=\"40\" maxlength=\"400\" class=\"wpcf7-form-control wpcf7-text\" aria-invalid=\"false\" value=\"\" type=\"text\" name=\"telefone-gerente\" \/><\/span><br \/>\n<\/label>\n\t\t<\/p>\n\t<\/div>\n<\/div>\n<div class=\"form-row\">\n\t<div class=\"form-col\">\n\t\t<p><label>E-mail do Gerente<br \/>\n<span class=\"wpcf7-form-control-wrap\" data-name=\"email-gerente\"><input size=\"40\" maxlength=\"400\" class=\"wpcf7-form-control wpcf7-email wpcf7-text wpcf7-validates-as-email\" aria-invalid=\"false\" value=\"\" type=\"email\" name=\"email-gerente\" \/><\/span><br \/>\n<\/label>\n\t\t<\/p>\n\t<\/div>\n<\/div>\n<h3>Contacto T\u00e9cnico\n<\/h3>\n<div class=\"form-row\">\n\t<div class=\"form-col\">\n\t\t<p><label>Nome do Respons\u00e1vel T\u00e9cnico<br \/>\n<span class=\"wpcf7-form-control-wrap\" data-name=\"nome-tecnico\"><input size=\"40\" maxlength=\"400\" class=\"wpcf7-form-control wpcf7-text wpcf7-validates-as-required\" aria-required=\"true\" aria-invalid=\"false\" value=\"\" type=\"text\" name=\"nome-tecnico\" \/><\/span><br \/>\n<\/label>\n\t\t<\/p>\n\t<\/div>\n\t<div class=\"form-col\">\n\t\t<p><label>Telefone do T\u00e9cnico<br \/>\n<span class=\"wpcf7-form-control-wrap\" data-name=\"telefone-tecnico\"><input size=\"40\" maxlength=\"400\" class=\"wpcf7-form-control wpcf7-text\" aria-invalid=\"false\" value=\"\" type=\"text\" name=\"telefone-tecnico\" \/><\/span><br \/>\n<\/label>\n\t\t<\/p>\n\t<\/div>\n<\/div>\n<div class=\"form-row\">\n\t<div class=\"form-col\">\n\t\t<p><label>Telem\u00f3vel do T\u00e9cnico<br \/>\n<span class=\"wpcf7-form-control-wrap\" data-name=\"telemovel-tecnico\"><input size=\"40\" maxlength=\"400\" class=\"wpcf7-form-control wpcf7-text\" aria-invalid=\"false\" value=\"\" type=\"text\" name=\"telemovel-tecnico\" \/><\/span><br \/>\n<\/label>\n\t\t<\/p>\n\t<\/div>\n\t<div class=\"form-col\">\n\t\t<p><label>E-mail do T\u00e9cnico<br \/>\n<span class=\"wpcf7-form-control-wrap\" data-name=\"email-tecnico\"><input size=\"40\" maxlength=\"400\" class=\"wpcf7-form-control wpcf7-email wpcf7-text wpcf7-validates-as-email\" aria-invalid=\"false\" value=\"\" type=\"email\" name=\"email-tecnico\" \/><\/span><br \/>\n<\/label>\n\t\t<\/p>\n\t<\/div>\n<\/div>\n<h3>Tipo de Certifica\u00e7\u00e3o\n<\/h3>\n<p><span class=\"wpcf7-form-control-wrap\" data-name=\"certificacao\"><span class=\"wpcf7-form-control wpcf7-radio\"><span class=\"wpcf7-list-item first\"><label><input type=\"radio\" name=\"certificacao\" value=\"Starter Technician*\" \/><span class=\"wpcf7-list-item-label\">Starter Technician*<\/span><\/label><\/span><span class=\"wpcf7-list-item last\"><label><input type=\"radio\" name=\"certificacao\" value=\"ERP Technician**\" \/><span class=\"wpcf7-list-item-label\">ERP Technician**<\/span><\/label><\/span><\/span><\/span>\n<\/p>\n<p><small>*Para comercializar produtos Starter e Pssst!\u2122\ufe0f<\/small>\n<\/p>\n<p><small>**Para comercializar m\u00f3dulos nucleares ERP PRIMAVERA<\/small>\n<\/p>\n<p><label><br \/>\n<span class=\"wpcf7-form-control-wrap\" data-name=\"politica-privacidade\"><span class=\"wpcf7-form-control wpcf7-acceptance\"><span class=\"wpcf7-list-item\"><input type=\"checkbox\" name=\"politica-privacidade\" value=\"1\" aria-invalid=\"false\" \/><\/span><\/span><\/span> Li e aceito a Pol\u00edtica de Privacidade.<br \/>\n<\/label>\n<\/p>\n<p><label>Sua mensagem (opcional)<br \/>\n<span class=\"wpcf7-form-control-wrap\" data-name=\"your-message\"><textarea cols=\"40\" rows=\"10\" maxlength=\"2000\" class=\"wpcf7-form-control wpcf7-textarea\" aria-invalid=\"false\" name=\"your-message\"><\/textarea><\/span><br \/>\n<\/label>\n<\/p>\n<p><input class=\"wpcf7-form-control wpcf7-submit has-spinner\" type=\"submit\" value=\"Enviar Candidatura\" \/>\n<\/p><p style=\"display: none !important;\" class=\"akismet-fields-container\" data-prefix=\"_wpcf7_ak_\"><label>&#916;<textarea name=\"_wpcf7_ak_hp_textarea\" cols=\"45\" rows=\"8\" maxlength=\"100\"><\/textarea><\/label><input type=\"hidden\" id=\"ak_js_1\" name=\"_wpcf7_ak_js\" value=\"1\"\/><script>document.getElementById( \"ak_js_1\" ).setAttribute( \"value\", ( new Date() ).getTime() );<\/script><\/p><div class=\"wpcf7-response-output\" aria-hidden=\"true\"><\/div>\n<input type=\"hidden\" name=\"trp-form-language\" value=\"pt\"\/><\/form>\n<\/div>\n<\/p>\t\t\t\t\t\t\t\t<\/div>\n\t\t\t\t\t<\/div>\n\t\t\t\t<\/div>\n\t\t\t\t<\/div>","protected":false},"excerpt":{"rendered":"","protected":false},"author":2,"featured_media":0,"parent":0,"menu_order":0,"comment_status":"closed","ping_status":"closed","template":"","meta":{"footnotes":""},"class_list":["post-1975","page","type-page","status-publish","hentry"],"_links":{"self":[{"href":"https:\/\/bit4u.co.ao\/pt\/wp-json\/wp\/v2\/pages\/1975","targetHints":{"allow":["GET"]}}],"collection":[{"href":"https:\/\/bit4u.co.ao\/pt\/wp-json\/wp\/v2\/pages"}],"about":[{"href":"https:\/\/bit4u.co.ao\/pt\/wp-json\/wp\/v2\/types\/page"}],"author":[{"embeddable":true,"href":"https:\/\/bit4u.co.ao\/pt\/wp-json\/wp\/v2\/users\/2"}],"replies":[{"embeddable":true,"href":"https:\/\/bit4u.co.ao\/pt\/wp-json\/wp\/v2\/comments?post=1975"}],"version-history":[{"count":27,"href":"https:\/\/bit4u.co.ao\/pt\/wp-json\/wp\/v2\/pages\/1975\/revisions"}],"predecessor-version":[{"id":2123,"href":"https:\/\/bit4u.co.ao\/pt\/wp-json\/wp\/v2\/pages\/1975\/revisions\/2123"}],"wp:attachment":[{"href":"https:\/\/bit4u.co.ao\/pt\/wp-json\/wp\/v2\/media?parent=1975"}],"curies":[{"name":"wp","href":"https:\/\/api.w.org\/{rel}","templated":true}]}}