{"id":2093,"date":"2026-03-10T06:24:06","date_gmt":"2026-03-10T09:24:06","guid":{"rendered":"https:\/\/bit4u.co.ao\/?page_id=2093"},"modified":"2026-03-24T06:21:44","modified_gmt":"2026-03-24T09:21:44","slug":"candidatura","status":"publish","type":"page","link":"https:\/\/bit4u.co.ao\/pt\/candidatura\/","title":{"rendered":"Trabalhe Connosco"},"content":{"rendered":"<div data-elementor-type=\"wp-page\" data-elementor-id=\"2093\" class=\"elementor elementor-2093\">\n\t\t\t\t<div class=\"elementor-element elementor-element-a128b6c e-flex e-con-boxed e-con e-parent\" data-id=\"a128b6c\" data-element_type=\"container\">\n\t\t\t\t\t<div class=\"e-con-inner\">\n\t\t\t\t<div class=\"elementor-element elementor-element-970b960 elementor-widget elementor-widget-spacer\" data-id=\"970b960\" data-element_type=\"widget\" data-widget_type=\"spacer.default\">\n\t\t\t\t\t\t\t<div class=\"elementor-spacer\">\n\t\t\t<div class=\"elementor-spacer-inner\"><\/div>\n\t\t<\/div>\n\t\t\t\t\t\t<\/div>\n\t\t\t\t\t<\/div>\n\t\t\t\t<\/div>\n\t\t<div class=\"elementor-element elementor-element-c5264f9 e-flex e-con-boxed e-con e-parent\" data-id=\"c5264f9\" data-element_type=\"container\">\n\t\t\t\t\t<div class=\"e-con-inner\">\n\t\t\t\t<div class=\"elementor-element elementor-element-66c69c9 elementor-widget elementor-widget-heading\" data-id=\"66c69c9\" data-element_type=\"widget\" data-widget_type=\"heading.default\">\n\t\t\t\t\t<h2 class=\"elementor-heading-title elementor-size-default\">Trabalhe Connosco<\/h2>\t\t\t\t<\/div>\n\t\t\t\t\t<\/div>\n\t\t\t\t<\/div>\n\t\t<div class=\"elementor-element elementor-element-1fca334 e-flex e-con-boxed e-con e-parent\" data-id=\"1fca334\" data-element_type=\"container\">\n\t\t\t\t\t<div class=\"e-con-inner\">\n\t\t\t\t<div class=\"elementor-element elementor-element-ad060db elementor-widget elementor-widget-spacer\" data-id=\"ad060db\" data-element_type=\"widget\" data-widget_type=\"spacer.default\">\n\t\t\t\t\t\t\t<div class=\"elementor-spacer\">\n\t\t\t<div class=\"elementor-spacer-inner\"><\/div>\n\t\t<\/div>\n\t\t\t\t\t\t<\/div>\n\t\t\t\t\t<\/div>\n\t\t\t\t<\/div>\n\t\t<div class=\"elementor-element elementor-element-0678553 e-flex e-con-boxed e-con e-parent\" data-id=\"0678553\" data-element_type=\"container\">\n\t\t\t\t\t<div class=\"e-con-inner\">\n\t\t\t\t<div class=\"elementor-element elementor-element-cc9b876 elementor-widget elementor-widget-text-editor\" data-id=\"cc9b876\" data-element_type=\"widget\" data-widget_type=\"text-editor.default\">\n\t\t\t\t\t\t\t\t\t<p>Na <strong>Bit4U \u2013 Sistemas de Informa\u00e7\u00e3o e Gest\u00e3o,<\/strong> acreditamos que as pessoas s\u00e3o o motor do desenvolvimeto das organiza\u00e7\u00f5es.<\/p><p>Ter uma equipa forte e multidisciplinar \u00e9 a chave para o sucesso. Por isso, trabalhamos continuamente para atrair e desenvolver novos talentos, capazes de acompanhar as transforma\u00e7\u00f5es tecnol\u00f3gicas e responder \u00e0s novas tend\u00eancias do mercado.<\/p><p>Se procuras uma oportunidade que respeite os teus sonhos e valorize o teu talento, junta-te a n\u00f3s.<\/p><p><strong>Envia o teu CV e vem fazer parte do ecosistema Bit4U \u2013 Sistemas de Informa\u00e7\u00e3o e Gest\u00e3o.<\/strong><\/p>\t\t\t\t\t\t\t\t<\/div>\n\t\t\t\t\t<\/div>\n\t\t\t\t<\/div>\n\t\t<div class=\"elementor-element elementor-element-42bd5d8 e-flex e-con-boxed e-con e-parent\" data-id=\"42bd5d8\" data-element_type=\"container\">\n\t\t\t\t\t<div class=\"e-con-inner\">\n\t\t<div class=\"elementor-element elementor-element-109cda9 e-con-full e-flex e-con e-child\" data-id=\"109cda9\" data-element_type=\"container\">\n\t\t\t\t<div class=\"elementor-element elementor-element-423ab4b elementor-widget__width-initial elementor-widget elementor-widget-image\" data-id=\"423ab4b\" data-element_type=\"widget\" data-widget_type=\"image.default\">\n\t\t\t\t\t\t\t\t\t\t\t\t\t\t\t<img fetchpriority=\"high\" decoding=\"async\" width=\"768\" height=\"384\" src=\"https:\/\/bit4u.co.ao\/wp-content\/uploads\/2026\/03\/resized_0-768x384.png\" class=\"attachment-medium_large size-medium_large wp-image-2313\" alt=\"\" srcset=\"https:\/\/bit4u.co.ao\/wp-content\/uploads\/2026\/03\/resized_0-768x384.png 768w, https:\/\/bit4u.co.ao\/wp-content\/uploads\/2026\/03\/resized_0-300x150.png 300w, https:\/\/bit4u.co.ao\/wp-content\/uploads\/2026\/03\/resized_0-1024x512.png 1024w, https:\/\/bit4u.co.ao\/wp-content\/uploads\/2026\/03\/resized_0-18x9.png 18w, https:\/\/bit4u.co.ao\/wp-content\/uploads\/2026\/03\/resized_0.png 1200w\" sizes=\"(max-width: 768px) 100vw, 768px\" \/>\t\t\t\t\t\t\t\t\t\t\t\t\t\t\t<\/div>\n\t\t\t\t<\/div>\n\t\t\t\t\t<\/div>\n\t\t\t\t<\/div>\n\t\t<div class=\"elementor-element elementor-element-d03fdbd e-flex e-con-boxed e-con e-parent\" data-id=\"d03fdbd\" data-element_type=\"container\">\n\t\t\t\t\t<div class=\"e-con-inner\">\n\t\t\t\t<div class=\"elementor-element elementor-element-929a5b8 elementor-widget elementor-widget-spacer\" data-id=\"929a5b8\" data-element_type=\"widget\" data-widget_type=\"spacer.default\">\n\t\t\t\t\t\t\t<div class=\"elementor-spacer\">\n\t\t\t<div class=\"elementor-spacer-inner\"><\/div>\n\t\t<\/div>\n\t\t\t\t\t\t<\/div>\n\t\t\t\t\t<\/div>\n\t\t\t\t<\/div>\n\t\t<div class=\"elementor-element elementor-element-12b89fb e-flex e-con-boxed e-con e-parent\" data-id=\"12b89fb\" data-element_type=\"container\">\n\t\t\t\t\t<div class=\"e-con-inner\">\n\t\t\t\t<div class=\"elementor-element elementor-element-06e517c elementor-widget elementor-widget-heading\" data-id=\"06e517c\" data-element_type=\"widget\" data-widget_type=\"heading.default\">\n\t\t\t\t\t<h6 class=\"elementor-heading-title elementor-size-default\">OPORTUNIDADES DISPON\u00cdVEIS<\/h6>\t\t\t\t<\/div>\n\t\t\t\t\t<\/div>\n\t\t\t\t<\/div>\n\t\t<div class=\"elementor-element elementor-element-08e1c71 e-flex e-con-boxed e-con e-parent\" data-id=\"08e1c71\" data-element_type=\"container\">\n\t\t\t\t\t<div class=\"e-con-inner\">\n\t\t\t\t<div class=\"elementor-element elementor-element-9f650e7 elementor-widget elementor-widget-heading\" data-id=\"9f650e7\" data-element_type=\"widget\" data-widget_type=\"heading.default\">\n\t\t\t\t\t<h2 class=\"elementor-heading-title elementor-size-default\">Junta-te \u00e0 nossa equipa!<\/h2>\t\t\t\t<\/div>\n\t\t\t\t\t<\/div>\n\t\t\t\t<\/div>\n\t\t<div class=\"elementor-element elementor-element-ff435a9 e-flex e-con-boxed e-con e-parent\" data-id=\"ff435a9\" data-element_type=\"container\">\n\t\t\t\t\t<div class=\"e-con-inner\">\n\t\t\t\t<div class=\"elementor-element elementor-element-1ca7d30 elementor-widget elementor-widget-spacer\" data-id=\"1ca7d30\" data-element_type=\"widget\" data-widget_type=\"spacer.default\">\n\t\t\t\t\t\t\t<div class=\"elementor-spacer\">\n\t\t\t<div class=\"elementor-spacer-inner\"><\/div>\n\t\t<\/div>\n\t\t\t\t\t\t<\/div>\n\t\t\t\t\t<\/div>\n\t\t\t\t<\/div>\n\t\t<div class=\"elementor-element elementor-element-65dd97f e-flex e-con-boxed e-con e-parent\" data-id=\"65dd97f\" data-element_type=\"container\">\n\t\t\t\t\t<div class=\"e-con-inner\">\n\t\t<div class=\"elementor-element elementor-element-1f9f4b4 e-con-full e-flex e-con e-child\" data-id=\"1f9f4b4\" data-element_type=\"container\">\n\t\t\t\t<div class=\"elementor-element elementor-element-6777d45 elementor-widget elementor-widget-iimage_box\" data-id=\"6777d45\" data-element_type=\"widget\" data-widget_type=\"iimage_box.default\">\n\t\t\t\t<div class=\"elementor-widget-container\">\n\t\t\t\t\t\r\n\t\t<div class=\"ot-image-box\">\r\n\t\t\t<a href=\"https:\/\/bit4u.co.ao\/pt\/erp-consultant-cegid-primavera\/\"><img decoding=\"async\" width=\"1536\" height=\"1024\" src=\"https:\/\/bit4u.co.ao\/wp-content\/uploads\/2026\/03\/ChatGPT-Image-18_03_2026-10_44_37.png\" class=\"attachment-full size-full wp-image-2289\" alt=\"\" srcset=\"https:\/\/bit4u.co.ao\/wp-content\/uploads\/2026\/03\/ChatGPT-Image-18_03_2026-10_44_37.png 1536w, https:\/\/bit4u.co.ao\/wp-content\/uploads\/2026\/03\/ChatGPT-Image-18_03_2026-10_44_37-300x200.png 300w, https:\/\/bit4u.co.ao\/wp-content\/uploads\/2026\/03\/ChatGPT-Image-18_03_2026-10_44_37-1024x683.png 1024w, https:\/\/bit4u.co.ao\/wp-content\/uploads\/2026\/03\/ChatGPT-Image-18_03_2026-10_44_37-768x512.png 768w, https:\/\/bit4u.co.ao\/wp-content\/uploads\/2026\/03\/ChatGPT-Image-18_03_2026-10_44_37-18x12.png 18w, https:\/\/bit4u.co.ao\/wp-content\/uploads\/2026\/03\/ChatGPT-Image-18_03_2026-10_44_37-600x400.png 600w\" sizes=\"(max-width: 1536px) 100vw, 1536px\" \/><\/a>\t\t\t<div class=\"content-box\">\r\n\t\t\t\t<h5 class=\"title-box\"><a href=\"https:\/\/bit4u.co.ao\/pt\/erp-consultant-cegid-primavera\/\">ERP Consultant Cegid\/Primavera <\/a><\/h5>\t\t\t\t<p>Luanda<\/p>\t\t\t<\/div>\r\n\t\t\t<a href=\"https:\/\/bit4u.co.ao\/pt\/erp-consultant-cegid-primavera\/\" class=\"link-box font-second\"><span>Detalhes <\/span><i class=\"ot-flaticon-trajectory\"><\/i><\/a>\t    <\/div>\r\n\r\n\t    \t\t\t\t<\/div>\n\t\t\t\t<\/div>\n\t\t\t\t<\/div>\n\t\t<div class=\"elementor-element elementor-element-803cd3f e-con-full e-flex e-con e-child\" data-id=\"803cd3f\" data-element_type=\"container\">\n\t\t\t\t<div class=\"elementor-element elementor-element-09fa71c elementor-widget elementor-widget-iimage_box\" data-id=\"09fa71c\" data-element_type=\"widget\" data-widget_type=\"iimage_box.default\">\n\t\t\t\t<div class=\"elementor-widget-container\">\n\t\t\t\t\t\r\n\t\t<div class=\"ot-image-box\">\r\n\t\t\t<a href=\"https:\/\/bit4u.co.ao\/pt\/erp-technical-consultant-cegid-primavera\/\"><img decoding=\"async\" width=\"1536\" height=\"1024\" src=\"https:\/\/bit4u.co.ao\/wp-content\/uploads\/2026\/03\/ChatGPT-Image-18_03_2026-12_15_09.png\" class=\"attachment-full size-full wp-image-2293\" alt=\"\" srcset=\"https:\/\/bit4u.co.ao\/wp-content\/uploads\/2026\/03\/ChatGPT-Image-18_03_2026-12_15_09.png 1536w, https:\/\/bit4u.co.ao\/wp-content\/uploads\/2026\/03\/ChatGPT-Image-18_03_2026-12_15_09-300x200.png 300w, https:\/\/bit4u.co.ao\/wp-content\/uploads\/2026\/03\/ChatGPT-Image-18_03_2026-12_15_09-1024x683.png 1024w, https:\/\/bit4u.co.ao\/wp-content\/uploads\/2026\/03\/ChatGPT-Image-18_03_2026-12_15_09-768x512.png 768w, https:\/\/bit4u.co.ao\/wp-content\/uploads\/2026\/03\/ChatGPT-Image-18_03_2026-12_15_09-18x12.png 18w, https:\/\/bit4u.co.ao\/wp-content\/uploads\/2026\/03\/ChatGPT-Image-18_03_2026-12_15_09-600x400.png 600w\" sizes=\"(max-width: 1536px) 100vw, 1536px\" \/><\/a>\t\t\t<div class=\"content-box\">\r\n\t\t\t\t<h5 class=\"title-box\"><a href=\"https:\/\/bit4u.co.ao\/pt\/erp-technical-consultant-cegid-primavera\/\">ERP Technical Consultant Cegid\/Primavera<\/a><\/h5>\t\t\t\t<p>Luanda<\/p>\t\t\t<\/div>\r\n\t\t\t<a href=\"https:\/\/bit4u.co.ao\/pt\/erp-technical-consultant-cegid-primavera\/\" class=\"link-box font-second\"><span>Detalhes <\/span><i class=\"ot-flaticon-trajectory\"><\/i><\/a>\t    <\/div>\r\n\r\n\t    \t\t\t\t<\/div>\n\t\t\t\t<\/div>\n\t\t\t\t<\/div>\n\t\t<div class=\"elementor-element elementor-element-0afcdaa e-con-full e-flex e-con e-child\" data-id=\"0afcdaa\" data-element_type=\"container\">\n\t\t\t\t<div class=\"elementor-element elementor-element-f3baea7 elementor-widget elementor-widget-iimage_box\" data-id=\"f3baea7\" data-element_type=\"widget\" data-widget_type=\"iimage_box.default\">\n\t\t\t\t<div class=\"elementor-widget-container\">\n\t\t\t\t\t\r\n\t\t<div class=\"ot-image-box\">\r\n\t\t\t<a href=\"https:\/\/bit4u.co.ao\/pt\/gestor-canal-de-parceiros-cegid-primavera\/\"><img loading=\"lazy\" decoding=\"async\" width=\"1536\" height=\"1024\" src=\"https:\/\/bit4u.co.ao\/wp-content\/uploads\/2026\/03\/ChatGPT-Image-18_03_2026-13_00_20.png\" class=\"attachment-full size-full wp-image-2300\" alt=\"\" srcset=\"https:\/\/bit4u.co.ao\/wp-content\/uploads\/2026\/03\/ChatGPT-Image-18_03_2026-13_00_20.png 1536w, https:\/\/bit4u.co.ao\/wp-content\/uploads\/2026\/03\/ChatGPT-Image-18_03_2026-13_00_20-300x200.png 300w, https:\/\/bit4u.co.ao\/wp-content\/uploads\/2026\/03\/ChatGPT-Image-18_03_2026-13_00_20-1024x683.png 1024w, https:\/\/bit4u.co.ao\/wp-content\/uploads\/2026\/03\/ChatGPT-Image-18_03_2026-13_00_20-768x512.png 768w, https:\/\/bit4u.co.ao\/wp-content\/uploads\/2026\/03\/ChatGPT-Image-18_03_2026-13_00_20-18x12.png 18w, https:\/\/bit4u.co.ao\/wp-content\/uploads\/2026\/03\/ChatGPT-Image-18_03_2026-13_00_20-600x400.png 600w\" sizes=\"(max-width: 1536px) 100vw, 1536px\" \/><\/a>\t\t\t<div class=\"content-box\">\r\n\t\t\t\t<h5 class=\"title-box\"><a href=\"https:\/\/bit4u.co.ao\/pt\/gestor-canal-de-parceiros-cegid-primavera\/\">Gestor Canal de Parceiros \/ Cegid Primavera<\/a><\/h5>\t\t\t\t<p>Luanda<\/p>\t\t\t<\/div>\r\n\t\t\t<a href=\"https:\/\/bit4u.co.ao\/pt\/gestor-canal-de-parceiros-cegid-primavera\/\" class=\"link-box font-second\"><span>Detalhes <\/span><i class=\"ot-flaticon-trajectory\"><\/i><\/a>\t    <\/div>\r\n\r\n\t    \t\t\t\t<\/div>\n\t\t\t\t<\/div>\n\t\t\t\t<\/div>\n\t\t<div class=\"elementor-element elementor-element-6345aa9 e-con-full e-flex e-con e-child\" data-id=\"6345aa9\" data-element_type=\"container\">\n\t\t\t\t<div class=\"elementor-element elementor-element-32c7b5d elementor-widget elementor-widget-iimage_box\" data-id=\"32c7b5d\" data-element_type=\"widget\" data-widget_type=\"iimage_box.default\">\n\t\t\t\t<div class=\"elementor-widget-container\">\n\t\t\t\t\t\r\n\t\t<div class=\"ot-image-box\">\r\n\t\t\t<a href=\"https:\/\/bit4u.co.ao\/pt\/project-manager-cegid-primavera\/\"><img loading=\"lazy\" decoding=\"async\" width=\"1536\" height=\"1024\" src=\"https:\/\/bit4u.co.ao\/wp-content\/uploads\/2026\/03\/ChatGPT-Image-18_03_2026-12_52_48.png\" class=\"attachment-full size-full wp-image-2295\" alt=\"\" srcset=\"https:\/\/bit4u.co.ao\/wp-content\/uploads\/2026\/03\/ChatGPT-Image-18_03_2026-12_52_48.png 1536w, https:\/\/bit4u.co.ao\/wp-content\/uploads\/2026\/03\/ChatGPT-Image-18_03_2026-12_52_48-300x200.png 300w, https:\/\/bit4u.co.ao\/wp-content\/uploads\/2026\/03\/ChatGPT-Image-18_03_2026-12_52_48-1024x683.png 1024w, https:\/\/bit4u.co.ao\/wp-content\/uploads\/2026\/03\/ChatGPT-Image-18_03_2026-12_52_48-768x512.png 768w, https:\/\/bit4u.co.ao\/wp-content\/uploads\/2026\/03\/ChatGPT-Image-18_03_2026-12_52_48-18x12.png 18w, https:\/\/bit4u.co.ao\/wp-content\/uploads\/2026\/03\/ChatGPT-Image-18_03_2026-12_52_48-600x400.png 600w\" sizes=\"(max-width: 1536px) 100vw, 1536px\" \/><\/a>\t\t\t<div class=\"content-box\">\r\n\t\t\t\t<h5 class=\"title-box\"><a href=\"https:\/\/bit4u.co.ao\/pt\/project-manager-cegid-primavera\/\">Project Manager \/ Cegid Primavera <\/a><\/h5>\t\t\t\t<p>Luanda<\/p>\t\t\t<\/div>\r\n\t\t\t<a href=\"https:\/\/bit4u.co.ao\/pt\/project-manager-cegid-primavera\/\" class=\"link-box font-second\"><span>Detalhes <\/span><i class=\"ot-flaticon-trajectory\"><\/i><\/a>\t    <\/div>\r\n\r\n\t    \t\t\t\t<\/div>\n\t\t\t\t<\/div>\n\t\t\t\t<\/div>\n\t\t\t\t\t<\/div>\n\t\t\t\t<\/div>\n\t\t<div class=\"elementor-element elementor-element-c19a855 e-flex e-con-boxed e-con e-parent\" data-id=\"c19a855\" data-element_type=\"container\">\n\t\t\t\t\t<div class=\"e-con-inner\">\n\t\t\t\t<div class=\"elementor-element elementor-element-3be3cb0 elementor-widget elementor-widget-spacer\" data-id=\"3be3cb0\" data-element_type=\"widget\" data-widget_type=\"spacer.default\">\n\t\t\t\t\t\t\t<div class=\"elementor-spacer\">\n\t\t\t<div class=\"elementor-spacer-inner\"><\/div>\n\t\t<\/div>\n\t\t\t\t\t\t<\/div>\n\t\t\t\t\t<\/div>\n\t\t\t\t<\/div>\n\t\t\t\t<\/div>","protected":false},"excerpt":{"rendered":"<p>Trabalhe Connosco Na Bit4U \u2013 Sistemas de Informa\u00e7\u00e3o e Gest\u00e3o, acreditamos que as pessoas s\u00e3o o motor do desenvolvimeto das organiza\u00e7\u00f5es. Ter uma equipa forte e multidisciplinar \u00e9 a chave para o sucesso. Por isso, trabalhamos continuamente para atrair e desenvolver novos talentos, capazes de acompanhar as transforma\u00e7\u00f5es tecnol\u00f3gicas e responder \u00e0s novas tend\u00eancias do [&hellip;]<\/p>","protected":false},"author":2,"featured_media":2101,"parent":0,"menu_order":0,"comment_status":"closed","ping_status":"closed","template":"","meta":{"footnotes":""},"class_list":["post-2093","page","type-page","status-publish","has-post-thumbnail","hentry"],"_links":{"self":[{"href":"https:\/\/bit4u.co.ao\/pt\/wp-json\/wp\/v2\/pages\/2093","targetHints":{"allow":["GET"]}}],"collection":[{"href":"https:\/\/bit4u.co.ao\/pt\/wp-json\/wp\/v2\/pages"}],"about":[{"href":"https:\/\/bit4u.co.ao\/pt\/wp-json\/wp\/v2\/types\/page"}],"author":[{"embeddable":true,"href":"https:\/\/bit4u.co.ao\/pt\/wp-json\/wp\/v2\/users\/2"}],"replies":[{"embeddable":true,"href":"https:\/\/bit4u.co.ao\/pt\/wp-json\/wp\/v2\/comments?post=2093"}],"version-history":[{"count":73,"href":"https:\/\/bit4u.co.ao\/pt\/wp-json\/wp\/v2\/pages\/2093\/revisions"}],"predecessor-version":[{"id":2316,"href":"https:\/\/bit4u.co.ao\/pt\/wp-json\/wp\/v2\/pages\/2093\/revisions\/2316"}],"wp:featuredmedia":[{"embeddable":true,"href":"https:\/\/bit4u.co.ao\/pt\/wp-json\/wp\/v2\/media\/2101"}],"wp:attachment":[{"href":"https:\/\/bit4u.co.ao\/pt\/wp-json\/wp\/v2\/media?parent=2093"}],"curies":[{"name":"wp","href":"https:\/\/api.w.org\/{rel}","templated":true}]}}