{"id":2107,"date":"2026-03-11T19:15:05","date_gmt":"2026-03-11T22:15:05","guid":{"rendered":"https:\/\/bit4u.co.ao\/?page_id=2107"},"modified":"2026-03-16T18:25:41","modified_gmt":"2026-03-16T21:25:41","slug":"ibase","status":"publish","type":"page","link":"https:\/\/bit4u.co.ao\/pt\/ibase\/","title":{"rendered":"IBASE"},"content":{"rendered":"<div data-elementor-type=\"wp-page\" data-elementor-id=\"2107\" class=\"elementor elementor-2107\">\n\t\t\t\t<div class=\"elementor-element elementor-element-e1ee20c e-flex e-con-boxed e-con e-parent\" data-id=\"e1ee20c\" data-element_type=\"container\">\n\t\t\t\t\t<div class=\"e-con-inner\">\n\t\t\t\t<div class=\"elementor-element elementor-element-068e875 elementor-widget elementor-widget-spacer\" data-id=\"068e875\" data-element_type=\"widget\" data-widget_type=\"spacer.default\">\n\t\t\t\t\t\t\t<div class=\"elementor-spacer\">\n\t\t\t<div class=\"elementor-spacer-inner\"><\/div>\n\t\t<\/div>\n\t\t\t\t\t\t<\/div>\n\t\t\t\t\t<\/div>\n\t\t\t\t<\/div>\n\t\t<div class=\"elementor-element elementor-element-d28ced0 e-flex e-con-boxed e-con e-parent\" data-id=\"d28ced0\" data-element_type=\"container\">\n\t\t\t\t\t<div class=\"e-con-inner\">\n\t\t<div class=\"elementor-element elementor-element-0bca516 e-con-full e-flex e-con e-child\" data-id=\"0bca516\" data-element_type=\"container\">\n\t\t\t\t<div class=\"elementor-element elementor-element-7467a8d elementor-widget elementor-widget-image\" data-id=\"7467a8d\" data-element_type=\"widget\" data-widget_type=\"image.default\">\n\t\t\t\t\t\t\t\t\t\t\t\t\t\t\t<img fetchpriority=\"high\" decoding=\"async\" width=\"1024\" height=\"591\" src=\"https:\/\/bit4u.co.ao\/wp-content\/uploads\/2026\/03\/c2_3943084A07524572AB3DB549E780FFB7-1024x591.jpg\" class=\"attachment-large size-large wp-image-2142\" alt=\"\" srcset=\"https:\/\/bit4u.co.ao\/wp-content\/uploads\/2026\/03\/c2_3943084A07524572AB3DB549E780FFB7-1024x591.jpg 1024w, https:\/\/bit4u.co.ao\/wp-content\/uploads\/2026\/03\/c2_3943084A07524572AB3DB549E780FFB7-300x173.jpg 300w, https:\/\/bit4u.co.ao\/wp-content\/uploads\/2026\/03\/c2_3943084A07524572AB3DB549E780FFB7-768x443.jpg 768w, https:\/\/bit4u.co.ao\/wp-content\/uploads\/2026\/03\/c2_3943084A07524572AB3DB549E780FFB7-1536x886.jpg 1536w, https:\/\/bit4u.co.ao\/wp-content\/uploads\/2026\/03\/c2_3943084A07524572AB3DB549E780FFB7-2048x1182.jpg 2048w, https:\/\/bit4u.co.ao\/wp-content\/uploads\/2026\/03\/c2_3943084A07524572AB3DB549E780FFB7-18x10.jpg 18w\" sizes=\"(max-width: 1024px) 100vw, 1024px\" \/>\t\t\t\t\t\t\t\t\t\t\t\t\t\t\t<\/div>\n\t\t\t\t<\/div>\n\t\t<div class=\"elementor-element elementor-element-4e1e962 e-con-full e-flex e-con e-child\" data-id=\"4e1e962\" data-element_type=\"container\">\n\t\t\t\t<div class=\"elementor-element elementor-element-c544ca1 elementor-widget elementor-widget-text-editor\" data-id=\"c544ca1\" data-element_type=\"widget\" data-widget_type=\"text-editor.default\">\n\t\t\t\t\t\t\t\t\t<div class=\"subtitulo\" data-v-4e9517e2=\"\"><h4>Conhe\u00e7a o iBase Jur\u00eddico<\/h4><\/div><div class=\"conteudo\" data-v-4e9517e2=\"\"><div>A solu\u00e7\u00e3o\u00a0<strong>iBase Jur\u00eddico<\/strong>\u00a0apoia-se em anos de dedica\u00e7\u00e3o exclusiva \u00e0 \u00e1rea jur\u00eddica. Disponibiliza uma gama abrangente de funcionalidades que apoiam a gest\u00e3o integral dos escrit\u00f3rios e d\u00e3o suporte a todo o percurso que um processo judicial ou extrajudicial pode seguir.<\/div><div>Possibilita a integra\u00e7\u00e3o de informa\u00e7\u00f5es provenientes de outras entidades externas intervenientes nos processos e aplica recursos de automatiza\u00e7\u00e3o que proporcionam ganhos significativos em produtividade e controlo, de forma simples e segura.<\/div><\/div><div class=\"btn\" data-v-4e9517e2=\"\">\u00a0<\/div>\t\t\t\t\t\t\t\t<\/div>\n\t\t\t\t<\/div>\n\t\t\t\t\t<\/div>\n\t\t\t\t<\/div>\n\t\t<div class=\"elementor-element elementor-element-72a8587 e-flex e-con-boxed e-con e-parent\" data-id=\"72a8587\" data-element_type=\"container\">\n\t\t\t\t\t<div class=\"e-con-inner\">\n\t\t\t\t<div class=\"elementor-element elementor-element-c4aa705 elementor-widget elementor-widget-spacer\" data-id=\"c4aa705\" data-element_type=\"widget\" data-widget_type=\"spacer.default\">\n\t\t\t\t\t\t\t<div class=\"elementor-spacer\">\n\t\t\t<div class=\"elementor-spacer-inner\"><\/div>\n\t\t<\/div>\n\t\t\t\t\t\t<\/div>\n\t\t\t\t\t<\/div>\n\t\t\t\t<\/div>\n\t\t<div class=\"elementor-element elementor-element-32669b6 e-flex e-con-boxed e-con e-parent\" data-id=\"32669b6\" data-element_type=\"container\">\n\t\t\t\t\t<div class=\"e-con-inner\">\n\t\t\t\t<div class=\"elementor-element elementor-element-4a2b178 elementor-widget elementor-widget-text-editor\" data-id=\"4a2b178\" data-element_type=\"widget\" data-widget_type=\"text-editor.default\">\n\t\t\t\t\t\t\t\t\t<h3>Principais Funcionalidades<\/h3>\t\t\t\t\t\t\t\t<\/div>\n\t\t\t\t\t<\/div>\n\t\t\t\t<\/div>\n\t\t<div class=\"elementor-element elementor-element-3c54577 e-flex e-con-boxed e-con e-parent\" data-id=\"3c54577\" data-element_type=\"container\">\n\t\t\t\t\t<div class=\"e-con-inner\">\n\t\t<div class=\"elementor-element elementor-element-1aed3fb e-con-full e-flex e-con e-child\" data-id=\"1aed3fb\" data-element_type=\"container\">\n\t\t\t\t<div class=\"elementor-element elementor-element-b36aa71 elementor-widget elementor-widget-text-editor\" data-id=\"b36aa71\" data-element_type=\"widget\" data-widget_type=\"text-editor.default\">\n\t\t\t\t\t\t\t\t\t<h6 class=\"func-titulo\">Clientes e processos<\/h6><div class=\"func-descricao\" data-v-2215b548=\"\"><p>Efetue o registo dos seus clientes, adicione-lhes um processo com indica\u00e7\u00e3o do tribunal, comarca, tipo de processo, respons\u00e1vel, data de conclus\u00e3o, entidades, documentos e outros.<\/p><\/div>\t\t\t\t\t\t\t\t<\/div>\n\t\t\t\t<\/div>\n\t\t<div class=\"elementor-element elementor-element-11b4a98 e-con-full e-flex e-con e-child\" data-id=\"11b4a98\" data-element_type=\"container\">\n\t\t\t\t<div class=\"elementor-element elementor-element-9fffaf2 elementor-widget elementor-widget-text-editor\" data-id=\"9fffaf2\" data-element_type=\"widget\" data-widget_type=\"text-editor.default\">\n\t\t\t\t\t\t\t\t\t<h6 class=\"func-titulo\">Gest\u00e3o documental<\/h6><div class=\"func-descricao\" data-v-2215b548=\"\"><p>Tendo por base uma minuta em word, gere documentos em portugu\u00eas e ingl\u00eas com preenchimento autom\u00e1tico de dados provenientes da solu\u00e7\u00e3o.<\/p><\/div>\t\t\t\t\t\t\t\t<\/div>\n\t\t\t\t<\/div>\n\t\t<div class=\"elementor-element elementor-element-6442371 e-con-full e-flex e-con e-child\" data-id=\"6442371\" data-element_type=\"container\">\n\t\t\t\t<div class=\"elementor-element elementor-element-443c0fb elementor-widget elementor-widget-text-editor\" data-id=\"443c0fb\" data-element_type=\"widget\" data-widget_type=\"text-editor.default\">\n\t\t\t\t\t\t\t\t\t<h6 class=\"func-titulo\">Dashboard de gest\u00e3o<\/h6><div class=\"func-descricao\" data-v-2215b548=\"\"><p>Tenha uma vis\u00e3o consolidada das tarefas, agenda, alertas e mensagens, numa \u00fanica p\u00e1gina. Disponibilizamos a possibilidade de verificar uma listagem de tarefas que ter\u00e1 de validar para cada processo.<\/p><\/div>\t\t\t\t\t\t\t\t<\/div>\n\t\t\t\t<\/div>\n\t\t<div class=\"elementor-element elementor-element-177dd69 e-con-full e-flex e-con e-child\" data-id=\"177dd69\" data-element_type=\"container\">\n\t\t\t\t<div class=\"elementor-element elementor-element-51f0ef3 elementor-widget elementor-widget-text-editor\" data-id=\"51f0ef3\" data-element_type=\"widget\" data-widget_type=\"text-editor.default\">\n\t\t\t\t\t\t\t\t\t<h6 class=\"func-titulo\">Automatiza\u00e7\u00f5es<\/h6><div class=\"func-descricao\" data-v-2215b548=\"\"><p>Ganhe produtividade e tenha um escrit\u00f3rio\u00a0<em>paperless<\/em>\u00a0com o uso de robotiza\u00e7\u00e3o \/ automatiza\u00e7\u00e3o de processos.<\/p><\/div>\t\t\t\t\t\t\t\t<\/div>\n\t\t\t\t<\/div>\n\t\t\t\t\t<\/div>\n\t\t\t\t<\/div>\n\t\t<div class=\"elementor-element elementor-element-efacd1a e-flex e-con-boxed e-con e-parent\" data-id=\"efacd1a\" data-element_type=\"container\">\n\t\t\t\t\t<div class=\"e-con-inner\">\n\t\t<div class=\"elementor-element elementor-element-56d7be4 e-con-full e-flex e-con e-child\" data-id=\"56d7be4\" data-element_type=\"container\">\n\t\t\t\t<div class=\"elementor-element elementor-element-fc59d49 elementor-widget elementor-widget-text-editor\" data-id=\"fc59d49\" data-element_type=\"widget\" data-widget_type=\"text-editor.default\">\n\t\t\t\t\t\t\t\t\t<h6 class=\"func-titulo\">Tarefas e prazos<br \/><span style=\"font-size: 16px; font-weight: 400;\"><br \/>Crie tarefas, indique o respons\u00e1vel, o executante e o prazo de execu\u00e7\u00e3o. Controle todos os prazos e garanta que todas as tarefas s\u00e3o cumpridas dentro do prazo. Poder\u00e1 listar quais as tarefas que terminam nos pr\u00f3ximos dias, ou tarefas que j\u00e1 ultrapassaram o prazo.<\/span><\/h6>\t\t\t\t\t\t\t\t<\/div>\n\t\t\t\t<\/div>\n\t\t<div class=\"elementor-element elementor-element-8a25d28 e-con-full e-flex e-con e-child\" data-id=\"8a25d28\" data-element_type=\"container\">\n\t\t\t\t<div class=\"elementor-element elementor-element-9d5d139 elementor-widget elementor-widget-text-editor\" data-id=\"9d5d139\" data-element_type=\"widget\" data-widget_type=\"text-editor.default\">\n\t\t\t\t\t\t\t\t\t<h6 class=\"func-titulo\">Dashboard de gest\u00e3o<\/h6><div class=\"func-descricao\" data-v-2215b548=\"\"><p>Tenha uma vis\u00e3o consolidada das tarefas, agenda, alertas e mensagens, numa \u00fanica p\u00e1gina. Disponibilizamos a possibilidade de verificar uma listagem de tarefas que ter\u00e1 de validar para cada processo.<\/p><\/div>\t\t\t\t\t\t\t\t<\/div>\n\t\t\t\t<\/div>\n\t\t<div class=\"elementor-element elementor-element-d6bd3ee e-con-full e-flex e-con e-child\" data-id=\"d6bd3ee\" data-element_type=\"container\">\n\t\t\t\t<div class=\"elementor-element elementor-element-8cd2156 elementor-widget elementor-widget-text-editor\" data-id=\"8cd2156\" data-element_type=\"widget\" data-widget_type=\"text-editor.default\">\n\t\t\t\t\t\t\t\t\t<h6 class=\"func-titulo\">Hist\u00f3rico<\/h6><div class=\"func-descricao\" data-v-2215b548=\"\"><p>Verifique o hist\u00f3rico de altera\u00e7\u00f5es ao processo, seja nas altera\u00e7\u00f5es de estado, departamento, respons\u00e1vel ou sub-respons\u00e1vel.<\/p><\/div>\t\t\t\t\t\t\t\t<\/div>\n\t\t\t\t<\/div>\n\t\t<div class=\"elementor-element elementor-element-0fb9cd7 e-con-full e-flex e-con e-child\" data-id=\"0fb9cd7\" data-element_type=\"container\">\n\t\t\t\t<div class=\"elementor-element elementor-element-fa73c25 elementor-widget elementor-widget-text-editor\" data-id=\"fa73c25\" data-element_type=\"widget\" data-widget_type=\"text-editor.default\">\n\t\t\t\t\t\t\t\t\t<h6 class=\"func-titulo\">Integra\u00e7\u00e3o com o Office365<\/h6><div class=\"func-descricao\" data-v-2215b548=\"\"><p>Mantenha-se atualizado com a agenda integrada com o Office 365 para cria\u00e7\u00e3o e consulta de compromissos, tarefas e eventos.<\/p><\/div>\t\t\t\t\t\t\t\t<\/div>\n\t\t\t\t<\/div>\n\t\t\t\t\t<\/div>\n\t\t\t\t<\/div>\n\t\t<div class=\"elementor-element elementor-element-08a4ba0 e-flex e-con-boxed e-con e-parent\" data-id=\"08a4ba0\" data-element_type=\"container\">\n\t\t\t\t\t<div class=\"e-con-inner\">\n\t\t\t\t<div class=\"elementor-element elementor-element-d215687 elementor-widget elementor-widget-spacer\" data-id=\"d215687\" data-element_type=\"widget\" data-widget_type=\"spacer.default\">\n\t\t\t\t\t\t\t<div class=\"elementor-spacer\">\n\t\t\t<div class=\"elementor-spacer-inner\"><\/div>\n\t\t<\/div>\n\t\t\t\t\t\t<\/div>\n\t\t\t\t\t<\/div>\n\t\t\t\t<\/div>\n\t\t<div class=\"elementor-element elementor-element-bb8ba48 e-flex e-con-boxed e-con e-parent\" data-id=\"bb8ba48\" data-element_type=\"container\">\n\t\t\t\t\t<div class=\"e-con-inner\">\n\t\t\t\t<div class=\"elementor-element elementor-element-2659d95 elementor-widget elementor-widget-image\" data-id=\"2659d95\" data-element_type=\"widget\" data-widget_type=\"image.default\">\n\t\t\t\t\t\t\t\t\t\t\t\t\t\t\t\t<a href=\"https:\/\/bit4u.co.ao\/pt\/contactos\/\">\n\t\t\t\t\t\t\t<img decoding=\"async\" width=\"1024\" height=\"276\" src=\"https:\/\/bit4u.co.ao\/wp-content\/uploads\/2026\/03\/Captura-de-ecra-2026-03-16-as-22.22.10-1024x276.png\" class=\"attachment-large size-large wp-image-2156\" alt=\"\" srcset=\"https:\/\/bit4u.co.ao\/wp-content\/uploads\/2026\/03\/Captura-de-ecra-2026-03-16-as-22.22.10-1024x276.png 1024w, https:\/\/bit4u.co.ao\/wp-content\/uploads\/2026\/03\/Captura-de-ecra-2026-03-16-as-22.22.10-300x81.png 300w, https:\/\/bit4u.co.ao\/wp-content\/uploads\/2026\/03\/Captura-de-ecra-2026-03-16-as-22.22.10-768x207.png 768w, https:\/\/bit4u.co.ao\/wp-content\/uploads\/2026\/03\/Captura-de-ecra-2026-03-16-as-22.22.10-1536x414.png 1536w, https:\/\/bit4u.co.ao\/wp-content\/uploads\/2026\/03\/Captura-de-ecra-2026-03-16-as-22.22.10-2048x552.png 2048w, https:\/\/bit4u.co.ao\/wp-content\/uploads\/2026\/03\/Captura-de-ecra-2026-03-16-as-22.22.10-18x5.png 18w\" sizes=\"(max-width: 1024px) 100vw, 1024px\" \/>\t\t\t\t\t\t\t\t<\/a>\n\t\t\t\t\t\t\t\t\t\t\t\t\t\t\t<\/div>\n\t\t\t\t\t<\/div>\n\t\t\t\t<\/div>\n\t\t\t\t<\/div>","protected":false},"excerpt":{"rendered":"<p>Conhe\u00e7a o iBase Jur\u00eddico A solu\u00e7\u00e3o\u00a0iBase Jur\u00eddico\u00a0apoia-se em anos de dedica\u00e7\u00e3o exclusiva \u00e0 \u00e1rea jur\u00eddica. Disponibiliza uma gama abrangente de funcionalidades que apoiam a gest\u00e3o integral dos escrit\u00f3rios e d\u00e3o suporte a todo o percurso que um processo judicial ou extrajudicial pode seguir.Possibilita a integra\u00e7\u00e3o de informa\u00e7\u00f5es provenientes de outras entidades externas intervenientes nos processos [&hellip;]<\/p>","protected":false},"author":1,"featured_media":0,"parent":0,"menu_order":0,"comment_status":"closed","ping_status":"closed","template":"","meta":{"footnotes":""},"class_list":["post-2107","page","type-page","status-publish","hentry"],"_links":{"self":[{"href":"https:\/\/bit4u.co.ao\/pt\/wp-json\/wp\/v2\/pages\/2107","targetHints":{"allow":["GET"]}}],"collection":[{"href":"https:\/\/bit4u.co.ao\/pt\/wp-json\/wp\/v2\/pages"}],"about":[{"href":"https:\/\/bit4u.co.ao\/pt\/wp-json\/wp\/v2\/types\/page"}],"author":[{"embeddable":true,"href":"https:\/\/bit4u.co.ao\/pt\/wp-json\/wp\/v2\/users\/1"}],"replies":[{"embeddable":true,"href":"https:\/\/bit4u.co.ao\/pt\/wp-json\/wp\/v2\/comments?post=2107"}],"version-history":[{"count":4,"href":"https:\/\/bit4u.co.ao\/pt\/wp-json\/wp\/v2\/pages\/2107\/revisions"}],"predecessor-version":[{"id":2159,"href":"https:\/\/bit4u.co.ao\/pt\/wp-json\/wp\/v2\/pages\/2107\/revisions\/2159"}],"wp:attachment":[{"href":"https:\/\/bit4u.co.ao\/pt\/wp-json\/wp\/v2\/media?parent=2107"}],"curies":[{"name":"wp","href":"https:\/\/api.w.org\/{rel}","templated":true}]}}