{"id":2222,"date":"2026-03-17T19:51:27","date_gmt":"2026-03-17T22:51:27","guid":{"rendered":"https:\/\/bit4u.co.ao\/?page_id=2222"},"modified":"2026-03-24T06:24:33","modified_gmt":"2026-03-24T09:24:33","slug":"erp-technical-consultant-cegid-primavera","status":"publish","type":"page","link":"https:\/\/bit4u.co.ao\/pt\/erp-technical-consultant-cegid-primavera\/","title":{"rendered":"ERP Technical Consultant Cegid\/Primavera"},"content":{"rendered":"<div data-elementor-type=\"wp-page\" data-elementor-id=\"2222\" class=\"elementor elementor-2222\">\n\t\t\t\t<div class=\"elementor-element elementor-element-0a5e730 e-flex e-con-boxed e-con e-parent\" data-id=\"0a5e730\" data-element_type=\"container\">\n\t\t\t\t\t<div class=\"e-con-inner\">\n\t\t\t\t<div class=\"elementor-element elementor-element-b5d3c70 elementor-widget elementor-widget-spacer\" data-id=\"b5d3c70\" data-element_type=\"widget\" data-widget_type=\"spacer.default\">\n\t\t\t\t\t\t\t<div class=\"elementor-spacer\">\n\t\t\t<div class=\"elementor-spacer-inner\"><\/div>\n\t\t<\/div>\n\t\t\t\t\t\t<\/div>\n\t\t\t\t\t<\/div>\n\t\t\t\t<\/div>\n\t\t<div class=\"elementor-element elementor-element-c23e915 e-flex e-con-boxed e-con e-parent\" data-id=\"c23e915\" data-element_type=\"container\">\n\t\t\t\t\t<div class=\"e-con-inner\">\n\t\t\t\t<div class=\"elementor-element elementor-element-6eb6d30 elementor-widget elementor-widget-text-editor\" data-id=\"6eb6d30\" data-element_type=\"widget\" data-widget_type=\"text-editor.default\">\n\t\t\t\t\t\t\t\t\t<h3>ERP Technical Consultant Cegid\/Primavera\u00a0\u2013 Luanda<\/h3><p>MAR\u00c7O DE 2026<\/p>\t\t\t\t\t\t\t\t<\/div>\n\t\t\t\t\t<\/div>\n\t\t\t\t<\/div>\n\t\t<div class=\"elementor-element elementor-element-a89ae79 e-flex e-con-boxed e-con e-parent\" data-id=\"a89ae79\" data-element_type=\"container\">\n\t\t\t\t\t<div class=\"e-con-inner\">\n\t\t\t\t<div class=\"elementor-element elementor-element-9e9be4a elementor-widget elementor-widget-image\" data-id=\"9e9be4a\" data-element_type=\"widget\" data-widget_type=\"image.default\">\n\t\t\t\t\t\t\t\t\t\t\t\t\t\t\t<img fetchpriority=\"high\" decoding=\"async\" width=\"1024\" height=\"512\" src=\"https:\/\/bit4u.co.ao\/wp-content\/uploads\/2026\/03\/imagem_3_1200x600-1024x512.jpg\" class=\"attachment-large size-large wp-image-2321\" alt=\"\" srcset=\"https:\/\/bit4u.co.ao\/wp-content\/uploads\/2026\/03\/imagem_3_1200x600-1024x512.jpg 1024w, https:\/\/bit4u.co.ao\/wp-content\/uploads\/2026\/03\/imagem_3_1200x600-300x150.jpg 300w, https:\/\/bit4u.co.ao\/wp-content\/uploads\/2026\/03\/imagem_3_1200x600-768x384.jpg 768w, https:\/\/bit4u.co.ao\/wp-content\/uploads\/2026\/03\/imagem_3_1200x600-18x9.jpg 18w, https:\/\/bit4u.co.ao\/wp-content\/uploads\/2026\/03\/imagem_3_1200x600.jpg 1200w\" sizes=\"(max-width: 1024px) 100vw, 1024px\" \/>\t\t\t\t\t\t\t\t\t\t\t\t\t\t\t<\/div>\n\t\t\t\t\t<\/div>\n\t\t\t\t<\/div>\n\t\t<div class=\"elementor-element elementor-element-77a5530 e-flex e-con-boxed e-con e-parent\" data-id=\"77a5530\" data-element_type=\"container\">\n\t\t\t\t\t<div class=\"e-con-inner\">\n\t\t<div class=\"elementor-element elementor-element-97e15de e-con-full e-flex e-con e-child\" data-id=\"97e15de\" data-element_type=\"container\">\n\t\t\t\t<div class=\"elementor-element elementor-element-fe1669c elementor-widget elementor-widget-spacer\" data-id=\"fe1669c\" data-element_type=\"widget\" data-widget_type=\"spacer.default\">\n\t\t\t\t\t\t\t<div class=\"elementor-spacer\">\n\t\t\t<div class=\"elementor-spacer-inner\"><\/div>\n\t\t<\/div>\n\t\t\t\t\t\t<\/div>\n\t\t\t\t<\/div>\n\t\t\t\t\t<\/div>\n\t\t\t\t<\/div>\n\t\t<div class=\"elementor-element elementor-element-ecdab00 e-flex e-con-boxed e-con e-parent\" data-id=\"ecdab00\" data-element_type=\"container\">\n\t\t\t\t\t<div class=\"e-con-inner\">\n\t\t<div class=\"elementor-element elementor-element-bfb8768 e-con-full e-flex e-con e-child\" data-id=\"bfb8768\" data-element_type=\"container\">\n\t\t\t\t<\/div>\n\t\t<div class=\"elementor-element elementor-element-4492671 e-con-full e-flex e-con e-child\" data-id=\"4492671\" data-element_type=\"container\">\n\t\t\t\t<div class=\"elementor-element elementor-element-d5127da elementor-widget elementor-widget-text-editor\" data-id=\"d5127da\" data-element_type=\"widget\" data-widget_type=\"text-editor.default\">\n\t\t\t\t\t\t\t\t\t<h5>ERP Technical Consultant Cegid\/Primavera\u00a0<\/h5><p>A BIT4U &#8211; Sistemas de Informa\u00e7\u00e3o LDA, \u00e9 uma empresa de direito Angolano que atua no setor das Tecnologias de Informa\u00e7\u00e3o e Gest\u00e3o.<br \/>Pretendemos refor\u00e7ar a nossa equipa de Consultoria com um ERP Technical Consultant Cegid\/Primavera, com o seguinte perfil:<\/p><p><strong>Requisitos:<\/strong><br \/>Forma\u00e7\u00e3o superior na \u00e0rea de inform\u00e1tica ou Similar:<br \/>S\u00f3lidos conhecimentos em Desenvolvimento de solu\u00e7\u00f5es em .Net, com forte incid\u00eancia sobre o ERP CegidPrimavera;<br \/>Experiencia Comprovada em SQL (Queries, Views, Store Procedures) e Crystal Reports;<br \/>Conhecimentos e experi\u00eancia em desenvolvimento: C#, WebAPIs, API\u2019s,CSS (valorizado), JavaScript\/<br \/>Conhecimentos de ingl\u00eas;<br \/>Elevado sentido de responsabilidade, autonomia e bom relacionamento interpessoal;<\/p><p><strong>O que oferecemos:<\/strong><br \/>Integra\u00e7\u00e3o Em Empresa Solida<br \/>Bom Ambiente Organizacional <br \/>Oportunidade de crescimento e desenvolvimento profissional<\/p>\t\t\t\t\t\t\t\t<\/div>\n\t\t\t\t<\/div>\n\t\t<div class=\"elementor-element elementor-element-fa1cb2f e-con-full e-flex e-con e-child\" data-id=\"fa1cb2f\" data-element_type=\"container\">\n\t\t\t\t<\/div>\n\t\t\t\t\t<\/div>\n\t\t\t\t<\/div>\n\t\t<div class=\"elementor-element elementor-element-8a1d7f4 e-flex e-con-boxed e-con e-parent\" data-id=\"8a1d7f4\" data-element_type=\"container\">\n\t\t\t\t\t<div class=\"e-con-inner\">\n\t\t\t\t<div class=\"elementor-element elementor-element-912bfa1 elementor-widget elementor-widget-spacer\" data-id=\"912bfa1\" data-element_type=\"widget\" data-widget_type=\"spacer.default\">\n\t\t\t\t\t\t\t<div class=\"elementor-spacer\">\n\t\t\t<div class=\"elementor-spacer-inner\"><\/div>\n\t\t<\/div>\n\t\t\t\t\t\t<\/div>\n\t\t\t\t\t<\/div>\n\t\t\t\t<\/div>\n\t\t<div class=\"elementor-element elementor-element-79f1687 e-flex e-con-boxed e-con e-parent\" data-id=\"79f1687\" data-element_type=\"container\">\n\t\t\t\t\t<div class=\"e-con-inner\">\n\t\t\t\t<div class=\"elementor-element elementor-element-eb08736 elementor-widget elementor-widget-text-editor\" data-id=\"eb08736\" data-element_type=\"widget\" data-widget_type=\"text-editor.default\">\n\t\t\t\t\t\t\t\t\t<p>\n<div class=\"wpcf7 no-js\" id=\"wpcf7-f2174-o1\" lang=\"pt-BR\" dir=\"ltr\" data-wpcf7-id=\"2174\">\n<div class=\"screen-reader-response\"><p role=\"status\" aria-live=\"polite\" aria-atomic=\"true\"><\/p> <ul><\/ul><\/div>\n<form action=\"\/pt\/wp-json\/wp\/v2\/pages\/2222#wpcf7-f2174-o1\" method=\"post\" class=\"wpcf7-form init\" aria-label=\"Formul\u00e1rios de contato\" enctype=\"multipart\/form-data\" novalidate=\"novalidate\" data-status=\"init\" data-trp-original-action=\"\/pt\/wp-json\/wp\/v2\/pages\/2222#wpcf7-f2174-o1\">\n<fieldset class=\"hidden-fields-container\"><input type=\"hidden\" name=\"_wpcf7\" value=\"2174\" \/><input type=\"hidden\" name=\"_wpcf7_version\" value=\"6.1.5\" \/><input type=\"hidden\" name=\"_wpcf7_locale\" value=\"pt_BR\" \/><input type=\"hidden\" name=\"_wpcf7_unit_tag\" value=\"wpcf7-f2174-o1\" \/><input type=\"hidden\" name=\"_wpcf7_container_post\" value=\"0\" \/><input type=\"hidden\" name=\"_wpcf7_posted_data_hash\" value=\"\" \/>\n<\/fieldset>\n<div class=\"cf7-wrapper\">\n\t<h2 class=\"titulo\">Candidata-te\n\t<\/h2>\n\t<div class=\"cf7-row\">\n\t\t<div class=\"cf7-col\">\n\t\t\t<p><span class=\"wpcf7-form-control-wrap\" data-name=\"your-name\"><input size=\"40\" maxlength=\"400\" class=\"wpcf7-form-control wpcf7-text wpcf7-validates-as-required cf7-input\" aria-required=\"true\" aria-invalid=\"false\" placeholder=\"Nome*\" value=\"\" type=\"text\" name=\"your-name\" \/><\/span>\n\t\t\t<\/p>\n\t\t<\/div>\n\t\t<div class=\"cf7-col\">\n\t\t\t<p><span class=\"wpcf7-form-control-wrap\" data-name=\"your-email\"><input size=\"40\" maxlength=\"400\" class=\"wpcf7-form-control wpcf7-email wpcf7-validates-as-required wpcf7-text wpcf7-validates-as-email cf7-input\" aria-required=\"true\" aria-invalid=\"false\" placeholder=\"E-mail*\" value=\"\" type=\"email\" name=\"your-email\" \/><\/span>\n\t\t\t<\/p>\n\t\t<\/div>\n\t<\/div>\n\t<div class=\"cf7-row\">\n\t\t<div class=\"cf7-col\">\n\t\t\t<p><span class=\"wpcf7-form-control-wrap\" data-name=\"telefone\"><input size=\"40\" maxlength=\"400\" class=\"wpcf7-form-control wpcf7-tel wpcf7-text wpcf7-validates-as-tel cf7-input\" aria-invalid=\"false\" placeholder=\"Telem\u00f3vel\" value=\"\" type=\"tel\" name=\"telefone\" \/><\/span>\n\t\t\t<\/p>\n\t\t<\/div>\n\t\t<div class=\"cf7-col upload-box\">\n\t\t\t<p><span class=\"wpcf7-form-control-wrap\" data-name=\"file-cv\"><input size=\"40\" class=\"wpcf7-form-control wpcf7-file cf7-file\" accept=\".pdf\" aria-invalid=\"false\" type=\"file\" name=\"file-cv\" \/><\/span><br \/>\n<span class=\"upload-text\">Anexar Documentos<\/span>\n\t\t\t<\/p>\n\t\t<\/div>\n\t<\/div>\n\t<div class=\"cf7-full\">\n\t\t<p><span class=\"wpcf7-form-control-wrap\" data-name=\"mensagem\"><textarea cols=\"40\" rows=\"10\" maxlength=\"2000\" class=\"wpcf7-form-control wpcf7-textarea cf7-textarea\" aria-invalid=\"false\" placeholder=\"Mensagem*\" name=\"mensagem\"><\/textarea><\/span>\n\t\t<\/p>\n\t<\/div>\n\t<div class=\"cf7-terms\">\n\t\t<p><span class=\"wpcf7-form-control-wrap\" data-name=\"termos\"><span class=\"wpcf7-form-control wpcf7-acceptance\"><span class=\"wpcf7-list-item\"><label><input type=\"checkbox\" name=\"termos\" value=\"1\" aria-invalid=\"false\" \/><span class=\"wpcf7-list-item-label\">Li e aceito a Pol\u00edtica de Privacidade e os Termos &#038; Condi\u00e7\u00f5es.<\/span><\/label><\/span><\/span><\/span>\n\t\t<\/p>\n\t<\/div>\n\t<div class=\"cf7-submit\">\n\t\t<p><input class=\"wpcf7-form-control wpcf7-submit has-spinner\" type=\"submit\" value=\"Submeter\" \/>\n\t\t<\/p>\n\t<\/div>\n<\/div><p style=\"display: none !important;\" class=\"akismet-fields-container\" data-prefix=\"_wpcf7_ak_\"><label>&#916;<textarea name=\"_wpcf7_ak_hp_textarea\" cols=\"45\" rows=\"8\" maxlength=\"100\"><\/textarea><\/label><input type=\"hidden\" id=\"ak_js_1\" name=\"_wpcf7_ak_js\" value=\"168\"\/><script>document.getElementById( \"ak_js_1\" ).setAttribute( \"value\", ( new Date() ).getTime() );<\/script><\/p><div class=\"wpcf7-response-output\" aria-hidden=\"true\"><\/div>\n<input type=\"hidden\" name=\"trp-form-language\" value=\"pt\"\/><\/form>\n<\/div>\n<\/p>\t\t\t\t\t\t\t\t<\/div>\n\t\t\t\t\t<\/div>\n\t\t\t\t<\/div>\n\t\t<div class=\"elementor-element elementor-element-292786d e-flex e-con-boxed e-con e-parent\" data-id=\"292786d\" data-element_type=\"container\">\n\t\t\t\t\t<div class=\"e-con-inner\">\n\t\t\t\t<div class=\"elementor-element elementor-element-2fc783a elementor-widget elementor-widget-spacer\" data-id=\"2fc783a\" data-element_type=\"widget\" data-widget_type=\"spacer.default\">\n\t\t\t\t\t\t\t<div class=\"elementor-spacer\">\n\t\t\t<div class=\"elementor-spacer-inner\"><\/div>\n\t\t<\/div>\n\t\t\t\t\t\t<\/div>\n\t\t\t\t\t<\/div>\n\t\t\t\t<\/div>\n\t\t\t\t<\/div>","protected":false},"excerpt":{"rendered":"<p>ERP Technical Consultant Cegid\/Primavera\u00a0\u2013 Luanda MAR\u00c7O DE 2026 ERP Technical Consultant Cegid\/Primavera\u00a0 A BIT4U &#8211; Sistemas de Informa\u00e7\u00e3o LDA, \u00e9 uma empresa de direito Angolano que atua no setor das Tecnologias de Informa\u00e7\u00e3o e Gest\u00e3o.Pretendemos refor\u00e7ar a nossa equipa de Consultoria com um ERP Technical Consultant Cegid\/Primavera, com o seguinte perfil: Requisitos:Forma\u00e7\u00e3o superior na \u00e0rea [&hellip;]<\/p>","protected":false},"author":1,"featured_media":0,"parent":0,"menu_order":0,"comment_status":"closed","ping_status":"closed","template":"","meta":{"footnotes":""},"class_list":["post-2222","page","type-page","status-publish","hentry"],"_links":{"self":[{"href":"https:\/\/bit4u.co.ao\/pt\/wp-json\/wp\/v2\/pages\/2222","targetHints":{"allow":["GET"]}}],"collection":[{"href":"https:\/\/bit4u.co.ao\/pt\/wp-json\/wp\/v2\/pages"}],"about":[{"href":"https:\/\/bit4u.co.ao\/pt\/wp-json\/wp\/v2\/types\/page"}],"author":[{"embeddable":true,"href":"https:\/\/bit4u.co.ao\/pt\/wp-json\/wp\/v2\/users\/1"}],"replies":[{"embeddable":true,"href":"https:\/\/bit4u.co.ao\/pt\/wp-json\/wp\/v2\/comments?post=2222"}],"version-history":[{"count":13,"href":"https:\/\/bit4u.co.ao\/pt\/wp-json\/wp\/v2\/pages\/2222\/revisions"}],"predecessor-version":[{"id":2324,"href":"https:\/\/bit4u.co.ao\/pt\/wp-json\/wp\/v2\/pages\/2222\/revisions\/2324"}],"wp:attachment":[{"href":"https:\/\/bit4u.co.ao\/pt\/wp-json\/wp\/v2\/media?parent=2222"}],"curies":[{"name":"wp","href":"https:\/\/api.w.org\/{rel}","templated":true}]}}