{"id":898,"date":"2020-09-14T07:28:19","date_gmt":"2020-09-14T07:28:19","guid":{"rendered":"http:\/\/wpdemo.archiwp.com\/maxbizz\/?page_id=898"},"modified":"2026-03-04T17:34:13","modified_gmt":"2026-03-04T20:34:13","slug":"cegid-primavera","status":"publish","type":"page","link":"https:\/\/bit4u.co.ao\/pt\/servicos\/cegid-primavera\/","title":{"rendered":"CEGID PRIMAVERA"},"content":{"rendered":"<div data-elementor-type=\"wp-page\" data-elementor-id=\"898\" class=\"elementor elementor-898\">\n\t\t\t\t\t\t<section class=\"elementor-section elementor-top-section elementor-element elementor-element-317e6d4 elementor-reverse-tablet elementor-reverse-mobile elementor-section-boxed elementor-section-height-default elementor-section-height-default\" data-id=\"317e6d4\" data-element_type=\"section\">\n\t\t\t\t\t\t<div class=\"elementor-container elementor-column-gap-extended\">\n\t\t\t\t\t<div class=\"elementor-column elementor-col-50 elementor-top-column elementor-element elementor-element-efbeefb ot-flex-column-vertical\" data-id=\"efbeefb\" data-element_type=\"column\">\n\t\t\t<div class=\"elementor-widget-wrap elementor-element-populated\">\n\t\t\t\t\t\t<div class=\"elementor-element elementor-element-f82bab9 elementor-widget elementor-widget-image\" data-id=\"f82bab9\" data-element_type=\"widget\" data-widget_type=\"image.default\">\n\t\t\t\t\t\t\t\t\t\t\t\t\t\t\t<img fetchpriority=\"high\" decoding=\"async\" width=\"770\" height=\"434\" src=\"https:\/\/bit4u.co.ao\/wp-content\/uploads\/2026\/02\/cegid-erp-evolution-pme-1-770x434-1.png\" class=\"attachment-full size-full wp-image-1643\" alt=\"\" srcset=\"https:\/\/bit4u.co.ao\/wp-content\/uploads\/2026\/02\/cegid-erp-evolution-pme-1-770x434-1.png 770w, https:\/\/bit4u.co.ao\/wp-content\/uploads\/2026\/02\/cegid-erp-evolution-pme-1-770x434-1-300x169.png 300w, https:\/\/bit4u.co.ao\/wp-content\/uploads\/2026\/02\/cegid-erp-evolution-pme-1-770x434-1-768x433.png 768w, https:\/\/bit4u.co.ao\/wp-content\/uploads\/2026\/02\/cegid-erp-evolution-pme-1-770x434-1-18x10.png 18w\" sizes=\"(max-width: 770px) 100vw, 770px\" \/>\t\t\t\t\t\t\t\t\t\t\t\t\t\t\t<\/div>\n\t\t\t\t<div class=\"elementor-element elementor-element-d516166 elementor-widget elementor-widget-heading\" data-id=\"d516166\" data-element_type=\"widget\" data-widget_type=\"heading.default\">\n\t\t\t\t\t<h3 class=\"elementor-heading-title elementor-size-default\">CEGID PRIMAVERA \n<\/h3>\t\t\t\t<\/div>\n\t\t\t\t<div class=\"elementor-element elementor-element-692f545 elementor-widget elementor-widget-heading\" data-id=\"692f545\" data-element_type=\"widget\" data-widget_type=\"heading.default\">\n\t\t\t\t\t<h5 class=\"elementor-heading-title elementor-size-default\">ERP Cegid Evolution<\/h5>\t\t\t\t<\/div>\n\t\t\t\t<div class=\"elementor-element elementor-element-611317c elementor-widget elementor-widget-text-editor\" data-id=\"611317c\" data-element_type=\"widget\" data-widget_type=\"text-editor.default\">\n\t\t\t\t\t\t\t\t\t<p>Uma plataforma totalmente integrada que elimina silos de informa\u00e7\u00e3o, reduz inefici\u00eancias operacionais e disponibiliza dados em tempo real para decis\u00f5es mais r\u00e1pidas, informadas e estrat\u00e9gicas.<\/p><p><strong><b>Atualiza\u00e7\u00f5es em Tempo Real<\/b><\/strong><\/p><p>Sistema sempre atualizado e em conformidade com a legisla\u00e7\u00e3o em vigor, atrav\u00e9s de atualiza\u00e7\u00f5es autom\u00e1ticas cont\u00ednuas que acompanham altera\u00e7\u00f5es legais e requisitos fiscais.<\/p><p><strong><b>Modelo de Subscri\u00e7\u00e3o<\/b><\/strong><\/p><p>Modelo flex\u00edvel baseado em subscri\u00e7\u00e3o, com planos ajustados \u00e0 utiliza\u00e7\u00e3o, menor investimento inicial e capacidade de escalar \u00e0 medida que o neg\u00f3cio cresce.<\/p><p><strong><b>Customiza\u00e7\u00e3o e Integra\u00e7\u00f5es<\/b><\/strong><\/p><p>Altamente configur\u00e1vel e f\u00e1cil de integrar com sistemas existentes, adapta-se aos seus processos em vez de impor mudan\u00e7as organizacionais r\u00edgidas.<\/p><p><strong><b>Sistema de Reporting Atualizado<\/b><\/strong><\/p><p>Dashboards din\u00e2micos e relat\u00f3rios sempre atualizados que aceleram a an\u00e1lise de desempenho e refor\u00e7am a execu\u00e7\u00e3o operacional e financeira.<\/p><p><strong><b>Intelig\u00eancia Artificial<\/b><\/strong><\/p><p>Agentes de IA Cegid Pulse que recomendam a\u00e7\u00f5es, identificam riscos, enviam alertas proativos e simplificam tarefas di\u00e1rias no ERP, aumentando a produtividade e a efici\u00eancia.<\/p>\t\t\t\t\t\t\t\t<\/div>\n\t\t\t\t<section class=\"elementor-section elementor-inner-section elementor-element elementor-element-5d64ec6 elementor-section-boxed elementor-section-height-default elementor-section-height-default\" data-id=\"5d64ec6\" data-element_type=\"section\" data-settings=\"{&quot;background_background&quot;:&quot;classic&quot;}\">\n\t\t\t\t\t\t<div class=\"elementor-container elementor-column-gap-default\">\n\t\t\t\t\t<div class=\"elementor-column elementor-col-100 elementor-inner-column elementor-element elementor-element-19280c6 ot-flex-column-vertical\" data-id=\"19280c6\" data-element_type=\"column\">\n\t\t\t<div class=\"elementor-widget-wrap elementor-element-populated\">\n\t\t\t\t\t\t<div class=\"elementor-element elementor-element-7205aed section-baner elementor-widget__width-initial elementor-widget elementor-widget-text-editor\" data-id=\"7205aed\" data-element_type=\"widget\" data-widget_type=\"text-editor.default\">\n\t\t\t\t\t\t\t\t\t<h3>\u00a0<strong>CEGID PRIMAVERA<\/strong><\/h3><p>\u00a0<\/p><p>\u00a0<\/p><p>\u00a0<\/p>\t\t\t\t\t\t\t\t<\/div>\n\t\t\t\t\t<\/div>\n\t\t<\/div>\n\t\t\t\t\t<\/div>\n\t\t<\/section>\n\t\t\t\t<div class=\"elementor-element elementor-element-25b91f9 elementor-widget__width-initial elementor-widget elementor-widget-text-editor\" data-id=\"25b91f9\" data-element_type=\"widget\" data-widget_type=\"text-editor.default\">\n\t\t\t\t\t\t\t\t\t<p>O\u00a0<strong><b>Cegid Evolution<\/b><\/strong>\u00a0\u00e9 um ERP completo e escal\u00e1vel, desenhado para acompanhar empresas em todas as fases de crescimento.<\/p><p>Desde microempresas que procuram uma solu\u00e7\u00e3o simples e preparada para o futuro, passando por PMEs que necessitam de um sistema integrado de gest\u00e3o, at\u00e9 organiza\u00e7\u00f5es de maior dimens\u00e3o que exigem controlo global e insights avan\u00e7ados sobre o desempenho do neg\u00f3cio \u2014 o Evolution adapta-se \u00e0 realidade de cada empresa.<\/p><p>Inclui ainda uma proposta dedicada a escrit\u00f3rios de contabilidade, com fluxos colaborativos, automa\u00e7\u00e3o fiscal e integra\u00e7\u00e3o dos processos dos clientes num \u00fanico ecossistema.<\/p><p><b>\u00a0 \u00a0 \u00a0 \u00a0 \u00a0IA Generativa e Anal\u00edtica<\/b><\/p><p>O\u00a0Cegid Pulse, conjunto de agentes de IA generativa, utiliza os dados do ERP para recomendar a\u00e7\u00f5es, identificar desvios, antecipar riscos e apoiar a tomada de decis\u00e3o. Com dashboards din\u00e2micos e relat\u00f3rios de gest\u00e3o permanentemente atualizados, as equipas passam a decidir com base em dados fi\u00e1veis e em tempo real, aumentando produtividade e capacidade de resposta.<\/p><p><strong>\u00a0 Conformidade e Atualiza\u00e7\u00e3o Cont\u00ednua<\/strong><\/p><p>O Evolution \u00e9 uma solu\u00e7\u00e3o \u201csempre atual e em conformidade\u201d, com atualiza\u00e7\u00f5es legais e fiscais autom\u00e1ticas que reduzem riscos e eliminam esfor\u00e7o administrativo. A automatiza\u00e7\u00e3o do reporting fiscal e a comunica\u00e7\u00e3o nativa com entidades oficiais, integrada no ecossistema Cegid, refor\u00e7am a seguran\u00e7a e a conformidade operacional.<\/p><p><strong>\u00a0 \u00a0 \u00a0 \u00a0Planos e Escalabilidade<\/strong><\/p><p>A estrutura modular inclui v\u00e1rios planos \u2014 Essentials, Standard, Plus, Premium e Ultimate \u2014 permitindo alinhar funcionalidades com a maturidade digital e o or\u00e7amento da organiza\u00e7\u00e3o. A evolu\u00e7\u00e3o entre planos \u00e9 simples e segura, preservando dados, configura\u00e7\u00f5es e hist\u00f3rico, garantindo continuidade e minimizando impactos na opera\u00e7\u00e3o.<\/p><p><strong>\u00a0 \u00a0 \u00a0Arquitetura e Implementa\u00e7\u00e3o<\/strong><\/p><p>O Evolution pode ser implementado em Cloud ou on-premises, oferecendo flexibilidade para cumprir pol\u00edticas internas e prefer\u00eancias tecnol\u00f3gicas.<\/p><p>\u00a0A abordagem modular, organizada por planos e verticais setoriais, permite uma ado\u00e7\u00e3o faseada e uma evolu\u00e7\u00e3o controlada do core financeiro e operacional.<\/p><p><strong>\u00a0 \u00a0 \u00a0Integra\u00e7\u00e3o e Extensibilidade<\/strong><\/p><p>A plataforma disponibiliza Web API e suporta webhooks, transformando o ERP no verdadeiro painel de controlo do neg\u00f3cio.<\/p><p>A integra\u00e7\u00e3o com sistemas terceiros \u2014 como e-commerce, CRM, BI e solu\u00e7\u00f5es verticais \u2014 elimina silos de informa\u00e7\u00e3o, reduz retrabalho e acelera o time-to-value.<\/p>\t\t\t\t\t\t\t\t<\/div>\n\t\t\t\t\t<\/div>\n\t\t<\/div>\n\t\t\t\t<div class=\"elementor-column elementor-col-50 elementor-top-column elementor-element elementor-element-94af6c9 ot-flex-column-vertical\" data-id=\"94af6c9\" data-element_type=\"column\">\n\t\t\t<div class=\"elementor-widget-wrap elementor-element-populated\">\n\t\t\t\t\t\t<div class=\"elementor-element elementor-element-4e4cb68 elementor-widget elementor-widget-heading\" data-id=\"4e4cb68\" data-element_type=\"widget\" data-widget_type=\"heading.default\">\n\t\t\t\t\t<h6 class=\"elementor-heading-title elementor-size-default\">Servi\u00e7os<\/h6>\t\t\t\t<\/div>\n\t\t\t\t<section class=\"elementor-section elementor-inner-section elementor-element elementor-element-1ebc8a8 elementor-section-full_width elementor-section-height-default elementor-section-height-default\" data-id=\"1ebc8a8\" data-element_type=\"section\">\n\t\t\t\t\t\t<div class=\"elementor-container elementor-column-gap-no\">\n\t\t\t\t\t<div class=\"elementor-column elementor-col-50 elementor-inner-column elementor-element elementor-element-3d2f32e ot-flex-column-vertical\" data-id=\"3d2f32e\" data-element_type=\"column\">\n\t\t\t<div class=\"elementor-widget-wrap elementor-element-populated\">\n\t\t\t\t\t\t<div class=\"elementor-element elementor-element-83881c6 widget-title elementor-widget-divider--view-line elementor-widget elementor-widget-divider\" data-id=\"83881c6\" data-element_type=\"widget\" data-widget_type=\"divider.default\">\n\t\t\t\t\t\t\t<div class=\"elementor-divider\">\n\t\t\t<span class=\"elementor-divider-separator\">\n\t\t\t\t\t\t<\/span>\n\t\t<\/div>\n\t\t\t\t\t\t<\/div>\n\t\t\t\t\t<\/div>\n\t\t<\/div>\n\t\t\t\t<div class=\"elementor-column elementor-col-50 elementor-inner-column elementor-element elementor-element-fcdefbb ot-flex-column-vertical\" data-id=\"fcdefbb\" data-element_type=\"column\">\n\t\t\t<div class=\"elementor-widget-wrap elementor-element-populated\">\n\t\t\t\t\t\t<div class=\"elementor-element elementor-element-82d1d05 elementor-widget-divider--view-line elementor-widget elementor-widget-divider\" data-id=\"82d1d05\" data-element_type=\"widget\" data-widget_type=\"divider.default\">\n\t\t\t\t\t\t\t<div class=\"elementor-divider\">\n\t\t\t<span class=\"elementor-divider-separator\">\n\t\t\t\t\t\t<\/span>\n\t\t<\/div>\n\t\t\t\t\t\t<\/div>\n\t\t\t\t\t<\/div>\n\t\t<\/div>\n\t\t\t\t\t<\/div>\n\t\t<\/section>\n\t\t\t\t<div class=\"elementor-element elementor-element-2301f15 elementor-icon-list--layout-traditional elementor-list-item-link-full_width elementor-widget elementor-widget-icon-list\" data-id=\"2301f15\" data-element_type=\"widget\" data-widget_type=\"icon-list.default\">\n\t\t\t\t\t\t\t<ul class=\"elementor-icon-list-items\">\n\t\t\t\t\t\t\t<li class=\"elementor-icon-list-item\">\n\t\t\t\t\t\t\t\t\t\t\t<a href=\"https:\/\/bit4u.co.ao\/pt\/servicos\/moving2u-piking-armazem\/\">\n\n\t\t\t\t\t\t\t\t\t\t\t\t<span class=\"elementor-icon-list-icon\">\n\t\t\t\t\t\t\t<svg xmlns=\"http:\/\/www.w3.org\/2000\/svg\" xmlns:xlink=\"http:\/\/www.w3.org\/1999\/xlink\" id=\"Capa_1\" x=\"0px\" y=\"0px\" viewbox=\"0 0 29.107 29.107\" style=\"enable-background:new 0 0 29.107 29.107;\" xml:space=\"preserve\"><g>\t<g id=\"c147_full_moon\">\t\t<g>\t\t\t<path d=\"M14.554,0C6.561,0,0,6.562,0,14.552c0,7.996,6.561,14.555,14.554,14.555c7.996,0,14.553-6.559,14.553-14.555    C29.106,6.562,22.55,0,14.554,0z\"><\/path>\t\t<\/g>\t<\/g>\t<g id=\"Capa_1_14_\">\t<\/g><\/g><g><\/g><g><\/g><g><\/g><g><\/g><g><\/g><g><\/g><g><\/g><g><\/g><g><\/g><g><\/g><g><\/g><g><\/g><g><\/g><g><\/g><g><\/g><\/svg>\t\t\t\t\t\t<\/span>\n\t\t\t\t\t\t\t\t\t\t<span class=\"elementor-icon-list-text\">Moving2U \u2013 Piking Armaz\u00e9m <\/span>\n\t\t\t\t\t\t\t\t\t\t\t<\/a>\n\t\t\t\t\t\t\t\t\t<\/li>\n\t\t\t\t\t\t\t\t<li class=\"elementor-icon-list-item\">\n\t\t\t\t\t\t\t\t\t\t\t<a href=\"https:\/\/bit4u.co.ao\/pt\/servicos\/filedoc-gestao-documental\/\">\n\n\t\t\t\t\t\t\t\t\t\t\t\t<span class=\"elementor-icon-list-icon\">\n\t\t\t\t\t\t\t<svg xmlns=\"http:\/\/www.w3.org\/2000\/svg\" xmlns:xlink=\"http:\/\/www.w3.org\/1999\/xlink\" id=\"Capa_1\" x=\"0px\" y=\"0px\" viewbox=\"0 0 29.107 29.107\" style=\"enable-background:new 0 0 29.107 29.107;\" xml:space=\"preserve\"><g>\t<g id=\"c147_full_moon\">\t\t<g>\t\t\t<path d=\"M14.554,0C6.561,0,0,6.562,0,14.552c0,7.996,6.561,14.555,14.554,14.555c7.996,0,14.553-6.559,14.553-14.555    C29.106,6.562,22.55,0,14.554,0z\"><\/path>\t\t<\/g>\t<\/g>\t<g id=\"Capa_1_14_\">\t<\/g><\/g><g><\/g><g><\/g><g><\/g><g><\/g><g><\/g><g><\/g><g><\/g><g><\/g><g><\/g><g><\/g><g><\/g><g><\/g><g><\/g><g><\/g><g><\/g><\/svg>\t\t\t\t\t\t<\/span>\n\t\t\t\t\t\t\t\t\t\t<span class=\"elementor-icon-list-text\">FileDoc \u2013 Gest\u00e3o Documental<\/span>\n\t\t\t\t\t\t\t\t\t\t\t<\/a>\n\t\t\t\t\t\t\t\t\t<\/li>\n\t\t\t\t\t\t\t\t<li class=\"elementor-icon-list-item\">\n\t\t\t\t\t\t\t\t\t\t\t<a href=\"https:\/\/bit4u.co.ao\/pt\/servicos\/sistemas-e-comunicacoes\/\">\n\n\t\t\t\t\t\t\t\t\t\t\t\t<span class=\"elementor-icon-list-icon\">\n\t\t\t\t\t\t\t<svg xmlns=\"http:\/\/www.w3.org\/2000\/svg\" xmlns:xlink=\"http:\/\/www.w3.org\/1999\/xlink\" id=\"Capa_1\" x=\"0px\" y=\"0px\" viewbox=\"0 0 29.107 29.107\" style=\"enable-background:new 0 0 29.107 29.107;\" xml:space=\"preserve\"><g>\t<g id=\"c147_full_moon\">\t\t<g>\t\t\t<path d=\"M14.554,0C6.561,0,0,6.562,0,14.552c0,7.996,6.561,14.555,14.554,14.555c7.996,0,14.553-6.559,14.553-14.555    C29.106,6.562,22.55,0,14.554,0z\"><\/path>\t\t<\/g>\t<\/g>\t<g id=\"Capa_1_14_\">\t<\/g><\/g><g><\/g><g><\/g><g><\/g><g><\/g><g><\/g><g><\/g><g><\/g><g><\/g><g><\/g><g><\/g><g><\/g><g><\/g><g><\/g><g><\/g><g><\/g><\/svg>\t\t\t\t\t\t<\/span>\n\t\t\t\t\t\t\t\t\t\t<span class=\"elementor-icon-list-text\">Sistemas e Comunica\u00e7\u00f5es<\/span>\n\t\t\t\t\t\t\t\t\t\t\t<\/a>\n\t\t\t\t\t\t\t\t\t<\/li>\n\t\t\t\t\t\t<\/ul>\n\t\t\t\t\t\t<\/div>\n\t\t\t\t<div class=\"elementor-element elementor-element-86a5b1b elementor-widget elementor-widget-heading\" data-id=\"86a5b1b\" data-element_type=\"widget\" data-widget_type=\"heading.default\">\n\t\t\t\t\t<h6 class=\"elementor-heading-title elementor-size-default\">Contactos<\/h6>\t\t\t\t<\/div>\n\t\t\t\t<section class=\"elementor-section elementor-inner-section elementor-element elementor-element-cb92309 elementor-section-full_width elementor-section-height-default elementor-section-height-default\" data-id=\"cb92309\" data-element_type=\"section\">\n\t\t\t\t\t\t<div class=\"elementor-container elementor-column-gap-no\">\n\t\t\t\t\t<div class=\"elementor-column elementor-col-50 elementor-inner-column elementor-element elementor-element-2b9345c ot-flex-column-vertical\" data-id=\"2b9345c\" data-element_type=\"column\">\n\t\t\t<div class=\"elementor-widget-wrap elementor-element-populated\">\n\t\t\t\t\t\t<div class=\"elementor-element elementor-element-798f2b3 widget-title elementor-widget-divider--view-line elementor-widget elementor-widget-divider\" data-id=\"798f2b3\" data-element_type=\"widget\" data-widget_type=\"divider.default\">\n\t\t\t\t\t\t\t<div class=\"elementor-divider\">\n\t\t\t<span class=\"elementor-divider-separator\">\n\t\t\t\t\t\t<\/span>\n\t\t<\/div>\n\t\t\t\t\t\t<\/div>\n\t\t\t\t\t<\/div>\n\t\t<\/div>\n\t\t\t\t<div class=\"elementor-column elementor-col-50 elementor-inner-column elementor-element elementor-element-46c4dc2 ot-flex-column-vertical\" data-id=\"46c4dc2\" data-element_type=\"column\">\n\t\t\t<div class=\"elementor-widget-wrap elementor-element-populated\">\n\t\t\t\t\t\t<div class=\"elementor-element elementor-element-a5a16d3 elementor-widget-divider--view-line elementor-widget elementor-widget-divider\" data-id=\"a5a16d3\" data-element_type=\"widget\" data-widget_type=\"divider.default\">\n\t\t\t\t\t\t\t<div class=\"elementor-divider\">\n\t\t\t<span class=\"elementor-divider-separator\">\n\t\t\t\t\t\t<\/span>\n\t\t<\/div>\n\t\t\t\t\t\t<\/div>\n\t\t\t\t\t<\/div>\n\t\t<\/div>\n\t\t\t\t\t<\/div>\n\t\t<\/section>\n\t\t\t\t<div class=\"elementor-element elementor-element-e084289 elementor-position-inline-start elementor-view-default elementor-mobile-position-block-start elementor-widget elementor-widget-icon-box\" data-id=\"e084289\" data-element_type=\"widget\" data-widget_type=\"icon-box.default\">\n\t\t\t\t\t\t\t<div class=\"elementor-icon-box-wrapper\">\n\n\t\t\t\t\t\t<div class=\"elementor-icon-box-icon\">\n\t\t\t\t<span  class=\"elementor-icon\">\n\t\t\t\t<svg xmlns=\"http:\/\/www.w3.org\/2000\/svg\" xmlns:xlink=\"http:\/\/www.w3.org\/1999\/xlink\" x=\"0px\" y=\"0px\" viewbox=\"0 0 512 512\" style=\"enable-background:new 0 0 512 512;\" xml:space=\"preserve\"><g>\t<g>\t\t<path d=\"M256,0C150.125,0,64,86.135,64,192c0,141.646,177.146,310,184.688,317.104C250.75,511.031,253.375,512,256,512   s5.25-0.969,7.313-2.896C270.854,502,448,333.646,448,192C448,86.135,361.875,0,256,0z M256,298.667   c-58.813,0-106.667-47.854-106.667-106.667S197.188,85.333,256,85.333S362.667,133.188,362.667,192S314.813,298.667,256,298.667z\"><\/path>\t<\/g><\/g><\/svg>\t\t\t\t<\/span>\n\t\t\t<\/div>\n\t\t\t\n\t\t\t\t\t\t<div class=\"elementor-icon-box-content\">\n\n\t\t\t\t\t\t\t\t\t<h6 class=\"elementor-icon-box-title\">\n\t\t\t\t\t\t<span  >\n\t\t\t\t\t\t\tVisite-nos sempre\t\t\t\t\t\t<\/span>\n\t\t\t\t\t<\/h6>\n\t\t\t\t\n\t\t\t\t\t\t\t\t\t<p class=\"elementor-icon-box-description\">\n\t\t\t\t\t\tAv\u00aa Cmdte Gika, 241, Luanda Alvalade\t\t\t\t\t<\/p>\n\t\t\t\t\n\t\t\t<\/div>\n\t\t\t\n\t\t<\/div>\n\t\t\t\t\t\t<\/div>\n\t\t\t\t<div class=\"elementor-element elementor-element-b3e48c6 elementor-position-inline-start elementor-view-default elementor-mobile-position-block-start elementor-widget elementor-widget-icon-box\" data-id=\"b3e48c6\" data-element_type=\"widget\" data-widget_type=\"icon-box.default\">\n\t\t\t\t\t\t\t<div class=\"elementor-icon-box-wrapper\">\n\n\t\t\t\t\t\t<div class=\"elementor-icon-box-icon\">\n\t\t\t\t<a href=\"tel:+1-800-456-478-23\" class=\"elementor-icon\" tabindex=\"-1\" aria-label=\"Tem Perguntas  ?\">\n\t\t\t\t<svg xmlns=\"http:\/\/www.w3.org\/2000\/svg\" xmlns:xlink=\"http:\/\/www.w3.org\/1999\/xlink\" x=\"0px\" y=\"0px\" viewbox=\"0 0 384 384\" style=\"enable-background:new 0 0 384 384;\" xml:space=\"preserve\"><g>\t<g>\t\t<path d=\"M353.188,252.052c-23.51,0-46.594-3.677-68.469-10.906c-10.719-3.656-23.896-0.302-30.438,6.417l-43.177,32.594   c-50.073-26.729-80.917-57.563-107.281-107.26l31.635-42.052c8.219-8.208,11.167-20.198,7.635-31.448   c-7.26-21.99-10.948-45.063-10.948-68.583C132.146,13.823,118.323,0,101.333,0H30.813C13.823,0,0,13.823,0,30.813   C0,225.563,158.438,384,353.188,384c16.99,0,30.813-13.823,30.813-30.813v-70.323C384,265.875,370.177,252.052,353.188,252.052z\"><\/path>\t<\/g><\/g><\/svg>\t\t\t\t<\/a>\n\t\t\t<\/div>\n\t\t\t\n\t\t\t\t\t\t<div class=\"elementor-icon-box-content\">\n\n\t\t\t\t\t\t\t\t\t<h6 class=\"elementor-icon-box-title\">\n\t\t\t\t\t\t<a href=\"tel:+1-800-456-478-23\" >\n\t\t\t\t\t\t\tTem Perguntas  ?\t\t\t\t\t\t<\/a>\n\t\t\t\t\t<\/h6>\n\t\t\t\t\n\t\t\t\t\t\t\t\t\t<p class=\"elementor-icon-box-description\">\n\t\t\t\t\t\t+244 934454622  <br> +244 932401564\t\t\t\t\t<\/p>\n\t\t\t\t\n\t\t\t<\/div>\n\t\t\t\n\t\t<\/div>\n\t\t\t\t\t\t<\/div>\n\t\t\t\t<div class=\"elementor-element elementor-element-492df2b elementor-position-inline-start elementor-view-default elementor-mobile-position-block-start elementor-widget elementor-widget-icon-box\" data-id=\"492df2b\" data-element_type=\"widget\" data-widget_type=\"icon-box.default\">\n\t\t\t\t\t\t\t<div class=\"elementor-icon-box-wrapper\">\n\n\t\t\t\t\t\t<div class=\"elementor-icon-box-icon\">\n\t\t\t\t<a href=\"mailto:comercial@bit4u.co.ao\" class=\"elementor-icon\" tabindex=\"-1\" aria-label=\"EMail-s\">\n\t\t\t\t<svg xmlns=\"http:\/\/www.w3.org\/2000\/svg\" viewbox=\"0 0 24 24\"><path d=\"m8.75 17.612v4.638c0 .324.208.611.516.713.077.025.156.037.234.037.234 0 .46-.11.604-.306l2.713-3.692z\"><\/path><path d=\"m23.685.139c-.23-.163-.532-.185-.782-.054l-22.5 11.75c-.266.139-.423.423-.401.722.023.3.222.556.505.653l6.255 2.138 13.321-11.39-10.308 12.419 10.483 3.583c.078.026.16.04.242.04.136 0 .271-.037.39-.109.19-.116.319-.311.352-.53l2.75-18.5c.041-.28-.077-.558-.307-.722z\"><\/path><\/svg>\t\t\t\t<\/a>\n\t\t\t<\/div>\n\t\t\t\n\t\t\t\t\t\t<div class=\"elementor-icon-box-content\">\n\n\t\t\t\t\t\t\t\t\t<h6 class=\"elementor-icon-box-title\">\n\t\t\t\t\t\t<a href=\"mailto:comercial@bit4u.co.ao\" >\n\t\t\t\t\t\t\tEMail-s\t\t\t\t\t\t<\/a>\n\t\t\t\t\t<\/h6>\n\t\t\t\t\n\t\t\t\t\t\t\t\t\t<p class=\"elementor-icon-box-description\">\n\t\t\t\t\t\tcomercial@bit4u.co.ao\t\t\t\t\t<\/p>\n\t\t\t\t\n\t\t\t<\/div>\n\t\t\t\n\t\t<\/div>\n\t\t\t\t\t\t<\/div>\n\t\t\t\t<div class=\"elementor-element elementor-element-d978f37 elementor-widget elementor-widget-image\" data-id=\"d978f37\" data-element_type=\"widget\" data-widget_type=\"image.default\">\n\t\t\t\t\t\t\t\t\t\t\t\t\t\t\t\t<a href=\"#\">\n\t\t\t\t\t\t\t<img decoding=\"async\" width=\"1589\" height=\"590\" src=\"https:\/\/bit4u.co.ao\/wp-content\/uploads\/2026\/02\/WhatsApp-Image-2026-01-15-at-11.29.45.jpeg\" class=\"attachment-full size-full wp-image-1626\" alt=\"\" srcset=\"https:\/\/bit4u.co.ao\/wp-content\/uploads\/2026\/02\/WhatsApp-Image-2026-01-15-at-11.29.45.jpeg 1589w, https:\/\/bit4u.co.ao\/wp-content\/uploads\/2026\/02\/WhatsApp-Image-2026-01-15-at-11.29.45-300x111.jpeg 300w, https:\/\/bit4u.co.ao\/wp-content\/uploads\/2026\/02\/WhatsApp-Image-2026-01-15-at-11.29.45-1024x380.jpeg 1024w, https:\/\/bit4u.co.ao\/wp-content\/uploads\/2026\/02\/WhatsApp-Image-2026-01-15-at-11.29.45-768x285.jpeg 768w, https:\/\/bit4u.co.ao\/wp-content\/uploads\/2026\/02\/WhatsApp-Image-2026-01-15-at-11.29.45-1536x570.jpeg 1536w, https:\/\/bit4u.co.ao\/wp-content\/uploads\/2026\/02\/WhatsApp-Image-2026-01-15-at-11.29.45-18x7.jpeg 18w\" sizes=\"(max-width: 1589px) 100vw, 1589px\" \/>\t\t\t\t\t\t\t\t<\/a>\n\t\t\t\t\t\t\t\t\t\t\t\t\t\t\t<\/div>\n\t\t\t\t\t<\/div>\n\t\t<\/div>\n\t\t\t\t\t<\/div>\n\t\t<\/section>\n\t\t\t\t<\/div>","protected":false},"excerpt":{"rendered":"<p>CEGID PRIMAVERA ERP Cegid Evolution Uma plataforma totalmente integrada que elimina silos de informa\u00e7\u00e3o, reduz inefici\u00eancias operacionais e disponibiliza dados em tempo real para decis\u00f5es mais r\u00e1pidas, informadas e estrat\u00e9gicas. Atualiza\u00e7\u00f5es em Tempo Real Sistema sempre atualizado e em conformidade com a legisla\u00e7\u00e3o em vigor, atrav\u00e9s de atualiza\u00e7\u00f5es autom\u00e1ticas cont\u00ednuas que acompanham altera\u00e7\u00f5es legais e [&hellip;]<\/p>","protected":false},"author":1,"featured_media":1733,"parent":868,"menu_order":0,"comment_status":"closed","ping_status":"closed","template":"","meta":{"footnotes":""},"class_list":["post-898","page","type-page","status-publish","has-post-thumbnail","hentry"],"_links":{"self":[{"href":"https:\/\/bit4u.co.ao\/pt\/wp-json\/wp\/v2\/pages\/898","targetHints":{"allow":["GET"]}}],"collection":[{"href":"https:\/\/bit4u.co.ao\/pt\/wp-json\/wp\/v2\/pages"}],"about":[{"href":"https:\/\/bit4u.co.ao\/pt\/wp-json\/wp\/v2\/types\/page"}],"author":[{"embeddable":true,"href":"https:\/\/bit4u.co.ao\/pt\/wp-json\/wp\/v2\/users\/1"}],"replies":[{"embeddable":true,"href":"https:\/\/bit4u.co.ao\/pt\/wp-json\/wp\/v2\/comments?post=898"}],"version-history":[{"count":44,"href":"https:\/\/bit4u.co.ao\/pt\/wp-json\/wp\/v2\/pages\/898\/revisions"}],"predecessor-version":[{"id":2018,"href":"https:\/\/bit4u.co.ao\/pt\/wp-json\/wp\/v2\/pages\/898\/revisions\/2018"}],"up":[{"embeddable":true,"href":"https:\/\/bit4u.co.ao\/pt\/wp-json\/wp\/v2\/pages\/868"}],"wp:featuredmedia":[{"embeddable":true,"href":"https:\/\/bit4u.co.ao\/pt\/wp-json\/wp\/v2\/media\/1733"}],"wp:attachment":[{"href":"https:\/\/bit4u.co.ao\/pt\/wp-json\/wp\/v2\/media?parent=898"}],"curies":[{"name":"wp","href":"https:\/\/api.w.org\/{rel}","templated":true}]}}