{"id":959,"date":"2020-09-17T04:03:11","date_gmt":"2020-09-17T04:03:11","guid":{"rendered":"http:\/\/wpdemo.archiwp.com\/maxbizz\/?page_id=959"},"modified":"2026-03-01T23:24:39","modified_gmt":"2026-03-02T02:24:39","slug":"moving2u-picking-armazem","status":"publish","type":"page","link":"https:\/\/bit4u.co.ao\/pt\/servicos\/moving2u-picking-armazem\/","title":{"rendered":"Moving2U \u2013 Picking Armaz\u00e9m"},"content":{"rendered":"<div data-elementor-type=\"wp-page\" data-elementor-id=\"959\" class=\"elementor elementor-959\">\n\t\t\t\t\t\t<section class=\"elementor-section elementor-top-section elementor-element elementor-element-41c2f83 elementor-section-boxed elementor-section-height-default elementor-section-height-default\" data-id=\"41c2f83\" data-element_type=\"section\">\n\t\t\t\t\t\t<div class=\"elementor-container elementor-column-gap-default\">\n\t\t\t\t\t<div class=\"elementor-column elementor-col-100 elementor-top-column elementor-element elementor-element-99e32eb ot-flex-column-vertical\" data-id=\"99e32eb\" data-element_type=\"column\">\n\t\t\t<div class=\"elementor-widget-wrap elementor-element-populated\">\n\t\t\t\t\t\t<section class=\"elementor-section elementor-inner-section elementor-element elementor-element-bbf118c elementor-section-full_width elementor-section-height-default elementor-section-height-default\" data-id=\"bbf118c\" data-element_type=\"section\" data-settings=\"{&quot;background_background&quot;:&quot;classic&quot;}\">\n\t\t\t\t\t\t<div class=\"elementor-container elementor-column-gap-extended\">\n\t\t\t\t\t<div class=\"elementor-column elementor-col-100 elementor-inner-column elementor-element elementor-element-bf5518a ot-flex-column-vertical\" data-id=\"bf5518a\" data-element_type=\"column\">\n\t\t\t<div class=\"elementor-widget-wrap\">\n\t\t\t\t\t\t\t<\/div>\n\t\t<\/div>\n\t\t\t\t\t<\/div>\n\t\t<\/section>\n\t\t\t\t\t<\/div>\n\t\t<\/div>\n\t\t\t\t\t<\/div>\n\t\t<\/section>\n\t\t\t\t<section class=\"elementor-section elementor-top-section elementor-element elementor-element-c25f6a6 elementor-section-content-bottom elementor-section-boxed elementor-section-height-default elementor-section-height-default\" data-id=\"c25f6a6\" data-element_type=\"section\">\n\t\t\t\t\t\t<div class=\"elementor-container elementor-column-gap-extended\">\n\t\t\t\t\t<div class=\"elementor-column elementor-col-100 elementor-top-column elementor-element elementor-element-2385c34 ot-flex-column-vertical\" data-id=\"2385c34\" data-element_type=\"column\">\n\t\t\t<div class=\"elementor-widget-wrap elementor-element-populated\">\n\t\t\t\t\t\t<div class=\"elementor-element elementor-element-b25f0cc elementor-widget elementor-widget-iheading\" data-id=\"b25f0cc\" data-element_type=\"widget\" data-widget_type=\"iheading.default\">\n\t\t\t\t<div class=\"elementor-widget-container\">\n\t\t\t\t\t\t\t<div class=\"ot-heading\">\r\n\t        <span class=\"is_highlight\">Moving2U \u2013 Piking de Armazem<\/span>\t        <h3 class=\"main-head\">A aplica\u00e7\u00e3o m\u00f3vel de log\u00edstica\/picking para armaz\u00e9m<\/h3>\t    <\/div>\r\n\t    \t\t\t\t<\/div>\n\t\t\t\t<\/div>\n\t\t\t\t<div class=\"elementor-element elementor-element-cf25bf5 elementor-widget elementor-widget-iaccordions\" data-id=\"cf25bf5\" data-element_type=\"widget\" data-widget_type=\"iaccordions.default\">\n\t\t\t\t<div class=\"elementor-widget-container\">\n\t\t\t\t\t\r\n\t\t<div class=\"ot-accordions\">\r\n\t\t\t\t\t\t<div class=\"acc-item\">\r\n\t\t\t\t<div class=\"acc-toggle flex-middle\" data-default=\"yes\" > \r\n\t\t\t\t\t<i class=\"ot-flaticon-arrowsoutline\"><\/i>\r\n\t\t\t\t<\/div>\r\n\t\t\t\t<div class=\"acc-content\">\r\n\t\t\t\t\t<p>A aplica\u00e7\u00e3o M2U | Logistics foi desenvolvida para agilizar o registo dos processos de movimenta\u00e7\u00e3o de mercadorias na sua empresa. A rece\u00e7\u00e3o de encomendas de fornecedor, separa\u00e7\u00e3o de encomendas para clientes, tratamento das devolu\u00e7\u00f5es de clientes ou a fornecedores, transfer\u00eancias de armaz\u00e9m ou contagens de invent\u00e1rio, podem ser realizadas diretamente no armaz\u00e9m agora de forma mais r\u00e1pida, f\u00e1cil e controlada.<\/p><p>A solu\u00e7\u00e3o foi pensada para complementar o sistema de gest\u00e3o existente, adicionando a componente de mobilidade no armaz\u00e9m. Toda a gest\u00e3o de stocks continuar\u00e1 a ser assegurada pelo sistema de gest\u00e3o.<\/p>\t\t\t\t<\/div>\r\n\t\t\t<\/div>\r\n\t\t\t\t    <\/div>\r\n\r\n\t    \t\t\t\t<\/div>\n\t\t\t\t<\/div>\n\t\t\t\t<div class=\"elementor-element elementor-element-24b4526 elementor-widget elementor-widget-image\" data-id=\"24b4526\" data-element_type=\"widget\" data-widget_type=\"image.default\">\n\t\t\t\t\t\t\t\t\t\t\t\t\t\t\t<img fetchpriority=\"high\" decoding=\"async\" width=\"1024\" height=\"618\" src=\"https:\/\/bit4u.co.ao\/wp-content\/uploads\/2026\/02\/m2u-cenarios-utilizacao-1024x618.jpg\" class=\"attachment-large size-large wp-image-1768\" alt=\"\" srcset=\"https:\/\/bit4u.co.ao\/wp-content\/uploads\/2026\/02\/m2u-cenarios-utilizacao-1024x618.jpg 1024w, https:\/\/bit4u.co.ao\/wp-content\/uploads\/2026\/02\/m2u-cenarios-utilizacao-300x181.jpg 300w, https:\/\/bit4u.co.ao\/wp-content\/uploads\/2026\/02\/m2u-cenarios-utilizacao-768x464.jpg 768w, https:\/\/bit4u.co.ao\/wp-content\/uploads\/2026\/02\/m2u-cenarios-utilizacao-18x12.jpg 18w, https:\/\/bit4u.co.ao\/wp-content\/uploads\/2026\/02\/m2u-cenarios-utilizacao.jpg 1403w\" sizes=\"(max-width: 1024px) 100vw, 1024px\" \/>\t\t\t\t\t\t\t\t\t\t\t\t\t\t\t<\/div>\n\t\t\t\t\t<\/div>\n\t\t<\/div>\n\t\t\t\t\t<\/div>\n\t\t<\/section>\n\t\t\t\t<section class=\"elementor-section elementor-top-section elementor-element elementor-element-a1952ca elementor-section-boxed elementor-section-height-default elementor-section-height-default\" data-id=\"a1952ca\" data-element_type=\"section\" data-settings=\"{&quot;background_background&quot;:&quot;classic&quot;}\">\n\t\t\t\t\t\t<div class=\"elementor-container elementor-column-gap-default\">\n\t\t\t\t\t<div class=\"elementor-column elementor-col-100 elementor-top-column elementor-element elementor-element-ec49fa5 ot-flex-column-vertical\" data-id=\"ec49fa5\" data-element_type=\"column\">\n\t\t\t<div class=\"elementor-widget-wrap elementor-element-populated\">\n\t\t\t\t\t\t<section class=\"elementor-section elementor-inner-section elementor-element elementor-element-2d7dbb6 elementor-section-full_width elementor-section-height-default elementor-section-height-default\" data-id=\"2d7dbb6\" data-element_type=\"section\">\n\t\t\t\t\t\t<div class=\"elementor-container elementor-column-gap-extended\">\n\t\t\t\t\t<div class=\"elementor-column elementor-col-50 elementor-inner-column elementor-element elementor-element-a9e257f ot-flex-column-vertical\" data-id=\"a9e257f\" data-element_type=\"column\">\n\t\t\t<div class=\"elementor-widget-wrap elementor-element-populated\">\n\t\t\t\t\t\t<div class=\"elementor-element elementor-element-4ea034c hover-dark-yes elementor-widget elementor-widget-iiconbox1\" data-id=\"4ea034c\" data-element_type=\"widget\" data-widget_type=\"iiconbox1.default\">\n\t\t\t\t<div class=\"elementor-widget-container\">\n\t\t\t\t\t\t\t<div class=\"icon-box icon-box-1\">\r\n\t\t\t<div class=\"icon-main\">\r\n\t\t\t\t<span class=\"circle-animate\"><\/span>\r\n\t\t    \t\t        <\/div>\r\n\t        <div class=\"content-box\">\r\n\t\t\t\t<h5 class=\"title-box\"><a href=\"#\">Benef\u00edcios<\/a><\/h5>\t\t\t\t<p>- Maior rapidez <br>\n- Redu\u00e7\u00e3o de erros  <br>\n- Maior controlo de execu\u00e7\u00e3o  <br>\n- Instala\u00e7\u00e3o em apenas alguns dias  <br>\n- Muito intuitiva \/ f\u00e1cil de utilizar<\/p>\t\t\t<\/div>\r\n\t\t\t\t\r\n\t    <\/div>\r\n\t    \t\t\t\t<\/div>\n\t\t\t\t<\/div>\n\t\t\t\t\t<\/div>\n\t\t<\/div>\n\t\t\t\t<div class=\"elementor-column elementor-col-50 elementor-inner-column elementor-element elementor-element-f4ad5a2 ot-flex-column-vertical\" data-id=\"f4ad5a2\" data-element_type=\"column\">\n\t\t\t<div class=\"elementor-widget-wrap elementor-element-populated\">\n\t\t\t\t\t\t<div class=\"elementor-element elementor-element-70ad7d9 hover-dark-yes elementor-widget elementor-widget-iiconbox1\" data-id=\"70ad7d9\" data-element_type=\"widget\" data-widget_type=\"iiconbox1.default\">\n\t\t\t\t<div class=\"elementor-widget-container\">\n\t\t\t\t\t\t\t<div class=\"icon-box icon-box-1\">\r\n\t\t\t<div class=\"icon-main\">\r\n\t\t\t\t<span class=\"circle-animate\"><\/span>\r\n\t\t    \t\t        <\/div>\r\n\t        <div class=\"content-box\">\r\n\t\t\t\t<h5 class=\"title-box\"><a href=\"#\">Gest\u00e3o stocks<\/a><\/h5>\t\t\t\t<p>Lotes<br>\nN\u00fameros de s\u00e9rie<br>\nLote + N\u00famero de s\u00e9rie<br>\nRastreabilidade<br>\nLocaliza\u00e7\u00f5es \/ Alv\u00e9olos<br>\nGrelhas\/variantes de cores e tamanhos<br>\nEtiquetas GS1-128; Etiquetas SSCC <br><\/p>\t\t\t<\/div>\r\n\t\t\t\t\r\n\t    <\/div>\r\n\t    \t\t\t\t<\/div>\n\t\t\t\t<\/div>\n\t\t\t\t\t<\/div>\n\t\t<\/div>\n\t\t\t\t\t<\/div>\n\t\t<\/section>\n\t\t\t\t\t<\/div>\n\t\t<\/div>\n\t\t\t\t\t<\/div>\n\t\t<\/section>\n\t\t\t\t<section class=\"elementor-section elementor-top-section elementor-element elementor-element-d701907 elementor-section-content-middle elementor-section-boxed elementor-section-height-default elementor-section-height-default\" data-id=\"d701907\" data-element_type=\"section\" data-settings=\"{&quot;background_background&quot;:&quot;classic&quot;}\">\n\t\t\t\t\t\t<div class=\"elementor-container elementor-column-gap-extended\">\n\t\t\t\t\t<div class=\"elementor-column elementor-col-100 elementor-top-column elementor-element elementor-element-b3a944d ot-flex-column-vertical\" data-id=\"b3a944d\" data-element_type=\"column\">\n\t\t\t<div class=\"elementor-widget-wrap elementor-element-populated\">\n\t\t\t\t\t\t<div class=\"elementor-element elementor-element-4c35005 elementor-widget elementor-widget-heading\" data-id=\"4c35005\" data-element_type=\"widget\" data-widget_type=\"heading.default\">\n\t\t\t\t\t<h2 class=\"elementor-heading-title elementor-size-default\">A solu\u00e7\u00e3o m\u00f3vel de log\u00edstica para o seu ERP<\/h2>\t\t\t\t<\/div>\n\t\t\t\t\t<\/div>\n\t\t<\/div>\n\t\t\t\t\t<\/div>\n\t\t<\/section>\n\t\t\t\t<section class=\"elementor-section elementor-top-section elementor-element elementor-element-f7ba0c1 elementor-section-content-bottom elementor-section-boxed elementor-section-height-default elementor-section-height-default\" data-id=\"f7ba0c1\" data-element_type=\"section\">\n\t\t\t\t\t\t<div class=\"elementor-container elementor-column-gap-extended\">\n\t\t\t\t\t<div class=\"elementor-column elementor-col-50 elementor-top-column elementor-element elementor-element-cae27a3 ot-flex-column-vertical\" data-id=\"cae27a3\" data-element_type=\"column\">\n\t\t\t<div class=\"elementor-widget-wrap elementor-element-populated\">\n\t\t\t\t\t\t<div class=\"elementor-element elementor-element-d7a29ab elementor-widget elementor-widget-iheading\" data-id=\"d7a29ab\" data-element_type=\"widget\" data-widget_type=\"iheading.default\">\n\t\t\t\t<div class=\"elementor-widget-container\">\n\t\t\t\t\t\t\t<div class=\"ot-heading\">\r\n\t        \t        <p class=\"main-head\">A lista de ERPs suportados ir\u00e1 sendo progressivamente alargada aos principais sistemas de gest\u00e3o existentes no mercado:<\/p>\t    <\/div>\r\n\t    \t\t\t\t<\/div>\n\t\t\t\t<\/div>\n\t\t\t\t<div class=\"elementor-element elementor-element-d332a2e elementor-widget elementor-widget-iheading\" data-id=\"d332a2e\" data-element_type=\"widget\" data-widget_type=\"iheading.default\">\n\t\t\t\t<div class=\"elementor-widget-container\">\n\t\t\t\t\t\t\t<div class=\"ot-heading\">\r\n\t        \t        <div class=\"main-head\">PHC (Corporate, Advanced e Enterprise)  Cegid Primavera V10 |\u00a0 Cegid Eticadata  GEXOR |\u00a0 SAP B1 |\u00a0 Wintouch\u00a0 | MSFT Navision  DiamanteNG<\/div>\t    <\/div>\r\n\t    \t\t\t\t<\/div>\n\t\t\t\t<\/div>\n\t\t\t\t<div class=\"elementor-element elementor-element-8098c7c elementor-widget elementor-widget-iheading\" data-id=\"8098c7c\" data-element_type=\"widget\" data-widget_type=\"iheading.default\">\n\t\t\t\t<div class=\"elementor-widget-container\">\n\t\t\t\t\t\t\t<div class=\"ot-heading\">\r\n\t        \t        <h6 class=\"main-head\">\u00a0 \u00a0Equipamentos compat\u00edveis<\/h6>\t    <\/div>\r\n\t    \t\t\t\t<\/div>\n\t\t\t\t<\/div>\n\t\t\t\t<div class=\"elementor-element elementor-element-ab28d7b elementor-widget elementor-widget-iheading\" data-id=\"ab28d7b\" data-element_type=\"widget\" data-widget_type=\"iheading.default\">\n\t\t\t\t<div class=\"elementor-widget-container\">\n\t\t\t\t\t\t\t<div class=\"ot-heading\">\r\n\t        \t        <div class=\"main-head\">PDA empresariais Android: <\/div>\t    <\/div>\r\n\t    \t\t\t\t<\/div>\n\t\t\t\t<\/div>\n\t\t\t\t<div class=\"elementor-element elementor-element-7b80463 elementor-widget elementor-widget-iheading\" data-id=\"7b80463\" data-element_type=\"widget\" data-widget_type=\"iheading.default\">\n\t\t\t\t<div class=\"elementor-widget-container\">\n\t\t\t\t\t\t\t<div class=\"ot-heading\">\r\n\t        \t        <div class=\"main-head\"> Honeywell:\u00a0CT40; CT60; CK65<\/div>\t    <\/div>\r\n\t    \t\t\t\t<\/div>\n\t\t\t\t<\/div>\n\t\t\t\t<div class=\"elementor-element elementor-element-60ada7a elementor-widget elementor-widget-iheading\" data-id=\"60ada7a\" data-element_type=\"widget\" data-widget_type=\"iheading.default\">\n\t\t\t\t<div class=\"elementor-widget-container\">\n\t\t\t\t\t\t\t<div class=\"ot-heading\">\r\n\t        \t        <div class=\"main-head\"> Zebra: TC2x; TC5x; MC33; MC9x\u00a0 \u00a0<\/div>\t    <\/div>\r\n\t    \t\t\t\t<\/div>\n\t\t\t\t<\/div>\n\t\t\t\t<div class=\"elementor-element elementor-element-0d099b4 elementor-widget elementor-widget-iheading\" data-id=\"0d099b4\" data-element_type=\"widget\" data-widget_type=\"iheading.default\">\n\t\t\t\t<div class=\"elementor-widget-container\">\n\t\t\t\t\t\t\t<div class=\"ot-heading\">\r\n\t        \t        <div class=\"main-head\">Datalogic: Memor 11; Memor 30; Skorpio X5\u00a0<\/div>\t    <\/div>\r\n\t    \t\t\t\t<\/div>\n\t\t\t\t<\/div>\n\t\t\t\t<div class=\"elementor-element elementor-element-cc8d4bb elementor-widget elementor-widget-iheading\" data-id=\"cc8d4bb\" data-element_type=\"widget\" data-widget_type=\"iheading.default\">\n\t\t\t\t<div class=\"elementor-widget-container\">\n\t\t\t\t\t\t\t<div class=\"ot-heading\">\r\n\t        \t        <div class=\"main-head\">Impressoras Zebra: ZQ Series; ZT Series<\/div>\t    <\/div>\r\n\t    \t\t\t\t<\/div>\n\t\t\t\t<\/div>\n\t\t\t\t<div class=\"elementor-element elementor-element-cafb16e elementor-widget elementor-widget-iheading\" data-id=\"cafb16e\" data-element_type=\"widget\" data-widget_type=\"iheading.default\">\n\t\t\t\t<div class=\"elementor-widget-container\">\n\t\t\t\t\t\t\t<div class=\"ot-heading\">\r\n\t        \t        <p class=\"main-head\">O desenvolvimento cont\u00ednuo do produto garante aos clientes* o acesso \u00e0s novas funcionalidades que v\u00e3o sendo adicionadas, bem como o suporte a novos tipos de equipamentos e vers\u00f5es de sistemas operativos. <\/p>\t    <\/div>\r\n\t    \t\t\t\t<\/div>\n\t\t\t\t<\/div>\n\t\t\t\t\t<\/div>\n\t\t<\/div>\n\t\t\t\t<div class=\"elementor-column elementor-col-50 elementor-top-column elementor-element elementor-element-70eb409 ot-flex-column-vertical\" data-id=\"70eb409\" data-element_type=\"column\">\n\t\t\t<div class=\"elementor-widget-wrap elementor-element-populated\">\n\t\t\t\t\t\t<div class=\"elementor-element elementor-element-9074618 elementor-widget elementor-widget-image\" data-id=\"9074618\" data-element_type=\"widget\" data-widget_type=\"image.default\">\n\t\t\t\t\t\t\t\t\t\t\t\t\t\t\t<img decoding=\"async\" width=\"592\" height=\"850\" src=\"https:\/\/bit4u.co.ao\/wp-content\/uploads\/2026\/02\/MC33_Logistica_592x850.jpg\" class=\"attachment-large size-large wp-image-1770\" alt=\"\" srcset=\"https:\/\/bit4u.co.ao\/wp-content\/uploads\/2026\/02\/MC33_Logistica_592x850.jpg 592w, https:\/\/bit4u.co.ao\/wp-content\/uploads\/2026\/02\/MC33_Logistica_592x850-209x300.jpg 209w, https:\/\/bit4u.co.ao\/wp-content\/uploads\/2026\/02\/MC33_Logistica_592x850-8x12.jpg 8w\" sizes=\"(max-width: 592px) 100vw, 592px\" \/>\t\t\t\t\t\t\t\t\t\t\t\t\t\t\t<\/div>\n\t\t\t\t\t<\/div>\n\t\t<\/div>\n\t\t\t\t\t<\/div>\n\t\t<\/section>\n\t\t<div class=\"elementor-element elementor-element-f8da17b e-flex e-con-boxed e-con e-parent\" data-id=\"f8da17b\" data-element_type=\"container\">\n\t\t\t\t\t<div class=\"e-con-inner\">\n\t\t\t\t<div class=\"elementor-element elementor-element-56c459e elementor-widget elementor-widget-text-editor\" data-id=\"56c459e\" data-element_type=\"widget\" data-widget_type=\"text-editor.default\">\n\t\t\t\t\t\t\t\t\t<p>*A disponibiliza\u00e7\u00e3o de vers\u00f5es atualizadas est\u00e1 condicionada aos clientes com Acordo de Manuten\u00e7\u00e3o de Software v\u00e1lido<\/p>\t\t\t\t\t\t\t\t<\/div>\n\t\t\t\t\t<\/div>\n\t\t\t\t<\/div>\n\t\t<div class=\"elementor-element elementor-element-84540cf e-grid e-con-boxed e-con e-parent\" data-id=\"84540cf\" data-element_type=\"container\">\n\t\t\t\t\t<div class=\"e-con-inner\">\n\t\t\t\t\t<\/div>\n\t\t\t\t<\/div>\n\t\t\t\t<\/div>","protected":false},"excerpt":{"rendered":"<p>Moving2U \u2013 Piking de Armazem A aplica\u00e7\u00e3o m\u00f3vel de log\u00edstica\/picking para armaz\u00e9m A aplica\u00e7\u00e3o M2U | Logistics foi desenvolvida para agilizar o registo dos processos de movimenta\u00e7\u00e3o de mercadorias na sua empresa. A rece\u00e7\u00e3o de encomendas de fornecedor, separa\u00e7\u00e3o de encomendas para clientes, tratamento das devolu\u00e7\u00f5es de clientes ou a fornecedores, transfer\u00eancias de armaz\u00e9m ou [&hellip;]<\/p>","protected":false},"author":1,"featured_media":0,"parent":868,"menu_order":0,"comment_status":"closed","ping_status":"closed","template":"","meta":{"footnotes":""},"class_list":["post-959","page","type-page","status-publish","hentry"],"_links":{"self":[{"href":"https:\/\/bit4u.co.ao\/pt\/wp-json\/wp\/v2\/pages\/959","targetHints":{"allow":["GET"]}}],"collection":[{"href":"https:\/\/bit4u.co.ao\/pt\/wp-json\/wp\/v2\/pages"}],"about":[{"href":"https:\/\/bit4u.co.ao\/pt\/wp-json\/wp\/v2\/types\/page"}],"author":[{"embeddable":true,"href":"https:\/\/bit4u.co.ao\/pt\/wp-json\/wp\/v2\/users\/1"}],"replies":[{"embeddable":true,"href":"https:\/\/bit4u.co.ao\/pt\/wp-json\/wp\/v2\/comments?post=959"}],"version-history":[{"count":6,"href":"https:\/\/bit4u.co.ao\/pt\/wp-json\/wp\/v2\/pages\/959\/revisions"}],"predecessor-version":[{"id":1966,"href":"https:\/\/bit4u.co.ao\/pt\/wp-json\/wp\/v2\/pages\/959\/revisions\/1966"}],"up":[{"embeddable":true,"href":"https:\/\/bit4u.co.ao\/pt\/wp-json\/wp\/v2\/pages\/868"}],"wp:attachment":[{"href":"https:\/\/bit4u.co.ao\/pt\/wp-json\/wp\/v2\/media?parent=959"}],"curies":[{"name":"wp","href":"https:\/\/api.w.org\/{rel}","templated":true}]}}