{"id":977,"date":"2020-09-17T08:25:54","date_gmt":"2020-09-17T08:25:54","guid":{"rendered":"http:\/\/wpdemo.archiwp.com\/maxbizz\/?page_id=977"},"modified":"2026-02-26T22:02:19","modified_gmt":"2026-02-27T01:02:19","slug":"filedoc-gestao-documental","status":"publish","type":"page","link":"https:\/\/bit4u.co.ao\/pt\/servicos\/filedoc-gestao-documental\/","title":{"rendered":"FileDoc \u2013 Gest\u00e3o Documental"},"content":{"rendered":"<div data-elementor-type=\"wp-page\" data-elementor-id=\"977\" class=\"elementor elementor-977\">\n\t\t\t\t\t\t<section class=\"elementor-section elementor-top-section elementor-element elementor-element-2c774f8 elementor-section-boxed elementor-section-height-default elementor-section-height-default\" data-id=\"2c774f8\" data-element_type=\"section\">\n\t\t\t\t\t\t<div class=\"elementor-container elementor-column-gap-extended\">\n\t\t\t\t\t<div class=\"elementor-column elementor-col-100 elementor-top-column elementor-element elementor-element-904e2fa ot-flex-column-vertical\" data-id=\"904e2fa\" data-element_type=\"column\">\n\t\t\t<div class=\"elementor-widget-wrap elementor-element-populated\">\n\t\t\t\t\t\t<div class=\"elementor-element elementor-element-3c3d54a elementor-widget__width-initial elementor-widget elementor-widget-heading\" data-id=\"3c3d54a\" data-element_type=\"widget\" data-widget_type=\"heading.default\">\n\t\t\t\t\t<h3 class=\"elementor-heading-title elementor-size-default\"><b style=\"font-family: Aptos, sans-serif;font-size: 12pt\"><span style=\"font-size: 22pt;line-height: 33.7333px\">SOFTWARE DE GEST\u00c3O DOCUMENTAL PARA CONTROLAR A SUA INFORMA\u00c7\u00c3O<\/span><\/b><\/h3>\t\t\t\t<\/div>\n\t\t\t\t<div class=\"elementor-element elementor-element-dec0c01 elementor-widget__width-initial elementor-widget elementor-widget-text-editor\" data-id=\"dec0c01\" data-element_type=\"widget\" data-widget_type=\"text-editor.default\">\n\t\t\t\t\t\t\t\t\t<p><span style=\"color: #232323; font-family: Montserrat;\">O Filedoc \u00e9 um sistema de gest\u00e3o documental com automa\u00e7\u00e3o de processos, que centraliza documentos e emails e simplifica workflows \u2014 em qualquer dispositivo.<\/span><\/p>\t\t\t\t\t\t\t\t<\/div>\n\t\t\t\t<div class=\"elementor-element elementor-element-eae9412 elementor-widget elementor-widget-text-editor\" data-id=\"eae9412\" data-element_type=\"widget\" data-widget_type=\"text-editor.default\">\n\t\t\t\t\t\t\t\t\t<h5><strong>OS DESAFIOS QUE A SUA EMPRESA ENFRENTA TODOS OS DIAS<\/strong><\/h5>\t\t\t\t\t\t\t\t<\/div>\n\t\t\t\t<section class=\"elementor-section elementor-inner-section elementor-element elementor-element-e91e771 elementor-section-full_width elementor-section-height-default elementor-section-height-default\" data-id=\"e91e771\" data-element_type=\"section\">\n\t\t\t\t\t\t<div class=\"elementor-container elementor-column-gap-extended\">\n\t\t\t\t\t<div class=\"elementor-column elementor-col-50 elementor-inner-column elementor-element elementor-element-122c65b ot-flex-column-vertical\" data-id=\"122c65b\" data-element_type=\"column\">\n\t\t\t<div class=\"elementor-widget-wrap elementor-element-populated\">\n\t\t\t\t\t\t<div class=\"elementor-element elementor-element-7bddef1 box-s1 icon-left bline-no elementor-widget elementor-widget-iiconbox2\" data-id=\"7bddef1\" data-element_type=\"widget\" data-widget_type=\"iiconbox2.default\">\n\t\t\t\t<div class=\"elementor-widget-container\">\n\t\t\t\t\t\t\t<div class=\"icon-box icon-box-2\">\r\n\t\t\t<div class=\"icon-main\">\r\n\t\t        <svg xmlns=\"http:\/\/www.w3.org\/2000\/svg\" width=\"48\" height=\"48\" viewbox=\"0 0 48 48\" fill=\"none\"><rect width=\"48\" height=\"48\" rx=\"24\" fill=\"#EF4C36\"><\/rect><g clip-path=\"url(#clip0_10751_4679)\"><path d=\"M35.596 23.827C35.205 23.302 34.603 23 33.944 23H33.001V19.5C33.001 17.019 30.982 15 28.501 15H22.445C22.213 15 21.981 14.945 21.774 14.842L18.619 13.264C18.274 13.092 17.888 13 17.501 13H15.501C13.57 13 12 14.57 12 16.5V30.5C12 32.981 14.019 35 16.5 35H30.058C32.061 35 33.793 33.711 34.375 31.771L35.912 25.633C36.1 25.007 35.984 24.349 35.596 23.827ZM13 30.5V16.5C13 15.122 14.121 14 15.5 14H17.5C17.732 14 17.964 14.055 18.171 14.158L21.326 15.736C21.671 15.908 22.057 16 22.444 16H28.5C30.43 16 32 17.57 32 19.5V23H20.115C18.625 23 17.297 23.938 16.804 25.354L14.371 33.278C13.537 32.638 12.999 31.631 12.999 30.501L13 30.5ZM34.948 25.368L33.411 31.506C32.963 32.998 31.615 34 30.057 34H16.5C16.065 34 15.649 33.92 15.266 33.775L17.755 25.664C18.102 24.668 19.05 23.999 20.115 23.999H33.943C34.283 23.999 34.592 24.153 34.794 24.423C34.992 24.689 35.051 25.026 34.948 25.367V25.368Z\" fill=\"white\"><\/path><\/g><defs><clippath id=\"clip0_10751_4679\"><rect width=\"24\" height=\"24\" fill=\"white\" transform=\"translate(12 12)\"><\/rect><\/clippath><\/defs><\/svg>\t        <\/div>\r\n\t        <div class=\"content-box\">\r\n\t\t\t\t<h5 class=\"title-box\"><a href=\"#\">Informa\u00e7\u00e3o dispersa<\/a><\/h5>\t\t\t\t<p>Documentos e emails em v\u00e1rios sistemas dificultam a organiza\u00e7\u00e3o e o acesso \u00e0 informa\u00e7\u00e3o.<\/p>\t\t\t<\/div>\r\n\t    <\/div>\r\n\t    \t\t\t\t<\/div>\n\t\t\t\t<\/div>\n\t\t\t\t<div class=\"elementor-element elementor-element-522b33e box-s1 icon-left bline-no elementor-widget elementor-widget-iiconbox2\" data-id=\"522b33e\" data-element_type=\"widget\" data-widget_type=\"iiconbox2.default\">\n\t\t\t\t<div class=\"elementor-widget-container\">\n\t\t\t\t\t\t\t<div class=\"icon-box icon-box-2\">\r\n\t\t\t<div class=\"icon-main\">\r\n\t\t        <svg xmlns=\"http:\/\/www.w3.org\/2000\/svg\" width=\"48\" height=\"48\" viewbox=\"0 0 48 48\" fill=\"none\"><rect width=\"48\" height=\"48\" rx=\"24\" fill=\"#FAA535\"><\/rect><g clip-path=\"url(#clip0_10751_4691)\"><path d=\"M24 18.5V23.723L27.765 26.077C27.999 26.223 28.071 26.532 27.924 26.765C27.829 26.917 27.666 27 27.5 27C27.409 27 27.317 26.976 27.235 26.924L23.235 24.424C23.089 24.333 23 24.173 23 24V18.5C23 18.224 23.224 18 23.5 18C23.776 18 24 18.224 24 18.5ZM29.5 20.5C29.5 20.776 29.724 21 30 21H34.5C35.327 21 36 20.327 36 19.5V15C36 14.724 35.776 14.5 35.5 14.5C35.224 14.5 35 14.724 35 15V19.216C33.108 14.876 28.773 12 24 12C17.383 12 12 17.383 12 24C12 30.617 17.383 36 24 36C24.014 36 24.028 36 24.038 36H24.048C30.432 35.975 35.671 30.977 35.985 24.601C35.999 24.326 35.787 24.091 35.51 24.078C35.232 24.051 34.999 24.277 34.987 24.553C34.698 30.411 29.873 35.001 24.001 35.001C17.936 35.001 13.001 30.066 13.001 24.001C13.001 17.936 17.935 13 24 13C28.515 13 32.604 15.807 34.244 20H30C29.724 20 29.5 20.224 29.5 20.5Z\" fill=\"white\"><\/path><\/g><defs><clippath id=\"clip0_10751_4691\"><rect width=\"24\" height=\"24\" fill=\"white\" transform=\"translate(12 12)\"><\/rect><\/clippath><\/defs><\/svg>\t        <\/div>\r\n\t        <div class=\"content-box\">\r\n\t\t\t\t<h5 class=\"title-box\"><a href=\"#\">Perda de tempo<\/a><\/h5>\t\t\t\t<p>Encontrar informa\u00e7\u00e3o essencial demora demasiado e atrasa decis\u00f5es cr\u00edticas.<\/p>\t\t\t<\/div>\r\n\t    <\/div>\r\n\t    \t\t\t\t<\/div>\n\t\t\t\t<\/div>\n\t\t\t\t\t<\/div>\n\t\t<\/div>\n\t\t\t\t<div class=\"elementor-column elementor-col-50 elementor-inner-column elementor-element elementor-element-e34cba3 ot-flex-column-vertical\" data-id=\"e34cba3\" data-element_type=\"column\">\n\t\t\t<div class=\"elementor-widget-wrap elementor-element-populated\">\n\t\t\t\t\t\t<div class=\"elementor-element elementor-element-8022263 box-s1 icon-left bline-no elementor-widget elementor-widget-iiconbox2\" data-id=\"8022263\" data-element_type=\"widget\" data-widget_type=\"iiconbox2.default\">\n\t\t\t\t<div class=\"elementor-widget-container\">\n\t\t\t\t\t\t\t<div class=\"icon-box icon-box-2\">\r\n\t\t\t<div class=\"icon-main\">\r\n\t\t        <svg xmlns=\"http:\/\/www.w3.org\/2000\/svg\" width=\"48\" height=\"48\" viewbox=\"0 0 48 48\" fill=\"none\"><rect width=\"48\" height=\"48\" rx=\"24\" fill=\"#F36C45\"><\/rect><g clip-path=\"url(#clip0_10751_4685)\"><path d=\"M33.2337 26.174L32.7887 25.9C32.9287 25.26 32.9997 24.623 32.9997 24.001C32.9997 23.379 32.9287 22.741 32.7887 22.102L33.2337 21.828C33.9157 21.407 34.3937 20.746 34.5777 19.966C34.7627 19.187 34.6317 18.381 34.2107 17.699C33.3417 16.292 31.4907 15.854 30.0827 16.721L29.6377 16.996C28.8367 16.349 27.9527 15.851 26.9997 15.515V15.001C26.9997 13.347 25.6537 12.001 23.9997 12.001C22.3457 12.001 20.9997 13.347 20.9997 15.001V15.515C20.0467 15.852 19.1627 16.349 18.3617 16.996L17.9167 16.721C16.5077 15.854 14.6567 16.291 13.7887 17.699C13.3677 18.381 13.2377 19.186 13.4217 19.966C13.6067 20.746 14.0837 21.407 14.7657 21.828L15.2107 22.102C15.0707 22.742 14.9997 23.379 14.9997 24.001C14.9997 24.623 15.0707 25.261 15.2107 25.9L14.7657 26.174C14.0837 26.595 13.6057 27.256 13.4217 28.036C13.2367 28.815 13.3677 29.621 13.7887 30.303C14.6567 31.71 16.5097 32.148 17.9167 31.281L18.3617 31.006C19.1627 31.653 20.0467 32.151 20.9997 32.487V33.001C20.9997 34.655 22.3457 36.001 23.9997 36.001C25.6537 36.001 26.9997 34.655 26.9997 33.001V32.487C27.9527 32.15 28.8367 31.653 29.6377 31.006L30.0827 31.281C31.4927 32.148 33.3427 31.711 34.2107 30.303C34.6317 29.621 34.7617 28.816 34.5777 28.036C34.3927 27.256 33.9157 26.595 33.2337 26.174ZM33.3597 29.778C32.7797 30.716 31.5447 31.01 30.6077 30.429L29.8547 29.964C29.6677 29.85 29.4277 29.869 29.2627 30.014C28.4007 30.77 27.4217 31.319 26.3527 31.648C26.1427 31.712 25.9997 31.906 25.9997 32.126V33.001C25.9997 34.104 25.1027 35.001 23.9997 35.001C22.8967 35.001 21.9997 34.104 21.9997 33.001V32.126C21.9997 31.906 21.8567 31.713 21.6467 31.648C20.5777 31.319 19.5987 30.77 18.7367 30.014C18.6427 29.932 18.5257 29.89 18.4067 29.89C18.3157 29.89 18.2247 29.914 18.1437 29.964L17.3907 30.429C16.4527 31.01 15.2177 30.716 14.6387 29.778C14.3587 29.324 14.2717 28.787 14.3947 28.267C14.5177 27.746 14.8357 27.306 15.2907 27.026L16.0437 26.561C16.2307 26.446 16.3197 26.222 16.2647 26.009C16.0887 25.33 15.9997 24.655 15.9997 24C15.9997 23.345 16.0887 22.67 16.2647 21.991C16.3197 21.778 16.2297 21.554 16.0437 21.439L15.2907 20.974C14.8357 20.694 14.5187 20.253 14.3947 19.733C14.2717 19.213 14.3587 18.676 14.6387 18.222C15.2187 17.283 16.4527 16.99 17.3907 17.571L18.1437 18.036C18.3307 18.15 18.5697 18.131 18.7357 17.986C19.5977 17.23 20.5767 16.681 21.6457 16.352C21.8557 16.288 21.9987 16.094 21.9987 15.874V14.999C21.9987 13.896 22.8957 12.999 23.9987 12.999C25.1017 12.999 25.9987 13.896 25.9987 14.999V15.874C25.9987 16.094 26.1417 16.287 26.3517 16.352C27.4207 16.681 28.3997 17.23 29.2617 17.986C29.4277 18.131 29.6677 18.15 29.8537 18.036L30.6067 17.571C31.5447 16.99 32.7787 17.283 33.3587 18.222C33.6387 18.676 33.7257 19.213 33.6027 19.733C33.4797 20.254 33.1617 20.694 32.7067 20.974L31.9537 21.439C31.7667 21.554 31.6777 21.778 31.7327 21.991C31.9087 22.67 31.9977 23.345 31.9977 24C31.9977 24.655 31.9087 25.33 31.7327 26.009C31.6777 26.222 31.7677 26.446 31.9537 26.561L32.7067 27.026C33.1617 27.306 33.4787 27.747 33.6027 28.267C33.7257 28.787 33.6387 29.324 33.3587 29.778H33.3597ZM23.9997 20C21.7937 20 19.9997 21.794 19.9997 24C19.9997 26.206 21.7937 28 23.9997 28C26.2057 28 27.9997 26.206 27.9997 24C27.9997 21.794 26.2057 20 23.9997 20ZM23.9997 27C22.3457 27 20.9997 25.654 20.9997 24C20.9997 22.346 22.3457 21 23.9997 21C25.6537 21 26.9997 22.346 26.9997 24C26.9997 25.654 25.6537 27 23.9997 27Z\" fill=\"white\"><\/path><\/g><defs><clippath id=\"clip0_10751_4685\"><rect width=\"24\" height=\"24\" fill=\"white\" transform=\"translate(12 12)\"><\/rect><\/clippath><\/defs><\/svg>\t        <\/div>\r\n\t        <div class=\"content-box\">\r\n\t\t\t\t<h5 class=\"title-box\"><a href=\"#\">Processos manuais<\/a><\/h5>\t\t\t\t<p>Tarefas repetitivas e lentas tornam o controlo e a efici\u00eancia quase imposs\u00edveis.<\/p>\t\t\t<\/div>\r\n\t    <\/div>\r\n\t    \t\t\t\t<\/div>\n\t\t\t\t<\/div>\n\t\t\t\t<div class=\"elementor-element elementor-element-8ba35e7 box-s1 icon-left bline-no elementor-widget elementor-widget-iiconbox2\" data-id=\"8ba35e7\" data-element_type=\"widget\" data-widget_type=\"iiconbox2.default\">\n\t\t\t\t<div class=\"elementor-widget-container\">\n\t\t\t\t\t\t\t<div class=\"icon-box icon-box-2\">\r\n\t\t\t<div class=\"icon-main\">\r\n\t\t        <svg xmlns=\"http:\/\/www.w3.org\/2000\/svg\" width=\"48\" height=\"48\" viewbox=\"0 0 48 48\" fill=\"none\"><rect width=\"48\" height=\"48\" rx=\"24\" fill=\"#FAC535\"><\/rect><path d=\"M31 20.276V19C31 15.14 27.859 12 24 12C20.141 12 17 15.14 17 19V20.276C15.258 20.897 14 22.547 14 24.5V31.5C14 33.981 16.019 36 18.5 36H29.5C31.981 36 34 33.981 34 31.5V24.5C34 22.547 32.742 20.898 31 20.276ZM18 19C18 15.691 20.691 13 24 13C27.309 13 30 15.691 30 19V20.051C29.834 20.032 29.671 20 29.5 20H18.5C18.329 20 18.166 20.032 18 20.051V19ZM33 31.5C33 33.43 31.43 35 29.5 35H18.5C16.57 35 15 33.43 15 31.5V24.5C15 22.57 16.57 21 18.5 21H29.5C31.43 21 33 22.57 33 24.5V31.5ZM24.5 26.5V29.5C24.5 29.776 24.276 30 24 30C23.724 30 23.5 29.776 23.5 29.5V26.5C23.5 26.224 23.724 26 24 26C24.276 26 24.5 26.224 24.5 26.5Z\" fill=\"white\"><\/path><\/svg>\t        <\/div>\r\n\t        <div class=\"content-box\">\r\n\t\t\t\t<h5 class=\"title-box\"><a href=\"#\">Riscos de seguran\u00e7a<\/a><\/h5>\t\t\t\t<p>O incumprimento legal e a falta de controlo de acessos colocam a organiza\u00e7\u00e3o em risco.<\/p>\t\t\t<\/div>\r\n\t    <\/div>\r\n\t    \t\t\t\t<\/div>\n\t\t\t\t<\/div>\n\t\t\t\t\t<\/div>\n\t\t<\/div>\n\t\t\t\t\t<\/div>\n\t\t<\/section>\n\t\t\t\t<section class=\"elementor-section elementor-inner-section elementor-element elementor-element-ce7cc23 elementor-section-full_width elementor-section-height-default elementor-section-height-default\" data-id=\"ce7cc23\" data-element_type=\"section\" data-settings=\"{&quot;background_background&quot;:&quot;classic&quot;}\">\n\t\t\t\t\t\t<div class=\"elementor-container elementor-column-gap-default\">\n\t\t\t\t\t<div class=\"elementor-column elementor-col-100 elementor-inner-column elementor-element elementor-element-86701b9 ot-flex-column-vertical\" data-id=\"86701b9\" data-element_type=\"column\">\n\t\t\t<div class=\"elementor-widget-wrap\">\n\t\t\t\t\t\t\t<\/div>\n\t\t<\/div>\n\t\t\t\t\t<\/div>\n\t\t<\/section>\n\t\t\t\t<section class=\"elementor-section elementor-inner-section elementor-element elementor-element-29089d9 elementor-section-full_width elementor-section-content-bottom elementor-section-height-default elementor-section-height-default\" data-id=\"29089d9\" data-element_type=\"section\">\n\t\t\t\t\t\t<div class=\"elementor-container elementor-column-gap-extended\">\n\t\t\t\t\t<div class=\"elementor-column elementor-col-50 elementor-inner-column elementor-element elementor-element-e0d31db ot-flex-column-vertical\" data-id=\"e0d31db\" data-element_type=\"column\">\n\t\t\t<div class=\"elementor-widget-wrap elementor-element-populated\">\n\t\t\t\t\t\t<div class=\"elementor-element elementor-element-c0c4b49 elementor-widget elementor-widget-heading\" data-id=\"c0c4b49\" data-element_type=\"widget\" data-widget_type=\"heading.default\">\n\t\t\t\t\t<h5 class=\"elementor-heading-title elementor-size-default\">O QUE TORNA O FILEDOC DIFERENTE<\/h5>\t\t\t\t<\/div>\n\t\t\t\t<div class=\"elementor-element elementor-element-1507a17 elementor-widget elementor-widget-text-editor\" data-id=\"1507a17\" data-element_type=\"widget\" data-widget_type=\"text-editor.default\">\n\t\t\t\t\t\t\t\t\t<ul class=\"lista-diferente mt-4\"><li><strong>IA<\/strong>\u00a0para classificar e processar documentos automaticamente.<\/li><li><strong>Pesquisa poderosa<\/strong>\u00a0por atributos ou conte\u00fado, em tempo real.<\/li><li><strong>Formul\u00e1rios eletr\u00f3nicos<\/strong>\u00a0que simplificam a recolha e tratamento de dados.<\/li><li><strong>Workflows de gest\u00e3o documental personaliz\u00e1veis<\/strong>\u00a0para cada \u00e1rea da empresa.<\/li><li><strong>Assinatura eletr\u00f3nica<\/strong>\u00a0com validade legal, sem papelada.<\/li><li><strong>Integra\u00e7\u00f5es flex\u00edveis<\/strong>\u00a0com ERP, CRM, email e outros sistemas.<\/li><li><strong>Relat\u00f3rios e m\u00e9tricas<\/strong>\u00a0para acompanhar a efici\u00eancia dos processos.<\/li><li><strong>Acesso m\u00f3vel<\/strong>\u00a0via app iOS e Android, sem barreiras geogr\u00e1ficas.<\/li><\/ul>\t\t\t\t\t\t\t\t<\/div>\n\t\t\t\t\t<\/div>\n\t\t<\/div>\n\t\t\t\t<div class=\"elementor-column elementor-col-50 elementor-inner-column elementor-element elementor-element-6bfd814 ot-flex-column-vertical\" data-id=\"6bfd814\" data-element_type=\"column\">\n\t\t\t<div class=\"elementor-widget-wrap elementor-element-populated\">\n\t\t\t\t\t\t<div class=\"elementor-element elementor-element-6a7d621 elementor-widget__width-initial elementor-widget elementor-widget-image\" data-id=\"6a7d621\" data-element_type=\"widget\" data-widget_type=\"image.default\">\n\t\t\t\t\t\t\t\t\t\t\t\t\t\t\t<img fetchpriority=\"high\" decoding=\"async\" width=\"1024\" height=\"794\" src=\"https:\/\/bit4u.co.ao\/wp-content\/uploads\/2026\/02\/home-sec-3-1024x794.webp\" class=\"attachment-large size-large wp-image-1779\" alt=\"\" srcset=\"https:\/\/bit4u.co.ao\/wp-content\/uploads\/2026\/02\/home-sec-3-1024x794.webp 1024w, https:\/\/bit4u.co.ao\/wp-content\/uploads\/2026\/02\/home-sec-3-300x233.webp 300w, https:\/\/bit4u.co.ao\/wp-content\/uploads\/2026\/02\/home-sec-3-768x595.webp 768w, https:\/\/bit4u.co.ao\/wp-content\/uploads\/2026\/02\/home-sec-3-15x12.webp 15w, https:\/\/bit4u.co.ao\/wp-content\/uploads\/2026\/02\/home-sec-3.webp 1139w\" sizes=\"(max-width: 1024px) 100vw, 1024px\" \/>\t\t\t\t\t\t\t\t\t\t\t\t\t\t\t<\/div>\n\t\t\t\t\t<\/div>\n\t\t<\/div>\n\t\t\t\t\t<\/div>\n\t\t<\/section>\n\t\t\t\t<section class=\"elementor-section elementor-inner-section elementor-element elementor-element-206ff31 elementor-section-boxed elementor-section-height-default elementor-section-height-default\" data-id=\"206ff31\" data-element_type=\"section\" data-settings=\"{&quot;background_background&quot;:&quot;classic&quot;}\">\n\t\t\t\t\t\t<div class=\"elementor-container elementor-column-gap-extended\">\n\t\t\t\t\t<div class=\"elementor-column elementor-col-100 elementor-inner-column elementor-element elementor-element-ddea41d ot-flex-column-vertical\" data-id=\"ddea41d\" data-element_type=\"column\">\n\t\t\t<div class=\"elementor-widget-wrap elementor-element-populated\">\n\t\t\t\t\t\t<div class=\"elementor-element elementor-element-6159777 elementor-widget elementor-widget-image\" data-id=\"6159777\" data-element_type=\"widget\" data-widget_type=\"image.default\">\n\t\t\t\t\t\t\t\t\t\t\t\t\t\t\t<img decoding=\"async\" width=\"1536\" height=\"1024\" src=\"https:\/\/bit4u.co.ao\/wp-content\/uploads\/2026\/02\/ChatGPT-Image-27-de-fev.-de-2026-01_37_32.png\" class=\"attachment-full size-full wp-image-1780\" alt=\"\" srcset=\"https:\/\/bit4u.co.ao\/wp-content\/uploads\/2026\/02\/ChatGPT-Image-27-de-fev.-de-2026-01_37_32.png 1536w, https:\/\/bit4u.co.ao\/wp-content\/uploads\/2026\/02\/ChatGPT-Image-27-de-fev.-de-2026-01_37_32-300x200.png 300w, https:\/\/bit4u.co.ao\/wp-content\/uploads\/2026\/02\/ChatGPT-Image-27-de-fev.-de-2026-01_37_32-1024x683.png 1024w, https:\/\/bit4u.co.ao\/wp-content\/uploads\/2026\/02\/ChatGPT-Image-27-de-fev.-de-2026-01_37_32-768x512.png 768w, https:\/\/bit4u.co.ao\/wp-content\/uploads\/2026\/02\/ChatGPT-Image-27-de-fev.-de-2026-01_37_32-18x12.png 18w, https:\/\/bit4u.co.ao\/wp-content\/uploads\/2026\/02\/ChatGPT-Image-27-de-fev.-de-2026-01_37_32-600x400.png 600w\" sizes=\"(max-width: 1536px) 100vw, 1536px\" \/>\t\t\t\t\t\t\t\t\t\t\t\t\t\t\t<\/div>\n\t\t\t\t\t<\/div>\n\t\t<\/div>\n\t\t\t\t\t<\/div>\n\t\t<\/section>\n\t\t\t\t<div class=\"elementor-element elementor-element-ec27098 elementor-widget elementor-widget-heading\" data-id=\"ec27098\" data-element_type=\"widget\" data-widget_type=\"heading.default\">\n\t\t\t\t\t<h5 class=\"elementor-heading-title elementor-size-default\">A RESPOSTA CERTA PARA UMA GEST\u00c3O EFICIENTE<\/h5>\t\t\t\t<\/div>\n\t\t\t\t<div class=\"elementor-element elementor-element-8eca34c elementor-widget elementor-widget-iaccordions\" data-id=\"8eca34c\" data-element_type=\"widget\" data-widget_type=\"iaccordions.default\">\n\t\t\t\t<div class=\"elementor-widget-container\">\n\t\t\t\t\t\r\n\t\t<div class=\"ot-accordions\">\r\n\t\t\t\t\t\t<div class=\"acc-item\">\r\n\t\t\t\t<div class=\"acc-toggle flex-middle\" data-default=\"yes\" >Automatizar Processos \r\n\t\t\t\t\t<i class=\"ot-flaticon-arrowsoutline\"><\/i>\r\n\t\t\t\t<\/div>\r\n\t\t\t\t<div class=\"acc-content\">\r\n\t\t\t\t\t<p>Elimine tarefas repetitivas com workflows inteligentes que aumentam a efici\u00eancia.<\/p>\t\t\t\t<\/div>\r\n\t\t\t<\/div>\r\n\t\t\t\t\t\t<div class=\"acc-item\">\r\n\t\t\t\t<div class=\"acc-toggle flex-middle\"  >Gerir documentos e Emails \r\n\t\t\t\t\t<i class=\"ot-flaticon-arrowsoutline\"><\/i>\r\n\t\t\t\t<\/div>\r\n\t\t\t\t<div class=\"acc-content\">\r\n\t\t\t\t\t<p>Organize toda a informa\u00e7\u00e3o de forma centralizada, estruturada e acess\u00edvel em segundos.<\/p>\t\t\t\t<\/div>\r\n\t\t\t<\/div>\r\n\t\t\t\t\t\t<div class=\"acc-item\">\r\n\t\t\t\t<div class=\"acc-toggle flex-middle\"  >Aumentar a Produtividade  \r\n\t\t\t\t\t<i class=\"ot-flaticon-arrowsoutline\"><\/i>\r\n\t\t\t\t<\/div>\r\n\t\t\t\t<div class=\"acc-content\">\r\n\t\t\t\t\t<p>Melhore a colabora\u00e7\u00e3o entre equipas, reduza custos e acelere os fluxos de trabalho.<\/p>\t\t\t\t<\/div>\r\n\t\t\t<\/div>\r\n\t\t\t\t\t\t<div class=\"acc-item\">\r\n\t\t\t\t<div class=\"acc-toggle flex-middle\"  >Garantir a Seguran\u00e7a e o Compliance \r\n\t\t\t\t\t<i class=\"ot-flaticon-arrowsoutline\"><\/i>\r\n\t\t\t\t<\/div>\r\n\t\t\t\t<div class=\"acc-content\">\r\n\t\t\t\t\t<p>Proteja os dados com controlos de acesso rigorosos e assegure conformidade legal.<\/p>\t\t\t\t<\/div>\r\n\t\t\t<\/div>\r\n\t\t\t\t    <\/div>\r\n\r\n\t    \t\t\t\t<\/div>\n\t\t\t\t<\/div>\n\t\t\t\t\t<\/div>\n\t\t<\/div>\n\t\t\t\t\t<\/div>\n\t\t<\/section>\n\t\t\t\t<\/div>","protected":false},"excerpt":{"rendered":"<p>SOFTWARE DE GEST\u00c3O DOCUMENTAL PARA CONTROLAR A SUA INFORMA\u00c7\u00c3O O Filedoc \u00e9 um sistema de gest\u00e3o documental com automa\u00e7\u00e3o de processos, que centraliza documentos e emails e simplifica workflows \u2014 em qualquer dispositivo. OS DESAFIOS QUE A SUA EMPRESA ENFRENTA TODOS OS DIAS Informa\u00e7\u00e3o dispersa Documentos e emails em v\u00e1rios sistemas dificultam a organiza\u00e7\u00e3o e [&hellip;]<\/p>","protected":false},"author":1,"featured_media":0,"parent":868,"menu_order":0,"comment_status":"closed","ping_status":"closed","template":"","meta":{"footnotes":""},"class_list":["post-977","page","type-page","status-publish","hentry"],"_links":{"self":[{"href":"https:\/\/bit4u.co.ao\/pt\/wp-json\/wp\/v2\/pages\/977","targetHints":{"allow":["GET"]}}],"collection":[{"href":"https:\/\/bit4u.co.ao\/pt\/wp-json\/wp\/v2\/pages"}],"about":[{"href":"https:\/\/bit4u.co.ao\/pt\/wp-json\/wp\/v2\/types\/page"}],"author":[{"embeddable":true,"href":"https:\/\/bit4u.co.ao\/pt\/wp-json\/wp\/v2\/users\/1"}],"replies":[{"embeddable":true,"href":"https:\/\/bit4u.co.ao\/pt\/wp-json\/wp\/v2\/comments?post=977"}],"version-history":[{"count":11,"href":"https:\/\/bit4u.co.ao\/pt\/wp-json\/wp\/v2\/pages\/977\/revisions"}],"predecessor-version":[{"id":1789,"href":"https:\/\/bit4u.co.ao\/pt\/wp-json\/wp\/v2\/pages\/977\/revisions\/1789"}],"up":[{"embeddable":true,"href":"https:\/\/bit4u.co.ao\/pt\/wp-json\/wp\/v2\/pages\/868"}],"wp:attachment":[{"href":"https:\/\/bit4u.co.ao\/pt\/wp-json\/wp\/v2\/media?parent=977"}],"curies":[{"name":"wp","href":"https:\/\/api.w.org\/{rel}","templated":true}]}}