{"id":996,"date":"2020-09-22T02:52:23","date_gmt":"2020-09-22T02:52:23","guid":{"rendered":"http:\/\/wpdemo.archiwp.com\/maxbizz\/?page_id=996"},"modified":"2026-03-17T21:31:32","modified_gmt":"2026-03-18T00:31:32","slug":"sistemas-e-comunicacoes","status":"publish","type":"page","link":"https:\/\/bit4u.co.ao\/pt\/servicos\/sistemas-e-comunicacoes\/","title":{"rendered":"Sistemas e Comunica\u00e7\u00f5es"},"content":{"rendered":"<div data-elementor-type=\"wp-page\" data-elementor-id=\"996\" class=\"elementor elementor-996\">\n\t\t\t\t<div class=\"elementor-element elementor-element-1fe0040 e-flex e-con-boxed e-con e-parent\" data-id=\"1fe0040\" data-element_type=\"container\">\n\t\t\t\t\t<div class=\"e-con-inner\">\n\t\t\t\t<div class=\"elementor-element elementor-element-99559e3 elementor-widget elementor-widget-spacer\" data-id=\"99559e3\" data-element_type=\"widget\" data-widget_type=\"spacer.default\">\n\t\t\t\t\t\t\t<div class=\"elementor-spacer\">\n\t\t\t<div class=\"elementor-spacer-inner\"><\/div>\n\t\t<\/div>\n\t\t\t\t\t\t<\/div>\n\t\t\t\t\t<\/div>\n\t\t\t\t<\/div>\n\t\t<div class=\"elementor-element elementor-element-f2598e7 e-flex e-con-boxed e-con e-parent\" data-id=\"f2598e7\" data-element_type=\"container\">\n\t\t\t\t\t<div class=\"e-con-inner\">\n\t\t\t\t<div class=\"elementor-element elementor-element-958211c elementor-widget elementor-widget-heading\" data-id=\"958211c\" data-element_type=\"widget\" data-widget_type=\"heading.default\">\n\t\t\t\t\t<h2 class=\"elementor-heading-title elementor-size-default\">Servi\u00e7os de TI &amp; Solu\u00e7\u00f5es\nCorporativas<\/h2>\t\t\t\t<\/div>\n\t\t\t\t\t<\/div>\n\t\t\t\t<\/div>\n\t\t<div class=\"elementor-element elementor-element-8264a9c e-flex e-con-boxed e-con e-parent\" data-id=\"8264a9c\" data-element_type=\"container\">\n\t\t\t\t\t<div class=\"e-con-inner\">\n\t\t\t\t<div class=\"elementor-element elementor-element-2dcc3f0 elementor-widget elementor-widget-spacer\" data-id=\"2dcc3f0\" data-element_type=\"widget\" data-widget_type=\"spacer.default\">\n\t\t\t\t\t\t\t<div class=\"elementor-spacer\">\n\t\t\t<div class=\"elementor-spacer-inner\"><\/div>\n\t\t<\/div>\n\t\t\t\t\t\t<\/div>\n\t\t\t\t\t<\/div>\n\t\t\t\t<\/div>\n\t\t<div class=\"elementor-element elementor-element-eb4cf64 e-grid e-con-boxed e-con e-parent\" data-id=\"eb4cf64\" data-element_type=\"container\">\n\t\t\t\t\t<div class=\"e-con-inner\">\n\t\t\t\t<div class=\"elementor-element elementor-element-c698122 elementor-widget elementor-widget-image\" data-id=\"c698122\" data-element_type=\"widget\" data-widget_type=\"image.default\">\n\t\t\t\t\t\t\t\t\t\t\t\t\t\t\t<img fetchpriority=\"high\" decoding=\"async\" width=\"434\" height=\"432\" src=\"https:\/\/bit4u.co.ao\/wp-content\/uploads\/2026\/03\/Captura-de-ecra-2026-03-05-as-00.05.54.png\" class=\"attachment-large size-large wp-image-2060\" alt=\"\" srcset=\"https:\/\/bit4u.co.ao\/wp-content\/uploads\/2026\/03\/Captura-de-ecra-2026-03-05-as-00.05.54.png 434w, https:\/\/bit4u.co.ao\/wp-content\/uploads\/2026\/03\/Captura-de-ecra-2026-03-05-as-00.05.54-300x300.png 300w, https:\/\/bit4u.co.ao\/wp-content\/uploads\/2026\/03\/Captura-de-ecra-2026-03-05-as-00.05.54-150x150.png 150w, https:\/\/bit4u.co.ao\/wp-content\/uploads\/2026\/03\/Captura-de-ecra-2026-03-05-as-00.05.54-12x12.png 12w\" sizes=\"(max-width: 434px) 100vw, 434px\" \/>\t\t\t\t\t\t\t\t\t\t\t\t\t\t\t<\/div>\n\t\t\t\t<div class=\"elementor-element elementor-element-3e3b820 elementor-widget elementor-widget-image\" data-id=\"3e3b820\" data-element_type=\"widget\" data-widget_type=\"image.default\">\n\t\t\t\t\t\t\t\t\t\t\t\t\t\t\t<img decoding=\"async\" width=\"434\" height=\"432\" src=\"https:\/\/bit4u.co.ao\/wp-content\/uploads\/2026\/03\/Captura-de-ecra-2026-03-05-as-00.05.25.png\" class=\"attachment-large size-large wp-image-2059\" alt=\"\" srcset=\"https:\/\/bit4u.co.ao\/wp-content\/uploads\/2026\/03\/Captura-de-ecra-2026-03-05-as-00.05.25.png 434w, https:\/\/bit4u.co.ao\/wp-content\/uploads\/2026\/03\/Captura-de-ecra-2026-03-05-as-00.05.25-300x300.png 300w, https:\/\/bit4u.co.ao\/wp-content\/uploads\/2026\/03\/Captura-de-ecra-2026-03-05-as-00.05.25-150x150.png 150w, https:\/\/bit4u.co.ao\/wp-content\/uploads\/2026\/03\/Captura-de-ecra-2026-03-05-as-00.05.25-12x12.png 12w\" sizes=\"(max-width: 434px) 100vw, 434px\" \/>\t\t\t\t\t\t\t\t\t\t\t\t\t\t\t<\/div>\n\t\t\t\t<div class=\"elementor-element elementor-element-263e5bb elementor-widget elementor-widget-image\" data-id=\"263e5bb\" data-element_type=\"widget\" data-widget_type=\"image.default\">\n\t\t\t\t\t\t\t\t\t\t\t\t\t\t\t<img decoding=\"async\" width=\"434\" height=\"432\" src=\"https:\/\/bit4u.co.ao\/wp-content\/uploads\/2026\/03\/Captura-de-ecra-2026-03-05-as-00.05.17.png\" class=\"attachment-large size-large wp-image-2058\" alt=\"\" srcset=\"https:\/\/bit4u.co.ao\/wp-content\/uploads\/2026\/03\/Captura-de-ecra-2026-03-05-as-00.05.17.png 434w, https:\/\/bit4u.co.ao\/wp-content\/uploads\/2026\/03\/Captura-de-ecra-2026-03-05-as-00.05.17-300x300.png 300w, https:\/\/bit4u.co.ao\/wp-content\/uploads\/2026\/03\/Captura-de-ecra-2026-03-05-as-00.05.17-150x150.png 150w, https:\/\/bit4u.co.ao\/wp-content\/uploads\/2026\/03\/Captura-de-ecra-2026-03-05-as-00.05.17-12x12.png 12w\" sizes=\"(max-width: 434px) 100vw, 434px\" \/>\t\t\t\t\t\t\t\t\t\t\t\t\t\t\t<\/div>\n\t\t\t\t\t<\/div>\n\t\t\t\t<\/div>\n\t\t<div class=\"elementor-element elementor-element-a3e9acd e-flex e-con-boxed e-con e-parent\" data-id=\"a3e9acd\" data-element_type=\"container\">\n\t\t\t\t\t<div class=\"e-con-inner\">\n\t\t\t\t\t<\/div>\n\t\t\t\t<\/div>\n\t\t<div class=\"elementor-element elementor-element-89b3780 e-flex e-con-boxed e-con e-parent\" data-id=\"89b3780\" data-element_type=\"container\">\n\t\t\t\t\t<div class=\"e-con-inner\">\n\t\t<div class=\"elementor-element elementor-element-d4c9eeb e-con-full e-flex e-con e-child\" data-id=\"d4c9eeb\" data-element_type=\"container\">\n\t\t\t\t<div class=\"elementor-element elementor-element-8a7dd74 elementor-widget elementor-widget-image\" data-id=\"8a7dd74\" data-element_type=\"widget\" data-widget_type=\"image.default\">\n\t\t\t\t\t\t\t\t\t\t\t\t\t\t\t<img loading=\"lazy\" decoding=\"async\" width=\"626\" height=\"417\" src=\"https:\/\/bit4u.co.ao\/wp-content\/uploads\/2026\/03\/tecnico-informatico-afro-americano-a-trabalhar-num-centro-de-dados_236854-68807.avif\" class=\"attachment-large size-large wp-image-2062\" alt=\"\" srcset=\"https:\/\/bit4u.co.ao\/wp-content\/uploads\/2026\/03\/tecnico-informatico-afro-americano-a-trabalhar-num-centro-de-dados_236854-68807.avif 626w, https:\/\/bit4u.co.ao\/wp-content\/uploads\/2026\/03\/tecnico-informatico-afro-americano-a-trabalhar-num-centro-de-dados_236854-68807-300x200.avif 300w, https:\/\/bit4u.co.ao\/wp-content\/uploads\/2026\/03\/tecnico-informatico-afro-americano-a-trabalhar-num-centro-de-dados_236854-68807-18x12.avif 18w, https:\/\/bit4u.co.ao\/wp-content\/uploads\/2026\/03\/tecnico-informatico-afro-americano-a-trabalhar-num-centro-de-dados_236854-68807-600x400.avif 600w\" sizes=\"(max-width: 626px) 100vw, 626px\" \/>\t\t\t\t\t\t\t\t\t\t\t\t\t\t\t<\/div>\n\t\t\t\t<\/div>\n\t\t<div class=\"elementor-element elementor-element-3430a06 e-con-full e-flex e-con e-child\" data-id=\"3430a06\" data-element_type=\"container\">\n\t\t\t\t<div class=\"elementor-element elementor-element-49626bd elementor-widget elementor-widget-heading\" data-id=\"49626bd\" data-element_type=\"widget\" data-widget_type=\"heading.default\">\n\t\t\t\t\t<h2 class=\"elementor-heading-title elementor-size-default\"><p class=\"p1\" style=\"margin-bottom: 0px;font-weight: 400;font-size: 36px;line-height: normal;font-family: Helvetica\">ASSIST\u00caNCIA<\/p><span style=\"font-family: Helvetica;font-size: 36px;font-weight: 400\">TECNICA<\/span><\/h2>\t\t\t\t<\/div>\n\t\t\t\t<div class=\"elementor-element elementor-element-d0d3028 elementor-widget elementor-widget-text-editor\" data-id=\"d0d3028\" data-element_type=\"widget\" data-widget_type=\"text-editor.default\">\n\t\t\t\t\t\t\t\t\t<p class=\"p1\">Cuidaremos de evitar e resolver qualquer problema inform\u00e1tico, integrando-nos na sua empresa, como se fosse o departamento de TI. Voc\u00ea poder\u00e1 focartotalmente no neg\u00f3cio, deixando de lado as quest\u00f5es t\u00e9cnicas.<\/p><p class=\"p1\">Al\u00e9m disso, beneficiar\u00e1 o desempenho de seus funcion\u00e1rios e a efic\u00e1cia geral do neg\u00f3cio.<\/p><p class=\"p1\">&#8211; REPARA\u00c7\u00c3O DE COMPUTADORES E IMPRESSORAS<br \/>&#8211; BACKUPS DE SISTEMAS E RESTAURO<br \/>&#8211; ERROS DE SISTEMAS E ANALISE DE DESEMPENHO<br \/>&#8211; REDES DE COMPUTADORES<\/p>\t\t\t\t\t\t\t\t<\/div>\n\t\t\t\t<\/div>\n\t\t<div class=\"elementor-element elementor-element-a66cd4b e-con-full e-flex e-con e-child\" data-id=\"a66cd4b\" data-element_type=\"container\">\n\t\t\t\t<div class=\"elementor-element elementor-element-28c74c4 elementor-widget elementor-widget-image\" data-id=\"28c74c4\" data-element_type=\"widget\" data-widget_type=\"image.default\">\n\t\t\t\t\t\t\t\t\t\t\t\t\t\t\t<img loading=\"lazy\" decoding=\"async\" width=\"1024\" height=\"209\" src=\"https:\/\/bit4u.co.ao\/wp-content\/uploads\/2026\/03\/Captura-de-ecra-2026-03-05-as-00.52.56-1024x209.png\" class=\"attachment-large size-large wp-image-2061\" alt=\"\" srcset=\"https:\/\/bit4u.co.ao\/wp-content\/uploads\/2026\/03\/Captura-de-ecra-2026-03-05-as-00.52.56-1024x209.png 1024w, https:\/\/bit4u.co.ao\/wp-content\/uploads\/2026\/03\/Captura-de-ecra-2026-03-05-as-00.52.56-300x61.png 300w, https:\/\/bit4u.co.ao\/wp-content\/uploads\/2026\/03\/Captura-de-ecra-2026-03-05-as-00.52.56-768x157.png 768w, https:\/\/bit4u.co.ao\/wp-content\/uploads\/2026\/03\/Captura-de-ecra-2026-03-05-as-00.52.56-1536x313.png 1536w, https:\/\/bit4u.co.ao\/wp-content\/uploads\/2026\/03\/Captura-de-ecra-2026-03-05-as-00.52.56-18x4.png 18w, https:\/\/bit4u.co.ao\/wp-content\/uploads\/2026\/03\/Captura-de-ecra-2026-03-05-as-00.52.56.png 1902w\" sizes=\"(max-width: 1024px) 100vw, 1024px\" \/>\t\t\t\t\t\t\t\t\t\t\t\t\t\t\t<\/div>\n\t\t\t\t<\/div>\n\t\t\t\t\t<\/div>\n\t\t\t\t<\/div>\n\t\t<div class=\"elementor-element elementor-element-65a227c e-flex e-con-boxed e-con e-parent\" data-id=\"65a227c\" data-element_type=\"container\">\n\t\t\t\t\t<div class=\"e-con-inner\">\n\t\t\t\t\t<\/div>\n\t\t\t\t<\/div>\n\t\t\t\t<section class=\"elementor-section elementor-top-section elementor-element elementor-element-8ead5a5 elementor-section-boxed elementor-section-height-default elementor-section-height-default\" data-id=\"8ead5a5\" data-element_type=\"section\">\n\t\t\t\t\t\t<div class=\"elementor-container elementor-column-gap-default\">\n\t\t\t\t\t<div class=\"elementor-column elementor-col-100 elementor-top-column elementor-element elementor-element-c09431c ot-flex-column-vertical\" data-id=\"c09431c\" data-element_type=\"column\">\n\t\t\t<div class=\"elementor-widget-wrap elementor-element-populated\">\n\t\t\t\t\t\t<section class=\"elementor-section elementor-inner-section elementor-element elementor-element-d420dea elementor-section-boxed elementor-section-height-default elementor-section-height-default\" data-id=\"d420dea\" data-element_type=\"section\" data-settings=\"{&quot;background_background&quot;:&quot;classic&quot;}\">\n\t\t\t\t\t\t<div class=\"elementor-container elementor-column-gap-default\">\n\t\t\t\t\t<div class=\"elementor-column elementor-col-100 elementor-inner-column elementor-element elementor-element-ab89b5a ot-flex-column-vertical\" data-id=\"ab89b5a\" data-element_type=\"column\">\n\t\t\t<div class=\"elementor-widget-wrap elementor-element-populated\">\n\t\t\t\t\t\t<div class=\"elementor-element elementor-element-8c96bde section-baner elementor-widget elementor-widget-text-editor\" data-id=\"8c96bde\" data-element_type=\"widget\" data-widget_type=\"text-editor.default\">\n\t\t\t\t\t\t\t\t\t<h3>Licen\u00e7as Microsoft\u00a0\u00a0<\/h3><p class=\"p1\">SOLU\u00c7\u00d5ES VEEAM BACKUPS | VIRTUALIZA\u00c7\u00c3O | WEBSITES | MIGRA\u00c7\u00c3O E GERENCIAMENTO DO MICROSOFT WINDOWS SERVER | TELEFONIA VOIP | SOLU\u00c7\u00d5ES CLOUD | SOLU\u00c7\u00d5ES VPN<\/p>\t\t\t\t\t\t\t\t<\/div>\n\t\t\t\t\t<\/div>\n\t\t<\/div>\n\t\t\t\t\t<\/div>\n\t\t<\/section>\n\t\t\t\t<section class=\"elementor-section elementor-inner-section elementor-element elementor-element-96015f0 elementor-section-content-middle elementor-section-boxed elementor-section-height-default elementor-section-height-default\" data-id=\"96015f0\" data-element_type=\"section\" data-settings=\"{&quot;background_background&quot;:&quot;classic&quot;}\">\n\t\t\t\t\t\t<div class=\"elementor-container elementor-column-gap-extended\">\n\t\t\t\t\t<div class=\"elementor-column elementor-col-50 elementor-inner-column elementor-element elementor-element-a8c48df ot-flex-column-vertical\" data-id=\"a8c48df\" data-element_type=\"column\">\n\t\t\t<div class=\"elementor-widget-wrap elementor-element-populated\">\n\t\t\t\t\t\t<div class=\"elementor-element elementor-element-660504e elementor-widget__width-initial elementor-widget elementor-widget-heading\" data-id=\"660504e\" data-element_type=\"widget\" data-widget_type=\"heading.default\">\n\t\t\t\t\t<h4 class=\"elementor-heading-title elementor-size-default\">Quer um or\u00e7amento de TI?<\/h4>\t\t\t\t<\/div>\n\t\t\t\t\t<\/div>\n\t\t<\/div>\n\t\t\t\t<div class=\"elementor-column elementor-col-50 elementor-inner-column elementor-element elementor-element-c44209f ot-flex-column-vertical\" data-id=\"c44209f\" data-element_type=\"column\">\n\t\t\t<div class=\"elementor-widget-wrap elementor-element-populated\">\n\t\t\t\t\t\t<div class=\"elementor-element elementor-element-31b9f34 elementor-widget elementor-widget-ictf7\" data-id=\"31b9f34\" data-element_type=\"widget\" data-widget_type=\"ictf7.default\">\n\t\t\t\t<div class=\"elementor-widget-container\">\n\t\t\t\t\t<div class=\"elementor-shortcode maxbizz-cf7-0\">\n<div class=\"wpcf7 no-js\" id=\"wpcf7-f2049-o1\" lang=\"pt-BR\" dir=\"ltr\" data-wpcf7-id=\"2049\">\n<div class=\"screen-reader-response\"><p role=\"status\" aria-live=\"polite\" aria-atomic=\"true\"><\/p> <ul><\/ul><\/div>\n<form action=\"\/pt\/wp-json\/wp\/v2\/pages\/996#wpcf7-f2049-o1\" method=\"post\" class=\"wpcf7-form init\" aria-label=\"Formul\u00e1rios de contato\" novalidate=\"novalidate\" data-status=\"init\" data-trp-original-action=\"\/pt\/wp-json\/wp\/v2\/pages\/996#wpcf7-f2049-o1\">\n<fieldset class=\"hidden-fields-container\"><input type=\"hidden\" name=\"_wpcf7\" value=\"2049\" \/><input type=\"hidden\" name=\"_wpcf7_version\" value=\"6.1.5\" \/><input type=\"hidden\" name=\"_wpcf7_locale\" value=\"pt_BR\" \/><input type=\"hidden\" name=\"_wpcf7_unit_tag\" value=\"wpcf7-f2049-o1\" \/><input type=\"hidden\" name=\"_wpcf7_container_post\" value=\"0\" \/><input type=\"hidden\" name=\"_wpcf7_posted_data_hash\" value=\"\" \/>\n<\/fieldset>\n<h3>Formul\u00e1rio de Contato\n<\/h3>\n<div class=\"contact-form\">\n\t<p><br \/>\n<label for=\"cf-name\">Nome<\/label><br \/>\n<span class=\"wpcf7-form-control-wrap\" data-name=\"cf-name\"><input size=\"40\" maxlength=\"400\" class=\"wpcf7-form-control wpcf7-text wpcf7-validates-as-required\" id=\"cf-name\" aria-required=\"true\" aria-invalid=\"false\" placeholder=\"Seu nome completo\" value=\"\" type=\"text\" name=\"cf-name\" \/><\/span>\n\t<\/p>\n\t<p><br \/>\n<label for=\"cf-email\">E-mail<\/label><br \/>\n<span class=\"wpcf7-form-control-wrap\" data-name=\"cf-email\"><input size=\"40\" maxlength=\"400\" class=\"wpcf7-form-control wpcf7-email wpcf7-validates-as-required wpcf7-text wpcf7-validates-as-email\" id=\"cf-email\" aria-required=\"true\" aria-invalid=\"false\" placeholder=\"seuemail@exemplo.com\" value=\"\" type=\"email\" name=\"cf-email\" \/><\/span>\n\t<\/p>\n\t<p><br \/>\n<label for=\"cf-telefone\">Telefone \/ Contacto<\/label><br \/>\n<span class=\"wpcf7-form-control-wrap\" data-name=\"cf-telefone\"><input size=\"40\" maxlength=\"400\" class=\"wpcf7-form-control wpcf7-text\" id=\"cf-telefone\" aria-invalid=\"false\" placeholder=\"Opcional\" value=\"\" type=\"text\" name=\"cf-telefone\" \/><\/span>\n\t<\/p>\n\t<p><br \/>\n<input class=\"wpcf7-form-control wpcf7-submit has-spinner\" type=\"submit\" value=\"Enviar\" \/>\n\t<\/p>\n<\/div><p style=\"display: none !important;\" class=\"akismet-fields-container\" data-prefix=\"_wpcf7_ak_\"><label>&#916;<textarea name=\"_wpcf7_ak_hp_textarea\" cols=\"45\" rows=\"8\" maxlength=\"100\"><\/textarea><\/label><input type=\"hidden\" id=\"ak_js_1\" name=\"_wpcf7_ak_js\" value=\"194\"\/><script>document.getElementById( \"ak_js_1\" ).setAttribute( \"value\", ( new Date() ).getTime() );<\/script><\/p><div class=\"wpcf7-response-output\" aria-hidden=\"true\"><\/div>\n<input type=\"hidden\" name=\"trp-form-language\" value=\"pt\"\/><\/form>\n<\/div>\n<\/div>\t\t\t\t<\/div>\n\t\t\t\t<\/div>\n\t\t\t\t\t<\/div>\n\t\t<\/div>\n\t\t\t\t\t<\/div>\n\t\t<\/section>\n\t\t\t\t\t<\/div>\n\t\t<\/div>\n\t\t\t\t\t<\/div>\n\t\t<\/section>\n\t\t\t\t<\/div>","protected":false},"excerpt":{"rendered":"<p>Servi\u00e7os de TI &amp; Solu\u00e7\u00f5es Corporativas ASSIST\u00caNCIA TECNICA Cuidaremos de evitar e resolver qualquer problema inform\u00e1tico, integrando-nos na sua empresa, como se fosse o departamento de TI. Voc\u00ea poder\u00e1 focartotalmente no neg\u00f3cio, deixando de lado as quest\u00f5es t\u00e9cnicas. Al\u00e9m disso, beneficiar\u00e1 o desempenho de seus funcion\u00e1rios e a efic\u00e1cia geral do neg\u00f3cio. &#8211; REPARA\u00c7\u00c3O DE [&hellip;]<\/p>","protected":false},"author":1,"featured_media":0,"parent":868,"menu_order":0,"comment_status":"closed","ping_status":"closed","template":"","meta":{"footnotes":""},"class_list":["post-996","page","type-page","status-publish","hentry"],"_links":{"self":[{"href":"https:\/\/bit4u.co.ao\/pt\/wp-json\/wp\/v2\/pages\/996","targetHints":{"allow":["GET"]}}],"collection":[{"href":"https:\/\/bit4u.co.ao\/pt\/wp-json\/wp\/v2\/pages"}],"about":[{"href":"https:\/\/bit4u.co.ao\/pt\/wp-json\/wp\/v2\/types\/page"}],"author":[{"embeddable":true,"href":"https:\/\/bit4u.co.ao\/pt\/wp-json\/wp\/v2\/users\/1"}],"replies":[{"embeddable":true,"href":"https:\/\/bit4u.co.ao\/pt\/wp-json\/wp\/v2\/comments?post=996"}],"version-history":[{"count":13,"href":"https:\/\/bit4u.co.ao\/pt\/wp-json\/wp\/v2\/pages\/996\/revisions"}],"predecessor-version":[{"id":2278,"href":"https:\/\/bit4u.co.ao\/pt\/wp-json\/wp\/v2\/pages\/996\/revisions\/2278"}],"up":[{"embeddable":true,"href":"https:\/\/bit4u.co.ao\/pt\/wp-json\/wp\/v2\/pages\/868"}],"wp:attachment":[{"href":"https:\/\/bit4u.co.ao\/pt\/wp-json\/wp\/v2\/media?parent=996"}],"curies":[{"name":"wp","href":"https:\/\/api.w.org\/{rel}","templated":true}]}}